{"id":144,"date":"2021-04-24T20:05:07","date_gmt":"2021-04-24T20:05:07","guid":{"rendered":"https:\/\/CrocToys.com\/?page_id=144"},"modified":"2025-12-19T11:46:45","modified_gmt":"2025-12-19T10:46:45","slug":"cgv","status":"publish","type":"page","link":"https:\/\/croctoys.com\/en\/cgv\/","title":{"rendered":"Conditions G\u00e9n\u00e9rales de Vente"},"content":{"rendered":"<h2 class=\"wp-block-heading\">Entreprise<\/h2>\n\n\n\n<p><\/p>\n\n\n\n<p>Les jouets Croctoys sont fabriqu\u00e9s et vendus par :<\/p>\n\n\n\n<p>SARL Maxprod 1, Les Prairies 26750 Geyssans, France.<br>SIRET : 902 737 311 00016<br>Immatriculation RCS :902 737 311 RCS ROMANS<br>identifiant fili\u00e8re REP :<\/p>\n\n\n\n<ul class=\"wp-block-list\">\n<li>Jouets : FR292815_12KWWH<\/li>\n\n\n\n<li>Emballages m\u00e9nagers : FR292815_01DGXN<\/li>\n<\/ul>\n\n\n\n<p>Croctoys est une marque d\u00e9pos\u00e9e.<\/p>\n\n\n\n<h2 class=\"wp-block-heading\">Clause n\u00b0 1 : Objet et champ d&rsquo;application<\/h2>\n\n\n\n<p>Les pr\u00e9sentes conditions g\u00e9n\u00e9rales de vente (CGV) constituent le socle de la n\u00e9gociation commerciale et sont syst\u00e9matiquement adress\u00e9es ou remises \u00e0 chaque acheteur pour lui permettre de passer commande.<\/p>\n\n\n\n<p>Les&nbsp;conditions g\u00e9n\u00e9rales de<a href=\"https:\/\/www.entreprises.cci-paris-idf.fr\/web\/reglementation\/developpement-entreprise\/droit-affaires\/conditions-generales-vente-entre-professionnels\" data-type=\"URL\" data-id=\"https:\/\/www.entreprises.cci-paris-idf.fr\/web\/reglementation\/developpement-entreprise\/droit-affaires\/conditions-generales-vente-entre-professionnels\"> <\/a>vente&nbsp;d\u00e9crites ci-apr\u00e8s d\u00e9taillent les droits et obligations de la SARL MaxProd et de son client dans le cadre de la vente des marchandises propos\u00e9es via le site Croctoys.com<\/p>\n\n\n\n<p>Toute prestation ou produits d\u00e9livr\u00e9 par MaxProd implique donc l&rsquo;adh\u00e9sion sans r\u00e9serve de l&rsquo;acheteur aux pr\u00e9sentes conditions g\u00e9n\u00e9rales de vente.<\/p>\n\n\n\n<p>Le fait que le vendeur ne se pr\u00e9vale pas \u00e0 un moment donn\u00e9 de l&rsquo;une quelconque des pr\u00e9sentes conditions g\u00e9n\u00e9rales de vente ne peut \u00eatre interpr\u00e9t\u00e9 comme valant renonciation \u00e0 se pr\u00e9valoir ult\u00e9rieurement de l&rsquo;une quelconque desdites conditions.<\/p>\n\n\n\n<h2 class=\"wp-block-heading\">Clause n\u00b0 2 : Prix<\/h2>\n\n\n\n<p>Les prix des marchandises vendues sont ceux en vigueur au jour de la prise de commande. Ils sont libell\u00e9s en euros.<\/p>\n\n\n\n<p>La soci\u00e9t\u00e9 MaxProd s&rsquo;accorde le droit de modifier ses tarifs \u00e0 tout moment. Toutefois, elle s&rsquo;engage \u00e0 facturer les marchandises command\u00e9es aux prix indiqu\u00e9s lors de l&rsquo;enregistrement de la commande.<\/p>\n\n\n\n<h2 class=\"wp-block-heading\">Clause n\u00b0 3 : Rabais et ristournes<\/h2>\n\n\n\n<p>Les tarifs propos\u00e9s comprennent les rabais et ristournes que la soci\u00e9t\u00e9 MaxProd serait amen\u00e9e \u00e0 octroyer compte tenu de ses r\u00e9sultats, de sa strat\u00e9gie, ou de la prise en charge par l&rsquo;acheteur de certaines prestations.<\/p>\n\n\n\n<h2 class=\"wp-block-heading\">Clause n\u00b0 4 : Modalit\u00e9s de paiement<\/h2>\n\n\n\n<p>Le r\u00e8glement des commandes s&rsquo;effectue :<\/p>\n\n\n\n<ul class=\"wp-block-list\">\n<li>Par carte bancaire via le syst\u00e8me int\u00e9gr\u00e9 Stripes.<\/li>\n<\/ul>\n\n\n\n<p>Les r\u00e8glements seront effectu\u00e9s en int\u00e9gralit\u00e9 \u00e0 la commande.<\/p>\n\n\n\n<h2 class=\"wp-block-heading\">Clause n\u00b0 5 : Livraison<\/h2>\n\n\n\n<p>La livraison est effectu\u00e9e :<\/p>\n\n\n\n<ul class=\"wp-block-list\">\n<li>soit par la remise directe de la marchandise \u00e0 l&rsquo;acheteur.<\/li>\n\n\n\n<li>soit par l&rsquo;utilisation d&rsquo;un des prestataires de transport propos\u00e9s sur le site internet.<\/li>\n<\/ul>\n\n\n\n<p>Le d\u00e9lai de livraison est lors de l&rsquo;enregistrement de la commande.<\/p>\n\n\n\n<p>Tout retard raisonnable dans la livraison des produits ne pourra pas donner lieu au profit de l&rsquo;acheteur \u00e0 :<\/p>\n\n\n\n<ul class=\"wp-block-list\">\n<li>l&rsquo;allocation de dommages et int\u00e9r\u00eats ;<\/li>\n\n\n\n<li>l&rsquo;annulation de la commande.<\/li>\n<\/ul>\n\n\n\n<p>Le risque du transport est support\u00e9 en totalit\u00e9 par le vendeur.<\/p>\n\n\n\n<p>En cas de marchandises manquantes ou d\u00e9t\u00e9rior\u00e9es lors du transport, l&rsquo;acheteur devra formuler toutes les r\u00e9serves n\u00e9cessaires sur le bon de commande \u00e0 r\u00e9ception desdites marchandises. Ces r\u00e9serves devront \u00eatre, en outre, confirm\u00e9es par \u00e9crit dans les cinq jours suivant la livraison, par email \u00e0 l&rsquo;adresse : contact@maxprod.fr .<\/p>\n\n\n\n<h2 class=\"wp-block-heading\">Clause n\u00b0 6 : Force majeure<\/h2>\n\n\n\n<p>La responsabilit\u00e9 de la soci\u00e9t\u00e9 MaxProd ne pourra pas \u00eatre mise en \u0153uvre si la non-ex\u00e9cution ou le retard dans l&rsquo;ex\u00e9cution de l&rsquo;une de ses obligations d\u00e9crites dans les pr\u00e9sentes conditions g\u00e9n\u00e9rales de vente d\u00e9coule d&rsquo;un cas de force majeure. \u00c0 ce titre, la force majeure s&rsquo;entend de tout \u00e9v\u00e9nement ext\u00e9rieur, impr\u00e9visible et irr\u00e9sistible au sens de l&rsquo;article 1148 du Code civil.<\/p>\n\n\n\n<h2 class=\"wp-block-heading\">Clause n\u00b0 7 : Retours et remboursements<\/h2>\n\n\n\n<h3 class=\"wp-block-heading\">Retours<\/h3>\n\n\n\n<ul class=\"wp-block-list\">\n<li>Les retours contre \u00e9changes ou remboursement sont accept\u00e9s sans justification pendant 14 jours apr\u00e8s r\u00e9ception de la commande.\n<ul class=\"wp-block-list\">\n<li>Les frais d&rsquo;exp\u00e9ditions pour le retour seront \u00e0 votre charge et ne seront pas rembours\u00e9s.<\/li>\n\n\n\n<li>Pour \u00eatre retourn\u00e9 le produit doit \u00eatre intact, inutilis\u00e9 et retourn\u00e9 dans son emballage d&rsquo;origine.<\/li>\n\n\n\n<li>Les retours doivent en outre \u00eatre accompagn\u00e9 du bon de retour fournis par nos soin sur demande \u00e0 l&rsquo;adresse suivante : contact@maxprod.fr<\/li>\n\n\n\n<li>L&rsquo;adresse d&rsquo;exp\u00e9dition des retours est indiqu\u00e9e sur le bon de retour.<\/li>\n<\/ul>\n<\/li>\n<\/ul>\n\n\n\n<h3 class=\"wp-block-heading\">Remboursements<\/h3>\n\n\n\n<p>Une fois votre produit re\u00e7u et inspect\u00e9 nous vous enverront un email de confirmation indiquant la d\u00e9cision finale de remboursement.<\/p>\n\n\n\n<p>Les fonds seront ensuite retourn\u00e9 directement sur votre carte de paiement ou via la m\u00e9thode de paiement utilis\u00e9e pour votre achat.<\/p>\n\n\n\n<h2 class=\"wp-block-heading\">Clause n\u00b0 8 : Litiges<\/h2>\n\n\n\n<p><strong>LITIGE \u2013 MEDIATION DE LA CONSOMMATION<\/strong><\/p>\n\n\n\n<p><em>En cas de litige entre le Client et l\u2019entreprise, ceux-ci s\u2019efforceront de le r\u00e9soudre \u00e0 l\u2019amiable (le Client adressera une r\u00e9clamation \u00e9crite aupr\u00e8s du professionnel ou, le cas \u00e9ch\u00e9ant, aupr\u00e8s du Service Relations Client\u00e8le du professionnel).<br>A d\u00e9faut d\u2019accord amiable ou en l\u2019absence de r\u00e9ponse du professionnel dans un d\u00e9lai raisonnable d\u2019un (1) mois, le Client consommateur au sens de l\u2019article L.133-4 du code de la consommation&nbsp;a la possibilit\u00e9 de saisir gratuitement, si un d\u00e9saccord subsiste, le m\u00e9diateur comp\u00e9tent inscrit sur la liste des m\u00e9diateurs \u00e9tablie par la Commission d\u2019\u00e9valuation et de contr\u00f4le de la m\u00e9diation de la consommation en application de l\u2019article L.615-1 du code de la consommation, \u00e0 savoir :<br>La Soci\u00e9t\u00e9 M\u00e9diation Professionnelle<br><a rel=\"noreferrer noopener\" href=\"http:\/\/www.mediateur-consommation-smp.fr\/\" target=\"_blank\">www.mediateur-consommation-smp.fr<\/a><br>24 rue Albert de Mun &#8211; 33000 Bordeaux<\/em><\/p>\n\n\n\n<p><strong>Tribunal comp\u00e9tent<\/strong><\/p>\n\n\n\n<p>Tout litige relatif \u00e0 l&rsquo;interpr\u00e9tation et \u00e0 l&rsquo;ex\u00e9cution des pr\u00e9sentes conditions g\u00e9n\u00e9rales de vente est soumis au droit fran\u00e7ais.<\/p>\n\n\n\n<p>\u00c0 d\u00e9faut de r\u00e9solution amiable, le litige sera port\u00e9 devant le Tribunal d&rsquo;instance du lieu de livraison.<\/p>\n\n\n\n<h2 class=\"wp-block-heading\">Clause n\u00b0 9 : Protections des donn\u00e9es personnelles<\/h2>\n\n\n\n<p>La politique de gestion des donn\u00e9es personnelles est disponible sur la page suivante : <\/p>\n\n\n\n<p><a href=\"https:\/\/croctoys.com\/en\/?page_id=1007\" target=\"_blank\" rel=\"noreferrer noopener\">https:\/\/croctoys.com\/?page_id=1007<\/a><\/p>","protected":false},"excerpt":{"rendered":"<p>Entreprise Les jouets Croctoys sont fabriqu\u00e9s et vendus par : SARL Maxprod 1, Les Prairies 26750 Geyssans, France.SIRET : 902 737 311 00016Immatriculation RCS :902 737 311 RCS ROMANSidentifiant fili\u00e8re REP : Croctoys est une marque d\u00e9pos\u00e9e. Clause n\u00b0 1 : Objet et champ d&rsquo;application Les pr\u00e9sentes conditions g\u00e9n\u00e9rales de vente (CGV) constituent le socle [&hellip;]<\/p>\n","protected":false},"author":1,"featured_media":0,"parent":0,"menu_order":0,"comment_status":"closed","ping_status":"closed","template":"","meta":{"footnotes":""},"class_list":["post-144","page","type-page","status-publish","hentry"],"yoast_head":"<!-- This site is optimized with the Yoast SEO plugin v27.4 - https:\/\/yoast.com\/product\/yoast-seo-wordpress\/ -->\n<title>Conditions G\u00e9n\u00e9rales de Vente - activit\u00e9 d&#039;\u00e9veil - bricolage \\ fabrication artisanale et fran\u00e7aise<\/title>\n<meta name=\"robots\" content=\"index, follow, max-snippet:-1, max-image-preview:large, max-video-preview:-1\" \/>\n<link rel=\"canonical\" href=\"https:\/\/croctoys.com\/en\/cgv\/\" \/>\n<meta property=\"og:locale\" content=\"en_GB\" \/>\n<meta property=\"og:type\" content=\"article\" \/>\n<meta property=\"og:title\" content=\"Conditions G\u00e9n\u00e9rales de Vente - activit\u00e9 d&#039;\u00e9veil - bricolage \\ fabrication artisanale et fran\u00e7aise\" \/>\n<meta property=\"og:description\" content=\"Entreprise Les jouets Croctoys sont fabriqu\u00e9s et vendus par : SARL Maxprod 1, Les Prairies 26750 Geyssans, France.SIRET : 902 737 311 00016Immatriculation RCS :902 737 311 RCS ROMANSidentifiant fili\u00e8re REP : Croctoys est une marque d\u00e9pos\u00e9e. Clause n\u00b0 1 : Objet et champ d&rsquo;application Les pr\u00e9sentes conditions g\u00e9n\u00e9rales de vente (CGV) constituent le socle [&hellip;]\" \/>\n<meta property=\"og:url\" content=\"https:\/\/croctoys.com\/en\/cgv\/\" \/>\n<meta property=\"og:site_name\" content=\"activit\u00e9 d&#039;\u00e9veil - bricolage \\ fabrication artisanale et fran\u00e7aise\" \/>\n<meta property=\"article:publisher\" content=\"https:\/\/www.facebook.com\/profile.php?id=100054730270822\" \/>\n<meta property=\"article:modified_time\" content=\"2025-12-19T10:46:45+00:00\" \/>\n<meta name=\"twitter:card\" content=\"summary_large_image\" \/>\n<meta name=\"twitter:label1\" content=\"Estimated reading time\" \/>\n\t<meta name=\"twitter:data1\" content=\"5 minutes\" \/>\n<script type=\"application\/ld+json\" class=\"yoast-schema-graph\">{\"@context\":\"https:\\\/\\\/schema.org\",\"@graph\":[{\"@type\":\"WebPage\",\"@id\":\"https:\\\/\\\/croctoys.com\\\/cgv\\\/\",\"url\":\"https:\\\/\\\/croctoys.com\\\/cgv\\\/\",\"name\":\"Conditions G\u00e9n\u00e9rales de Vente - activit\u00e9 d&#039;\u00e9veil - bricolage \\\\ fabrication artisanale et fran\u00e7aise\",\"isPartOf\":{\"@id\":\"https:\\\/\\\/croctoys.com\\\/#website\"},\"datePublished\":\"2021-04-24T20:05:07+00:00\",\"dateModified\":\"2025-12-19T10:46:45+00:00\",\"breadcrumb\":{\"@id\":\"https:\\\/\\\/croctoys.com\\\/cgv\\\/#breadcrumb\"},\"inLanguage\":\"en-GB\",\"potentialAction\":[{\"@type\":\"ReadAction\",\"target\":[\"https:\\\/\\\/croctoys.com\\\/cgv\\\/\"]}]},{\"@type\":\"BreadcrumbList\",\"@id\":\"https:\\\/\\\/croctoys.com\\\/cgv\\\/#breadcrumb\",\"itemListElement\":[{\"@type\":\"ListItem\",\"position\":1,\"name\":\"Accueil\",\"item\":\"https:\\\/\\\/croctoys.com\\\/\"},{\"@type\":\"ListItem\",\"position\":2,\"name\":\"Conditions G\u00e9n\u00e9rales de Vente\"}]},{\"@type\":\"WebSite\",\"@id\":\"https:\\\/\\\/croctoys.com\\\/#website\",\"url\":\"https:\\\/\\\/croctoys.com\\\/\",\"name\":\"activit\u00e9 d'eveil - bricolage fabrication artisanale et fran\u00e7aise\",\"description\":\"Jouets en bois \u00e0 assembler\",\"publisher\":{\"@id\":\"https:\\\/\\\/croctoys.com\\\/#organization\"},\"potentialAction\":[{\"@type\":\"SearchAction\",\"target\":{\"@type\":\"EntryPoint\",\"urlTemplate\":\"https:\\\/\\\/croctoys.com\\\/?s={search_term_string}\"},\"query-input\":{\"@type\":\"PropertyValueSpecification\",\"valueRequired\":true,\"valueName\":\"search_term_string\"}}],\"inLanguage\":\"en-GB\"},{\"@type\":\"Organization\",\"@id\":\"https:\\\/\\\/croctoys.com\\\/#organization\",\"name\":\"Croc toys\",\"url\":\"https:\\\/\\\/croctoys.com\\\/\",\"logo\":{\"@type\":\"ImageObject\",\"inLanguage\":\"en-GB\",\"@id\":\"https:\\\/\\\/croctoys.com\\\/#\\\/schema\\\/logo\\\/image\\\/\",\"url\":\"https:\\\/\\\/croctoys.com\\\/wp-content\\\/uploads\\\/2023\\\/09\\\/logo@4x-fond-blanc.png\",\"contentUrl\":\"https:\\\/\\\/croctoys.com\\\/wp-content\\\/uploads\\\/2023\\\/09\\\/logo@4x-fond-blanc.png\",\"width\":1185,\"height\":1185,\"caption\":\"Croc toys\"},\"image\":{\"@id\":\"https:\\\/\\\/croctoys.com\\\/#\\\/schema\\\/logo\\\/image\\\/\"},\"sameAs\":[\"https:\\\/\\\/www.facebook.com\\\/profile.php?id=100054730270822\",\"https:\\\/\\\/www.instagram.com\\\/croctoys\"]}]}<\/script>\n<!-- \/ Yoast SEO plugin. -->","yoast_head_json":{"title":"Conditions G\u00e9n\u00e9rales de Vente - activit\u00e9 d&#039;\u00e9veil - bricolage \\ fabrication artisanale et fran\u00e7aise","robots":{"index":"index","follow":"follow","max-snippet":"max-snippet:-1","max-image-preview":"max-image-preview:large","max-video-preview":"max-video-preview:-1"},"canonical":"https:\/\/croctoys.com\/en\/cgv\/","og_locale":"en_GB","og_type":"article","og_title":"Conditions G\u00e9n\u00e9rales de Vente - activit\u00e9 d&#039;\u00e9veil - bricolage \\ fabrication artisanale et fran\u00e7aise","og_description":"Entreprise Les jouets Croctoys sont fabriqu\u00e9s et vendus par : SARL Maxprod 1, Les Prairies 26750 Geyssans, France.SIRET : 902 737 311 00016Immatriculation RCS :902 737 311 RCS ROMANSidentifiant fili\u00e8re REP : Croctoys est une marque d\u00e9pos\u00e9e. Clause n\u00b0 1 : Objet et champ d&rsquo;application Les pr\u00e9sentes conditions g\u00e9n\u00e9rales de vente (CGV) constituent le socle [&hellip;]","og_url":"https:\/\/croctoys.com\/en\/cgv\/","og_site_name":"activit\u00e9 d&#039;\u00e9veil - bricolage \\ fabrication artisanale et fran\u00e7aise","article_publisher":"https:\/\/www.facebook.com\/profile.php?id=100054730270822","article_modified_time":"2025-12-19T10:46:45+00:00","twitter_card":"summary_large_image","twitter_misc":{"Estimated reading time":"5 minutes"},"schema":{"@context":"https:\/\/schema.org","@graph":[{"@type":"WebPage","@id":"https:\/\/croctoys.com\/cgv\/","url":"https:\/\/croctoys.com\/cgv\/","name":"Conditions G\u00e9n\u00e9rales de Vente - activit\u00e9 d&#039;\u00e9veil - bricolage \\ fabrication artisanale et fran\u00e7aise","isPartOf":{"@id":"https:\/\/croctoys.com\/#website"},"datePublished":"2021-04-24T20:05:07+00:00","dateModified":"2025-12-19T10:46:45+00:00","breadcrumb":{"@id":"https:\/\/croctoys.com\/cgv\/#breadcrumb"},"inLanguage":"en-GB","potentialAction":[{"@type":"ReadAction","target":["https:\/\/croctoys.com\/cgv\/"]}]},{"@type":"BreadcrumbList","@id":"https:\/\/croctoys.com\/cgv\/#breadcrumb","itemListElement":[{"@type":"ListItem","position":1,"name":"Accueil","item":"https:\/\/croctoys.com\/"},{"@type":"ListItem","position":2,"name":"Conditions G\u00e9n\u00e9rales de Vente"}]},{"@type":"WebSite","@id":"https:\/\/croctoys.com\/#website","url":"https:\/\/croctoys.com\/","name":"activit\u00e9 d'eveil - bricolage fabrication artisanale et fran\u00e7aise","description":"Wooden toys to craft","publisher":{"@id":"https:\/\/croctoys.com\/#organization"},"potentialAction":[{"@type":"SearchAction","target":{"@type":"EntryPoint","urlTemplate":"https:\/\/croctoys.com\/?s={search_term_string}"},"query-input":{"@type":"PropertyValueSpecification","valueRequired":true,"valueName":"search_term_string"}}],"inLanguage":"en-GB"},{"@type":"Organization","@id":"https:\/\/croctoys.com\/#organization","name":"Croc toys","url":"https:\/\/croctoys.com\/","logo":{"@type":"ImageObject","inLanguage":"en-GB","@id":"https:\/\/croctoys.com\/#\/schema\/logo\/image\/","url":"https:\/\/croctoys.com\/wp-content\/uploads\/2023\/09\/logo@4x-fond-blanc.png","contentUrl":"https:\/\/croctoys.com\/wp-content\/uploads\/2023\/09\/logo@4x-fond-blanc.png","width":1185,"height":1185,"caption":"Croc toys"},"image":{"@id":"https:\/\/croctoys.com\/#\/schema\/logo\/image\/"},"sameAs":["https:\/\/www.facebook.com\/profile.php?id=100054730270822","https:\/\/www.instagram.com\/croctoys"]}]}},"jetpack_sharing_enabled":true,"_links":{"self":[{"href":"https:\/\/croctoys.com\/en\/wp-json\/wp\/v2\/pages\/144","targetHints":{"allow":["GET"]}}],"collection":[{"href":"https:\/\/croctoys.com\/en\/wp-json\/wp\/v2\/pages"}],"about":[{"href":"https:\/\/croctoys.com\/en\/wp-json\/wp\/v2\/types\/page"}],"author":[{"embeddable":true,"href":"https:\/\/croctoys.com\/en\/wp-json\/wp\/v2\/users\/1"}],"replies":[{"embeddable":true,"href":"https:\/\/croctoys.com\/en\/wp-json\/wp\/v2\/comments?post=144"}],"version-history":[{"count":15,"href":"https:\/\/croctoys.com\/en\/wp-json\/wp\/v2\/pages\/144\/revisions"}],"predecessor-version":[{"id":2973,"href":"https:\/\/croctoys.com\/en\/wp-json\/wp\/v2\/pages\/144\/revisions\/2973"}],"wp:attachment":[{"href":"https:\/\/croctoys.com\/en\/wp-json\/wp\/v2\/media?parent=144"}],"curies":[{"name":"wp","href":"https:\/\/api.w.org\/{rel}","templated":true}]}}