{"id":1963,"date":"2023-09-01T15:02:41","date_gmt":"2023-09-01T14:02:41","guid":{"rendered":"https:\/\/croctoys.com\/?page_id=1963"},"modified":"2023-09-09T14:14:12","modified_gmt":"2023-09-09T13:14:12","slug":"je-decouvre","status":"publish","type":"page","link":"https:\/\/croctoys.com\/en\/je-decouvre\/","title":{"rendered":"Je d\u00e9couvre"},"content":{"rendered":"<div data-elementor-type=\"wp-page\" data-elementor-id=\"1963\" class=\"elementor elementor-1963\" data-elementor-post-type=\"page\">\n\t\t\t\t<div class=\"elementor-element elementor-element-37ff6f4 e-flex e-con-boxed e-con e-parent\" data-id=\"37ff6f4\" data-element_type=\"container\" data-e-type=\"container\">\n\t\t\t\t\t<div class=\"e-con-inner\">\n\t\t<div class=\"elementor-element elementor-element-b7404ca e-con-full e-flex e-con e-child\" data-id=\"b7404ca\" data-element_type=\"container\" data-e-type=\"container\">\n\t\t\t\t<div class=\"elementor-element elementor-element-459f9c2 elementor-hidden-mobile elementor-widget elementor-widget-heading\" data-id=\"459f9c2\" data-element_type=\"widget\" data-e-type=\"widget\" data-widget_type=\"heading.default\">\n\t\t\t\t<div class=\"elementor-widget-container\">\n\t\t\t\t\t<h2 class=\"elementor-heading-title elementor-size-default\">Croctoys is a precious sharing  time<\/h2>\t\t\t\t<\/div>\n\t\t\t\t<\/div>\n\t\t\t\t<div class=\"elementor-element elementor-element-bc85ce9 elementor-hidden-mobile elementor-widget elementor-widget-text-editor\" data-id=\"bc85ce9\" data-element_type=\"widget\" data-e-type=\"widget\" data-widget_type=\"text-editor.default\">\n\t\t\t\t<div class=\"elementor-widget-container\">\n\t\t\t\t\t\t\t\t\t<p data-sourcepos=\"5:1-5:152\">Croctoys is more than a basic toy brand. That is an invitation to share joy and complicity with children.<\/p><p data-sourcepos=\"9:1-9:96\">Building a KIT is a unique sharing time that will create a lifetime of memories.<\/p><p><strong>A Croctoys model is a precious time to share.<\/strong><\/p>\t\t\t\t\t\t\t\t<\/div>\n\t\t\t\t<\/div>\n\t\t\t\t<div class=\"elementor-element elementor-element-6a674f3 elementor-align-center elementor-mobile-align-center elementor-hidden-mobile elementor-widget elementor-widget-button\" data-id=\"6a674f3\" data-element_type=\"widget\" data-e-type=\"widget\" data-widget_type=\"button.default\">\n\t\t\t\t<div class=\"elementor-widget-container\">\n\t\t\t\t\t\t\t\t\t<div class=\"elementor-button-wrapper\">\n\t\t\t\t\t<a class=\"elementor-button elementor-button-link elementor-size-md elementor-animation-grow-rotate\" href=\"https:\/\/croctoys.com\/en\/product-category\/bolides\/\">\n\t\t\t\t\t\t<span class=\"elementor-button-content-wrapper\">\n\t\t\t\t\t\t\t\t\t<span class=\"elementor-button-text\">Discover our KITs<\/span>\n\t\t\t\t\t<\/span>\n\t\t\t\t\t<\/a>\n\t\t\t\t<\/div>\n\t\t\t\t\t\t\t\t<\/div>\n\t\t\t\t<\/div>\n\t\t\t\t<\/div>\n\t\t<div class=\"elementor-element elementor-element-9f4fc7c e-con-full e-flex e-con e-child\" data-id=\"9f4fc7c\" data-element_type=\"container\" data-e-type=\"container\">\n\t\t\t\t<div class=\"elementor-element elementor-element-a9a0377 elementor-widget elementor-widget-image\" data-id=\"a9a0377\" data-element_type=\"widget\" data-e-type=\"widget\" data-widget_type=\"image.default\">\n\t\t\t\t<div class=\"elementor-widget-container\">\n\t\t\t\t\t\t\t\t\t\t\t\t\t\t\t<img fetchpriority=\"high\" decoding=\"async\" width=\"800\" height=\"800\" src=\"https:\/\/croctoys.com\/wp-content\/uploads\/2023\/09\/max-et-louis3-1024x1024.jpg\" class=\"attachment-large size-large wp-image-2013\" alt=\"\" srcset=\"https:\/\/croctoys.com\/wp-content\/uploads\/2023\/09\/max-et-louis3-1024x1024.jpg 1024w, https:\/\/croctoys.com\/wp-content\/uploads\/2023\/09\/max-et-louis3-300x300.jpg 300w, https:\/\/croctoys.com\/wp-content\/uploads\/2023\/09\/max-et-louis3-150x150.jpg 150w, https:\/\/croctoys.com\/wp-content\/uploads\/2023\/09\/max-et-louis3-768x768.jpg 768w, https:\/\/croctoys.com\/wp-content\/uploads\/2023\/09\/max-et-louis3-1536x1536.jpg 1536w, https:\/\/croctoys.com\/wp-content\/uploads\/2023\/09\/max-et-louis3-12x12.jpg 12w, https:\/\/croctoys.com\/wp-content\/uploads\/2023\/09\/max-et-louis3-600x600.jpg 600w, https:\/\/croctoys.com\/wp-content\/uploads\/2023\/09\/max-et-louis3-100x100.jpg 100w, https:\/\/croctoys.com\/wp-content\/uploads\/2023\/09\/max-et-louis3.jpg 1938w\" sizes=\"(max-width: 800px) 100vw, 800px\" \/>\t\t\t\t\t\t\t\t\t\t\t\t\t\t\t<\/div>\n\t\t\t\t<\/div>\n\t\t\t\t<div class=\"elementor-element elementor-element-f928edf elementor-hidden-desktop elementor-hidden-tablet elementor-widget elementor-widget-heading\" data-id=\"f928edf\" data-element_type=\"widget\" data-e-type=\"widget\" data-widget_type=\"heading.default\">\n\t\t\t\t<div class=\"elementor-widget-container\">\n\t\t\t\t\t<h2 class=\"elementor-heading-title elementor-size-default\">Croctoys is a precious sharing  time<\/h2>\t\t\t\t<\/div>\n\t\t\t\t<\/div>\n\t\t\t\t<div class=\"elementor-element elementor-element-0981699 elementor-hidden-desktop elementor-hidden-tablet elementor-widget elementor-widget-text-editor\" data-id=\"0981699\" data-element_type=\"widget\" data-e-type=\"widget\" data-widget_type=\"text-editor.default\">\n\t\t\t\t<div class=\"elementor-widget-container\">\n\t\t\t\t\t\t\t\t\t<p data-sourcepos=\"5:1-5:152\">Croctoys is more than a basic toy brand. That is an invitation to share joy and complicity with children.<\/p><p data-sourcepos=\"9:1-9:96\">Building a KIT is a unique sharing time that will create a lifetime of memories.<\/p><p><strong>A Croctoys model is a precious time to share.<\/strong><\/p>\t\t\t\t\t\t\t\t<\/div>\n\t\t\t\t<\/div>\n\t\t\t\t<div class=\"elementor-element elementor-element-bb729ba elementor-align-center elementor-mobile-align-center elementor-hidden-desktop elementor-hidden-tablet elementor-widget elementor-widget-button\" data-id=\"bb729ba\" data-element_type=\"widget\" data-e-type=\"widget\" data-widget_type=\"button.default\">\n\t\t\t\t<div class=\"elementor-widget-container\">\n\t\t\t\t\t\t\t\t\t<div class=\"elementor-button-wrapper\">\n\t\t\t\t\t<a class=\"elementor-button elementor-button-link elementor-size-md elementor-animation-grow-rotate\" href=\"https:\/\/croctoys.com\/en\/product-category\/bolides\/\">\n\t\t\t\t\t\t<span class=\"elementor-button-content-wrapper\">\n\t\t\t\t\t\t\t\t\t<span class=\"elementor-button-text\">Discover our KITs<\/span>\n\t\t\t\t\t<\/span>\n\t\t\t\t\t<\/a>\n\t\t\t\t<\/div>\n\t\t\t\t\t\t\t\t<\/div>\n\t\t\t\t<\/div>\n\t\t\t\t<\/div>\n\t\t<div class=\"elementor-element elementor-element-ded8939 e-con-full e-flex e-con e-child\" data-id=\"ded8939\" data-element_type=\"container\" data-e-type=\"container\">\n\t\t\t\t<div class=\"elementor-element elementor-element-6c13c9d elementor-widget elementor-widget-image\" data-id=\"6c13c9d\" data-element_type=\"widget\" data-e-type=\"widget\" data-widget_type=\"image.default\">\n\t\t\t\t<div class=\"elementor-widget-container\">\n\t\t\t\t\t\t\t\t\t\t\t\t\t\t\t<img decoding=\"async\" width=\"800\" height=\"800\" src=\"https:\/\/croctoys.com\/wp-content\/uploads\/2023\/09\/lucie-qui-constuit-une-pelle-1024x1024.jpg\" class=\"attachment-large size-large wp-image-2002\" alt=\"\" srcset=\"https:\/\/croctoys.com\/wp-content\/uploads\/2023\/09\/lucie-qui-constuit-une-pelle-1024x1024.jpg 1024w, https:\/\/croctoys.com\/wp-content\/uploads\/2023\/09\/lucie-qui-constuit-une-pelle-300x300.jpg 300w, https:\/\/croctoys.com\/wp-content\/uploads\/2023\/09\/lucie-qui-constuit-une-pelle-150x150.jpg 150w, https:\/\/croctoys.com\/wp-content\/uploads\/2023\/09\/lucie-qui-constuit-une-pelle-768x768.jpg 768w, https:\/\/croctoys.com\/wp-content\/uploads\/2023\/09\/lucie-qui-constuit-une-pelle-1536x1536.jpg 1536w, https:\/\/croctoys.com\/wp-content\/uploads\/2023\/09\/lucie-qui-constuit-une-pelle-12x12.jpg 12w, https:\/\/croctoys.com\/wp-content\/uploads\/2023\/09\/lucie-qui-constuit-une-pelle-600x600.jpg 600w, https:\/\/croctoys.com\/wp-content\/uploads\/2023\/09\/lucie-qui-constuit-une-pelle-100x100.jpg 100w, https:\/\/croctoys.com\/wp-content\/uploads\/2023\/09\/lucie-qui-constuit-une-pelle.jpg 1920w\" sizes=\"(max-width: 800px) 100vw, 800px\" \/>\t\t\t\t\t\t\t\t\t\t\t\t\t\t\t<\/div>\n\t\t\t\t<\/div>\n\t\t\t\t<\/div>\n\t\t<div class=\"elementor-element elementor-element-15c90ca e-con-full e-flex e-con e-child\" data-id=\"15c90ca\" data-element_type=\"container\" data-e-type=\"container\">\n\t\t\t\t<div class=\"elementor-element elementor-element-f95a5cf elementor-widget elementor-widget-heading\" data-id=\"f95a5cf\" data-element_type=\"widget\" data-e-type=\"widget\" data-widget_type=\"heading.default\">\n\t\t\t\t<div class=\"elementor-widget-container\">\n\t\t\t\t\t<h2 class=\"elementor-heading-title elementor-size-default\">No worries, everything is planned ! <\/h2>\t\t\t\t<\/div>\n\t\t\t\t<\/div>\n\t\t\t\t<div class=\"elementor-element elementor-element-896d965 elementor-widget elementor-widget-text-editor\" data-id=\"896d965\" data-element_type=\"widget\" data-e-type=\"widget\" data-widget_type=\"text-editor.default\">\n\t\t\t\t<div class=\"elementor-widget-container\">\n\t\t\t\t\t\t\t\t\t<p data-sourcepos=\"3:1-3:42\"><span style=\"color: var( --e-global-color-text ); font-family: var( --e-global-typography-text-font-family ), Sans-serif; font-weight: var( --e-global-typography-text-font-weight ); text-align: var(--text-align); font-size: 1rem;\">Croctoys, that is several construction kit of wooden toys that are made to be easy to assemble. Everything is included in the box : vehicule part, building instruction and all the necessary tools.<\/span><\/p><p data-sourcepos=\"7:1-7:251\">Assembly is simple and does not require any special skills. The paper building instruction are clear, concise and illustrated. Finally the kit plates are cut with the help of high precision machinery and all the holes are pre-drilled. All of that greatly helps for a good assembly experience.<\/p><p data-sourcepos=\"9:1-9:220\">Our Kits are also design to allow for small mistakes. If you do one error, it is easy to spot and correct it. That allow children and adult of all age to enjoy a fun building experience.<\/p><p data-sourcepos=\"9:1-9:220\"><strong>Assembling a Croctoys model kit, that is a garanteed success !<\/strong><\/p>\t\t\t\t\t\t\t\t<\/div>\n\t\t\t\t<\/div>\n\t\t\t\t<\/div>\n\t\t\t\t\t<\/div>\n\t\t\t\t<\/div>\n\t\t<div class=\"elementor-element elementor-element-1da6ae9 e-flex e-con-boxed e-con e-parent\" data-id=\"1da6ae9\" data-element_type=\"container\" data-e-type=\"container\">\n\t\t\t\t\t<div class=\"e-con-inner\">\n\t\t<div class=\"elementor-element elementor-element-5bfb21c e-con-full e-flex e-con e-child\" data-id=\"5bfb21c\" data-element_type=\"container\" data-e-type=\"container\">\n\t\t\t\t<div class=\"elementor-element elementor-element-45638db elementor-hidden-mobile elementor-widget elementor-widget-heading\" data-id=\"45638db\" data-element_type=\"widget\" data-e-type=\"widget\" data-widget_type=\"heading.default\">\n\t\t\t\t<div class=\"elementor-widget-container\">\n\t\t\t\t\t<h2 class=\"elementor-heading-title elementor-size-default\">And the planet ?<\/h2>\t\t\t\t<\/div>\n\t\t\t\t<\/div>\n\t\t\t\t<div class=\"elementor-element elementor-element-26d9a57 elementor-hidden-mobile elementor-widget elementor-widget-text-editor\" data-id=\"26d9a57\" data-element_type=\"widget\" data-e-type=\"widget\" data-widget_type=\"text-editor.default\">\n\t\t\t\t<div class=\"elementor-widget-container\">\n\t\t\t\t\t\t\t\t\t<p data-sourcepos=\"5:1-5:319\">Croctoys is also about environmental and local concerns. Our toys are made in France from raw beech and Valchromat\u00ae, an innovative material based on wood and natural dyes.<\/p><p data-sourcepos=\"5:1-5:319\">They are also designed to be durable and hard-wearing, allowing them to last for many years.<\/p><p data-sourcepos=\"7:1-7:312\">Finally, having built a model, means being able to repair it if it is damaged. This helps extend the life of toys and reduces waste.<\/p><p data-sourcepos=\"9:1-9:188\"><strong>By choosing Croctoys toys, you are making an ecological and local choice.\u00a0<\/strong><\/p>\t\t\t\t\t\t\t\t<\/div>\n\t\t\t\t<\/div>\n\t\t\t\t<\/div>\n\t\t<div class=\"elementor-element elementor-element-c4b9cd0 e-con-full e-flex e-con e-child\" data-id=\"c4b9cd0\" data-element_type=\"container\" data-e-type=\"container\">\n\t\t\t\t<div class=\"elementor-element elementor-element-2b7d0d6 elementor-widget elementor-widget-image\" data-id=\"2b7d0d6\" data-element_type=\"widget\" data-e-type=\"widget\" data-widget_type=\"image.default\">\n\t\t\t\t<div class=\"elementor-widget-container\">\n\t\t\t\t\t\t\t\t\t\t\t\t\t\t\t<img decoding=\"async\" width=\"800\" height=\"800\" src=\"https:\/\/croctoys.com\/wp-content\/uploads\/2023\/09\/P1600412-1024x1024.jpg\" class=\"attachment-large size-large wp-image-2004\" alt=\"\" srcset=\"https:\/\/croctoys.com\/wp-content\/uploads\/2023\/09\/P1600412-1024x1024.jpg 1024w, https:\/\/croctoys.com\/wp-content\/uploads\/2023\/09\/P1600412-300x300.jpg 300w, https:\/\/croctoys.com\/wp-content\/uploads\/2023\/09\/P1600412-150x150.jpg 150w, https:\/\/croctoys.com\/wp-content\/uploads\/2023\/09\/P1600412-768x768.jpg 768w, https:\/\/croctoys.com\/wp-content\/uploads\/2023\/09\/P1600412-12x12.jpg 12w, https:\/\/croctoys.com\/wp-content\/uploads\/2023\/09\/P1600412-600x600.jpg 600w, https:\/\/croctoys.com\/wp-content\/uploads\/2023\/09\/P1600412-100x100.jpg 100w, https:\/\/croctoys.com\/wp-content\/uploads\/2023\/09\/P1600412.jpg 1080w\" sizes=\"(max-width: 800px) 100vw, 800px\" \/>\t\t\t\t\t\t\t\t\t\t\t\t\t\t\t<\/div>\n\t\t\t\t<\/div>\n\t\t\t\t<div class=\"elementor-element elementor-element-c041062 elementor-hidden-desktop elementor-hidden-tablet elementor-widget elementor-widget-heading\" data-id=\"c041062\" data-element_type=\"widget\" data-e-type=\"widget\" data-widget_type=\"heading.default\">\n\t\t\t\t<div class=\"elementor-widget-container\">\n\t\t\t\t\t<h2 class=\"elementor-heading-title elementor-size-default\">And the planet ?<\/h2>\t\t\t\t<\/div>\n\t\t\t\t<\/div>\n\t\t\t\t<div class=\"elementor-element elementor-element-51cc4e6 elementor-hidden-desktop elementor-hidden-tablet elementor-widget elementor-widget-text-editor\" data-id=\"51cc4e6\" data-element_type=\"widget\" data-e-type=\"widget\" data-widget_type=\"text-editor.default\">\n\t\t\t\t<div class=\"elementor-widget-container\">\n\t\t\t\t\t\t\t\t\t<p data-sourcepos=\"5:1-5:319\">Croctoys is also about environmental and local concerns. Our toys are made in France from raw beech and Valchromat\u00ae, an innovative material based on wood and natural dyes.<\/p>\n<p data-sourcepos=\"5:1-5:319\">They are also designed to be durable and hard-wearing, allowing them to last for many years.<\/p>\n<p data-sourcepos=\"7:1-7:312\">Finally, having built a model, means being able to repair it if it is damaged. This helps extend the life of toys and reduces waste.<\/p>\n<p data-sourcepos=\"9:1-9:188\"><strong>By choosing Croctoys toys, you are making an ecological and local choice.&nbsp;<\/strong><\/p>\t\t\t\t\t\t\t\t<\/div>\n\t\t\t\t<\/div>\n\t\t\t\t<\/div>\n\t\t\t\t\t<\/div>\n\t\t\t\t<\/div>\n\t\t<div class=\"elementor-element elementor-element-baa320e e-flex e-con-boxed e-con e-parent\" data-id=\"baa320e\" data-element_type=\"container\" data-e-type=\"container\">\n\t\t\t\t\t<div class=\"e-con-inner\">\n\t\t\t\t<div class=\"elementor-element elementor-element-00ca2ec elementor-widget elementor-widget-heading\" data-id=\"00ca2ec\" data-element_type=\"widget\" data-e-type=\"widget\" data-widget_type=\"heading.default\">\n\t\t\t\t<div class=\"elementor-widget-container\">\n\t\t\t\t\t<h2 class=\"elementor-heading-title elementor-size-default\">interested ? <\/h2>\t\t\t\t<\/div>\n\t\t\t\t<\/div>\n\t\t\t\t<div class=\"elementor-element elementor-element-5bb6103 elementor-align-center elementor-mobile-align-center elementor-widget elementor-widget-button\" data-id=\"5bb6103\" data-element_type=\"widget\" data-e-type=\"widget\" data-widget_type=\"button.default\">\n\t\t\t\t<div class=\"elementor-widget-container\">\n\t\t\t\t\t\t\t\t\t<div class=\"elementor-button-wrapper\">\n\t\t\t\t\t<a class=\"elementor-button elementor-button-link elementor-size-md elementor-animation-grow-rotate\" href=\"https:\/\/croctoys.com\/en\/shop\/\">\n\t\t\t\t\t\t<span class=\"elementor-button-content-wrapper\">\n\t\t\t\t\t\t<span class=\"elementor-button-icon\">\n\t\t\t\t<i aria-hidden=\"true\" class=\"fas fa-shopping-basket\"><\/i>\t\t\t<\/span>\n\t\t\t\t\t\t\t\t\t<span class=\"elementor-button-text\">Visit our shop !<\/span>\n\t\t\t\t\t<\/span>\n\t\t\t\t\t<\/a>\n\t\t\t\t<\/div>\n\t\t\t\t\t\t\t\t<\/div>\n\t\t\t\t<\/div>\n\t\t\t\t\t<\/div>\n\t\t\t\t<\/div>\n\t\t\t\t<\/div>","protected":false},"excerpt":{"rendered":"<p>Croctoys c&rsquo;est avant tout un moment de partage Croctoys, c&rsquo;est bien plus qu&rsquo;une simple marque de jouets en bois. C&rsquo;est une invitation \u00e0 partager des moments de joie et de complicit\u00e9 avec ses enfants. Construire un kit est un moment de partage unique, qui permet de cr\u00e9er des souvenirs qui dureront toute une vie. Construire [&hellip;]<\/p>\n","protected":false},"author":1,"featured_media":0,"parent":0,"menu_order":0,"comment_status":"closed","ping_status":"closed","template":"elementor_theme","meta":{"footnotes":""},"class_list":["post-1963","page","type-page","status-publish","hentry"],"yoast_head":"<!-- This site is optimized with the Yoast SEO plugin v27.4 - https:\/\/yoast.com\/product\/yoast-seo-wordpress\/ -->\n<title>Je d\u00e9couvre - activit\u00e9 d&#039;\u00e9veil - bricolage \\ fabrication artisanale et fran\u00e7aise<\/title>\n<meta name=\"robots\" content=\"index, follow, max-snippet:-1, max-image-preview:large, max-video-preview:-1\" \/>\n<link rel=\"canonical\" href=\"https:\/\/croctoys.com\/en\/je-decouvre\/\" \/>\n<meta property=\"og:locale\" content=\"en_GB\" \/>\n<meta property=\"og:type\" content=\"article\" \/>\n<meta property=\"og:title\" content=\"Je d\u00e9couvre - activit\u00e9 d&#039;\u00e9veil - bricolage \\ fabrication artisanale et fran\u00e7aise\" \/>\n<meta property=\"og:description\" content=\"Croctoys c&rsquo;est avant tout un moment de partage Croctoys, c&rsquo;est bien plus qu&rsquo;une simple marque de jouets en bois. C&rsquo;est une invitation \u00e0 partager des moments de joie et de complicit\u00e9 avec ses enfants. Construire un kit est un moment de partage unique, qui permet de cr\u00e9er des souvenirs qui dureront toute une vie. Construire [&hellip;]\" \/>\n<meta property=\"og:url\" content=\"https:\/\/croctoys.com\/en\/je-decouvre\/\" \/>\n<meta property=\"og:site_name\" content=\"activit\u00e9 d&#039;\u00e9veil - bricolage \\ fabrication artisanale et fran\u00e7aise\" \/>\n<meta property=\"article:publisher\" content=\"https:\/\/www.facebook.com\/profile.php?id=100054730270822\" \/>\n<meta property=\"article:modified_time\" content=\"2023-09-09T13:14:12+00:00\" \/>\n<meta property=\"og:image\" content=\"https:\/\/croctoys.com\/wp-content\/uploads\/2023\/09\/max-et-louis3-1024x1024.jpg\" \/>\n<meta name=\"twitter:card\" content=\"summary_large_image\" \/>\n<meta name=\"twitter:label1\" content=\"Estimated reading time\" \/>\n\t<meta name=\"twitter:data1\" content=\"3 minutes\" \/>\n<script type=\"application\/ld+json\" class=\"yoast-schema-graph\">{\"@context\":\"https:\\\/\\\/schema.org\",\"@graph\":[{\"@type\":\"WebPage\",\"@id\":\"https:\\\/\\\/croctoys.com\\\/je-decouvre\\\/\",\"url\":\"https:\\\/\\\/croctoys.com\\\/je-decouvre\\\/\",\"name\":\"Je d\u00e9couvre - activit\u00e9 d&#039;\u00e9veil - bricolage \\\\ fabrication artisanale et fran\u00e7aise\",\"isPartOf\":{\"@id\":\"https:\\\/\\\/croctoys.com\\\/#website\"},\"primaryImageOfPage\":{\"@id\":\"https:\\\/\\\/croctoys.com\\\/je-decouvre\\\/#primaryimage\"},\"image\":{\"@id\":\"https:\\\/\\\/croctoys.com\\\/je-decouvre\\\/#primaryimage\"},\"thumbnailUrl\":\"https:\\\/\\\/croctoys.com\\\/wp-content\\\/uploads\\\/2023\\\/09\\\/max-et-louis3-1024x1024.jpg\",\"datePublished\":\"2023-09-01T14:02:41+00:00\",\"dateModified\":\"2023-09-09T13:14:12+00:00\",\"breadcrumb\":{\"@id\":\"https:\\\/\\\/croctoys.com\\\/je-decouvre\\\/#breadcrumb\"},\"inLanguage\":\"en-GB\",\"potentialAction\":[{\"@type\":\"ReadAction\",\"target\":[\"https:\\\/\\\/croctoys.com\\\/je-decouvre\\\/\"]}]},{\"@type\":\"ImageObject\",\"inLanguage\":\"en-GB\",\"@id\":\"https:\\\/\\\/croctoys.com\\\/je-decouvre\\\/#primaryimage\",\"url\":\"https:\\\/\\\/croctoys.com\\\/wp-content\\\/uploads\\\/2023\\\/09\\\/max-et-louis3-1024x1024.jpg\",\"contentUrl\":\"https:\\\/\\\/croctoys.com\\\/wp-content\\\/uploads\\\/2023\\\/09\\\/max-et-louis3-1024x1024.jpg\"},{\"@type\":\"BreadcrumbList\",\"@id\":\"https:\\\/\\\/croctoys.com\\\/je-decouvre\\\/#breadcrumb\",\"itemListElement\":[{\"@type\":\"ListItem\",\"position\":1,\"name\":\"Accueil\",\"item\":\"https:\\\/\\\/croctoys.com\\\/\"},{\"@type\":\"ListItem\",\"position\":2,\"name\":\"Je d\u00e9couvre\"}]},{\"@type\":\"WebSite\",\"@id\":\"https:\\\/\\\/croctoys.com\\\/#website\",\"url\":\"https:\\\/\\\/croctoys.com\\\/\",\"name\":\"activit\u00e9 d'eveil - bricolage fabrication artisanale et fran\u00e7aise\",\"description\":\"Jouets en bois \u00e0 assembler\",\"publisher\":{\"@id\":\"https:\\\/\\\/croctoys.com\\\/#organization\"},\"potentialAction\":[{\"@type\":\"SearchAction\",\"target\":{\"@type\":\"EntryPoint\",\"urlTemplate\":\"https:\\\/\\\/croctoys.com\\\/?s={search_term_string}\"},\"query-input\":{\"@type\":\"PropertyValueSpecification\",\"valueRequired\":true,\"valueName\":\"search_term_string\"}}],\"inLanguage\":\"en-GB\"},{\"@type\":\"Organization\",\"@id\":\"https:\\\/\\\/croctoys.com\\\/#organization\",\"name\":\"Croc toys\",\"url\":\"https:\\\/\\\/croctoys.com\\\/\",\"logo\":{\"@type\":\"ImageObject\",\"inLanguage\":\"en-GB\",\"@id\":\"https:\\\/\\\/croctoys.com\\\/#\\\/schema\\\/logo\\\/image\\\/\",\"url\":\"https:\\\/\\\/croctoys.com\\\/wp-content\\\/uploads\\\/2023\\\/09\\\/logo@4x-fond-blanc.png\",\"contentUrl\":\"https:\\\/\\\/croctoys.com\\\/wp-content\\\/uploads\\\/2023\\\/09\\\/logo@4x-fond-blanc.png\",\"width\":1185,\"height\":1185,\"caption\":\"Croc toys\"},\"image\":{\"@id\":\"https:\\\/\\\/croctoys.com\\\/#\\\/schema\\\/logo\\\/image\\\/\"},\"sameAs\":[\"https:\\\/\\\/www.facebook.com\\\/profile.php?id=100054730270822\",\"https:\\\/\\\/www.instagram.com\\\/croctoys\"]}]}<\/script>\n<!-- \/ Yoast SEO plugin. -->","yoast_head_json":{"title":"Je d\u00e9couvre - activit\u00e9 d&#039;\u00e9veil - bricolage \\ fabrication artisanale et fran\u00e7aise","robots":{"index":"index","follow":"follow","max-snippet":"max-snippet:-1","max-image-preview":"max-image-preview:large","max-video-preview":"max-video-preview:-1"},"canonical":"https:\/\/croctoys.com\/en\/je-decouvre\/","og_locale":"en_GB","og_type":"article","og_title":"Je d\u00e9couvre - activit\u00e9 d&#039;\u00e9veil - bricolage \\ fabrication artisanale et fran\u00e7aise","og_description":"Croctoys c&rsquo;est avant tout un moment de partage Croctoys, c&rsquo;est bien plus qu&rsquo;une simple marque de jouets en bois. C&rsquo;est une invitation \u00e0 partager des moments de joie et de complicit\u00e9 avec ses enfants. Construire un kit est un moment de partage unique, qui permet de cr\u00e9er des souvenirs qui dureront toute une vie. Construire [&hellip;]","og_url":"https:\/\/croctoys.com\/en\/je-decouvre\/","og_site_name":"activit\u00e9 d&#039;\u00e9veil - bricolage \\ fabrication artisanale et fran\u00e7aise","article_publisher":"https:\/\/www.facebook.com\/profile.php?id=100054730270822","article_modified_time":"2023-09-09T13:14:12+00:00","og_image":[{"url":"https:\/\/croctoys.com\/wp-content\/uploads\/2023\/09\/max-et-louis3-1024x1024.jpg","type":"","width":"","height":""}],"twitter_card":"summary_large_image","twitter_misc":{"Estimated reading time":"3 minutes"},"schema":{"@context":"https:\/\/schema.org","@graph":[{"@type":"WebPage","@id":"https:\/\/croctoys.com\/je-decouvre\/","url":"https:\/\/croctoys.com\/je-decouvre\/","name":"Je d\u00e9couvre - activit\u00e9 d&#039;\u00e9veil - bricolage \\ fabrication artisanale et fran\u00e7aise","isPartOf":{"@id":"https:\/\/croctoys.com\/#website"},"primaryImageOfPage":{"@id":"https:\/\/croctoys.com\/je-decouvre\/#primaryimage"},"image":{"@id":"https:\/\/croctoys.com\/je-decouvre\/#primaryimage"},"thumbnailUrl":"https:\/\/croctoys.com\/wp-content\/uploads\/2023\/09\/max-et-louis3-1024x1024.jpg","datePublished":"2023-09-01T14:02:41+00:00","dateModified":"2023-09-09T13:14:12+00:00","breadcrumb":{"@id":"https:\/\/croctoys.com\/je-decouvre\/#breadcrumb"},"inLanguage":"en-GB","potentialAction":[{"@type":"ReadAction","target":["https:\/\/croctoys.com\/je-decouvre\/"]}]},{"@type":"ImageObject","inLanguage":"en-GB","@id":"https:\/\/croctoys.com\/je-decouvre\/#primaryimage","url":"https:\/\/croctoys.com\/wp-content\/uploads\/2023\/09\/max-et-louis3-1024x1024.jpg","contentUrl":"https:\/\/croctoys.com\/wp-content\/uploads\/2023\/09\/max-et-louis3-1024x1024.jpg"},{"@type":"BreadcrumbList","@id":"https:\/\/croctoys.com\/je-decouvre\/#breadcrumb","itemListElement":[{"@type":"ListItem","position":1,"name":"Accueil","item":"https:\/\/croctoys.com\/"},{"@type":"ListItem","position":2,"name":"Je d\u00e9couvre"}]},{"@type":"WebSite","@id":"https:\/\/croctoys.com\/#website","url":"https:\/\/croctoys.com\/","name":"activit\u00e9 d'eveil - bricolage fabrication artisanale et fran\u00e7aise","description":"Wooden toys to craft","publisher":{"@id":"https:\/\/croctoys.com\/#organization"},"potentialAction":[{"@type":"SearchAction","target":{"@type":"EntryPoint","urlTemplate":"https:\/\/croctoys.com\/?s={search_term_string}"},"query-input":{"@type":"PropertyValueSpecification","valueRequired":true,"valueName":"search_term_string"}}],"inLanguage":"en-GB"},{"@type":"Organization","@id":"https:\/\/croctoys.com\/#organization","name":"Croc toys","url":"https:\/\/croctoys.com\/","logo":{"@type":"ImageObject","inLanguage":"en-GB","@id":"https:\/\/croctoys.com\/#\/schema\/logo\/image\/","url":"https:\/\/croctoys.com\/wp-content\/uploads\/2023\/09\/logo@4x-fond-blanc.png","contentUrl":"https:\/\/croctoys.com\/wp-content\/uploads\/2023\/09\/logo@4x-fond-blanc.png","width":1185,"height":1185,"caption":"Croc toys"},"image":{"@id":"https:\/\/croctoys.com\/#\/schema\/logo\/image\/"},"sameAs":["https:\/\/www.facebook.com\/profile.php?id=100054730270822","https:\/\/www.instagram.com\/croctoys"]}]}},"jetpack_sharing_enabled":true,"_links":{"self":[{"href":"https:\/\/croctoys.com\/en\/wp-json\/wp\/v2\/pages\/1963","targetHints":{"allow":["GET"]}}],"collection":[{"href":"https:\/\/croctoys.com\/en\/wp-json\/wp\/v2\/pages"}],"about":[{"href":"https:\/\/croctoys.com\/en\/wp-json\/wp\/v2\/types\/page"}],"author":[{"embeddable":true,"href":"https:\/\/croctoys.com\/en\/wp-json\/wp\/v2\/users\/1"}],"replies":[{"embeddable":true,"href":"https:\/\/croctoys.com\/en\/wp-json\/wp\/v2\/comments?post=1963"}],"version-history":[{"count":40,"href":"https:\/\/croctoys.com\/en\/wp-json\/wp\/v2\/pages\/1963\/revisions"}],"predecessor-version":[{"id":2126,"href":"https:\/\/croctoys.com\/en\/wp-json\/wp\/v2\/pages\/1963\/revisions\/2126"}],"wp:attachment":[{"href":"https:\/\/croctoys.com\/en\/wp-json\/wp\/v2\/media?parent=1963"}],"curies":[{"name":"wp","href":"https:\/\/api.w.org\/{rel}","templated":true}]}}