{"id":3016,"date":"2026-04-01T11:32:34","date_gmt":"2026-04-01T10:32:34","guid":{"rendered":"https:\/\/croctoys.com\/?page_id=3016"},"modified":"2026-04-01T13:05:12","modified_gmt":"2026-04-01T12:05:12","slug":"avis","status":"publish","type":"page","link":"https:\/\/croctoys.com\/en\/avis\/","title":{"rendered":"avis"},"content":{"rendered":"\t\t<div data-elementor-type=\"wp-page\" data-elementor-id=\"3016\" class=\"elementor elementor-3016\" data-elementor-post-type=\"page\">\n\t\t\t\t<div class=\"elementor-element elementor-element-a747080 e-flex e-con-boxed e-con e-parent\" data-id=\"a747080\" data-element_type=\"container\" data-e-type=\"container\">\n\t\t\t\t\t<div class=\"e-con-inner\">\n\t\t\t\t<div class=\"elementor-element elementor-element-7195a9b elementor-widget elementor-widget-text-editor\" data-id=\"7195a9b\" data-element_type=\"widget\" data-e-type=\"widget\" data-widget_type=\"text-editor.default\">\n\t\t\t\t<div class=\"elementor-widget-container\">\n\t\t\t\t\t\t\t\t\t<p data-start=\"1058\" data-end=\"1109\"><strong>Merci d\u2019\u00eatre l\u00e0 \ud83d\udc9b<\/strong><\/p>\t\t\t\t\t\t\t\t<\/div>\n\t\t\t\t<\/div>\n\t\t\t\t<div class=\"elementor-element elementor-element-a179425 elementor-widget elementor-widget-text-editor\" data-id=\"a179425\" data-element_type=\"widget\" data-e-type=\"widget\" data-widget_type=\"text-editor.default\">\n\t\t\t\t<div class=\"elementor-widget-container\">\n\t\t\t\t\t\t\t\t\t<p>Chez Croctoys, chaque retour compte vraiment.<br data-start=\"316\" data-end=\"319\" \/>Ton avis nous aide \u00e0 am\u00e9liorer nos kits et \u00e0 faire encore plus plaisir aux enfants\u00a0<\/p>\t\t\t\t\t\t\t\t<\/div>\n\t\t\t\t<\/div>\n\t\t\t\t<div class=\"elementor-element elementor-element-831281b elementor-widget elementor-widget-text-editor\" data-id=\"831281b\" data-element_type=\"widget\" data-e-type=\"widget\" data-widget_type=\"text-editor.default\">\n\t\t\t\t<div class=\"elementor-widget-container\">\n\t\t\t\t\t\t\t\t\t<p data-start=\"1058\" data-end=\"1109\"><strong>Ton exp\u00e9rience nous int\u00e9resse ! <\/strong><\/p>\t\t\t\t\t\t\t\t<\/div>\n\t\t\t\t<\/div>\n\t\t\t\t<div class=\"elementor-element elementor-element-e0f4b7f elementor-widget elementor-widget-text-editor\" data-id=\"e0f4b7f\" data-element_type=\"widget\" data-e-type=\"widget\" data-widget_type=\"text-editor.default\">\n\t\t\t\t<div class=\"elementor-widget-container\">\n\t\t\t\t\t\t\t\t\t<ul><li data-start=\"564\" data-end=\"591\">As-tu aim\u00e9 le produit ?<\/li><li data-start=\"592\" data-end=\"624\">\u00c9tait-il facile \u00e0 utiliser ?<\/li><li data-start=\"625\" data-end=\"666\">Les enfants ont-ils pris du plaisir ?<\/li><\/ul>\t\t\t\t\t\t\t\t<\/div>\n\t\t\t\t<\/div>\n\t\t\t\t<div class=\"elementor-element elementor-element-4fd5171 elementor-widget elementor-widget-text-editor\" data-id=\"4fd5171\" data-element_type=\"widget\" data-e-type=\"widget\" data-widget_type=\"text-editor.default\">\n\t\t\t\t<div class=\"elementor-widget-container\">\n\t\t\t\t\t\t\t\t\t<p data-start=\"1058\" data-end=\"1109\"><strong>\u2b07\ufe0f Partage ton avis \u2b07\ufe0f<\/strong><\/p>\t\t\t\t\t\t\t\t<\/div>\n\t\t\t\t<\/div>\n\t\t\t\t<div class=\"elementor-element elementor-element-f83e430 elementor-button-align-stretch elementor-widget elementor-widget-form\" data-id=\"f83e430\" data-element_type=\"widget\" data-e-type=\"widget\" data-settings=\"{&quot;step_next_label&quot;:&quot;Suivant&quot;,&quot;step_previous_label&quot;:&quot;Pr\\u00e9c\\u00e9dent&quot;,&quot;button_width&quot;:&quot;100&quot;,&quot;step_type&quot;:&quot;number_text&quot;,&quot;step_icon_shape&quot;:&quot;circle&quot;}\" data-widget_type=\"form.default\">\n\t\t\t\t<div class=\"elementor-widget-container\">\n\t\t\t\t\t\t\t<form class=\"elementor-form\" method=\"post\" id=\"FomulaireAvis\" name=\"Nouveau formulaire\" aria-label=\"Nouveau formulaire\">\n\t\t\t<input type=\"hidden\" name=\"post_id\" value=\"3016\"\/>\n\t\t\t<input type=\"hidden\" name=\"form_id\" value=\"f83e430\"\/>\n\t\t\t<input type=\"hidden\" name=\"referer_title\" value=\"avis - activit\u00e9 d&#039;\u00e9veil - bricolage \\ fabrication artisanale et fran\u00e7aise\" \/>\n\n\t\t\t\t\t\t\t<input type=\"hidden\" name=\"queried_id\" value=\"3016\"\/>\n\t\t\t\n\t\t\t<div class=\"elementor-form-fields-wrapper elementor-labels-above\">\n\t\t\t\t\t\t\t\t<div class=\"elementor-field-type-text elementor-field-group elementor-column elementor-field-group-name elementor-col-100 elementor-field-required\">\n\t\t\t\t\t\t\t\t\t\t\t\t<label for=\"form-field-name\" class=\"elementor-field-label\">\n\t\t\t\t\t\t\t\tNom\t\t\t\t\t\t\t<\/label>\n\t\t\t\t\t\t\t\t\t\t\t\t\t\t<input size=\"1\" type=\"text\" name=\"form_fields[name]\" id=\"form-field-name\" class=\"elementor-field elementor-size-sm  elementor-field-textual\" placeholder=\"Nom\" required=\"required\">\n\t\t\t\t\t\t\t\t\t\t\t<\/div>\n\t\t\t\t\t\t\t\t<div class=\"elementor-field-type-textarea elementor-field-group elementor-column elementor-field-group-message elementor-col-100 elementor-field-required\">\n\t\t\t\t\t\t\t\t\t\t\t\t<label for=\"form-field-message\" class=\"elementor-field-label\">\n\t\t\t\t\t\t\t\tMessage\t\t\t\t\t\t\t<\/label>\n\t\t\t\t\t\t<textarea class=\"elementor-field-textual elementor-field  elementor-size-sm\" name=\"form_fields[message]\" id=\"form-field-message\" rows=\"4\" placeholder=\"Message\" required=\"required\"><\/textarea>\t\t\t\t<\/div>\n\t\t\t\t\t\t\t\t<div class=\"elementor-field-type-radio elementor-field-group elementor-column elementor-field-group-field_7c03228 elementor-col-100 elementor-field-required\">\n\t\t\t\t\t\t\t\t\t\t\t\t<label for=\"form-field-field_7c03228\" class=\"elementor-field-label\">\n\t\t\t\t\t\t\t\tNote\t\t\t\t\t\t\t<\/label>\n\t\t\t\t\t\t<div class=\"elementor-field-subgroup  elementor-subgroup-inline\"><span class=\"elementor-field-option\"><input type=\"radio\" value=\"5\" id=\"form-field-field_7c03228-0\" name=\"form_fields[field_7c03228]\" required=\"required\"> <label for=\"form-field-field_7c03228-0\">\u2605<\/label><\/span><span class=\"elementor-field-option\"><input type=\"radio\" value=\"4\" id=\"form-field-field_7c03228-1\" name=\"form_fields[field_7c03228]\" required=\"required\"> <label for=\"form-field-field_7c03228-1\">\u2605\u2605<\/label><\/span><span class=\"elementor-field-option\"><input type=\"radio\" value=\"3\" id=\"form-field-field_7c03228-2\" name=\"form_fields[field_7c03228]\" required=\"required\"> <label for=\"form-field-field_7c03228-2\">\u2605\u2605\u2605<\/label><\/span><span class=\"elementor-field-option\"><input type=\"radio\" value=\"2\" id=\"form-field-field_7c03228-3\" name=\"form_fields[field_7c03228]\" required=\"required\"> <label for=\"form-field-field_7c03228-3\">\u2605\u2605\u2605\u2605<\/label><\/span><span class=\"elementor-field-option\"><input type=\"radio\" value=\"1\" id=\"form-field-field_7c03228-4\" name=\"form_fields[field_7c03228]\" required=\"required\"> <label for=\"form-field-field_7c03228-4\">\u2605\u2605\u2605\u2605\u2605<\/label><\/span><\/div>\t\t\t\t<\/div>\n\t\t\t\t\t\t\t\t<div class=\"elementor-field-group elementor-column elementor-field-type-submit elementor-col-100 e-form__buttons\">\n\t\t\t\t\t<button class=\"elementor-button elementor-size-sm\" type=\"submit\">\n\t\t\t\t\t\t<span class=\"elementor-button-content-wrapper\">\n\t\t\t\t\t\t\t\t\t\t\t\t\t\t\t\t\t\t\t\t\t\t<span class=\"elementor-button-text\">Envoyer<\/span>\n\t\t\t\t\t\t\t\t\t\t\t\t\t<\/span>\n\t\t\t\t\t<\/button>\n\t\t\t\t<\/div>\n\t\t\t<\/div>\n\t\t<\/form>\n\t\t\t\t\t\t<\/div>\n\t\t\t\t<\/div>\n\t\t\t\t<div class=\"elementor-element elementor-element-e7009fd elementor-widget elementor-widget-text-editor\" data-id=\"e7009fd\" data-element_type=\"widget\" data-e-type=\"widget\" data-widget_type=\"text-editor.default\">\n\t\t\t\t<div class=\"elementor-widget-container\">\n\t\t\t\t\t\t\t\t\t<p>Pas besoin d\u2019\u00e9crire un long message.<br data-start=\"905\" data-end=\"908\" \/>Ton avis peut aider d\u2019autres parents \u00e0 choisir\u2026<br data-start=\"955\" data-end=\"958\" \/>Et surtout, il nous est pr\u00e9cieux \ud83d\udc9b<\/p>\t\t\t\t\t\t\t\t<\/div>\n\t\t\t\t<\/div>\n\t\t\t\t<div class=\"elementor-element elementor-element-a969ed3 elementor-widget elementor-widget-text-editor\" data-id=\"a969ed3\" data-element_type=\"widget\" data-e-type=\"widget\" data-widget_type=\"text-editor.default\">\n\t\t\t\t<div class=\"elementor-widget-container\">\n\t\t\t\t\t\t\t\t\t<p data-start=\"1058\" data-end=\"1109\"><strong data-start=\"1058\" data-end=\"1109\">Merci de faire partie de l\u2019aventure Croctoys \ud83c\udf31<\/strong><\/p>\t\t\t\t\t\t\t\t<\/div>\n\t\t\t\t<\/div>\n\t\t\t\t\t<\/div>\n\t\t\t\t<\/div>\n\t\t\t\t<\/div>\n\t\t","protected":false},"excerpt":{"rendered":"<p>Merci d\u2019\u00eatre l\u00e0 &#x1f49b; Chez Croctoys, chaque retour compte vraiment.Ton avis nous aide \u00e0 am\u00e9liorer nos kits et \u00e0 faire encore plus plaisir aux enfants\u00a0 Ton exp\u00e9rience nous int\u00e9resse ! As-tu aim\u00e9 le produit ? \u00c9tait-il facile \u00e0 utiliser ? Les enfants ont-ils pris du plaisir ? &#x2b07;&#xfe0f; Partage ton avis &#x2b07;&#xfe0f; Pas besoin d\u2019\u00e9crire [&hellip;]<\/p>\n","protected":false},"author":1,"featured_media":0,"parent":0,"menu_order":0,"comment_status":"closed","ping_status":"closed","template":"","meta":{"footnotes":""},"class_list":["post-3016","page","type-page","status-publish","hentry"],"yoast_head":"<!-- This site is optimized with the Yoast SEO plugin v27.5 - https:\/\/yoast.com\/product\/yoast-seo-wordpress\/ -->\n<title>avis - activit\u00e9 d&#039;\u00e9veil - bricolage \\ fabrication artisanale et fran\u00e7aise<\/title>\n<meta name=\"robots\" content=\"index, follow, max-snippet:-1, max-image-preview:large, max-video-preview:-1\" \/>\n<link rel=\"canonical\" href=\"https:\/\/croctoys.com\/en\/avis\/\" \/>\n<meta property=\"og:locale\" content=\"en_GB\" \/>\n<meta property=\"og:type\" content=\"article\" \/>\n<meta property=\"og:title\" content=\"avis - activit\u00e9 d&#039;\u00e9veil - bricolage \\ fabrication artisanale et fran\u00e7aise\" \/>\n<meta property=\"og:description\" content=\"Merci d\u2019\u00eatre l\u00e0 &#x1f49b; Chez Croctoys, chaque retour compte vraiment.Ton avis nous aide \u00e0 am\u00e9liorer nos kits et \u00e0 faire encore plus plaisir aux enfants\u00a0 Ton exp\u00e9rience nous int\u00e9resse ! As-tu aim\u00e9 le produit ? \u00c9tait-il facile \u00e0 utiliser ? Les enfants ont-ils pris du plaisir ? &#x2b07;&#xfe0f; Partage ton avis &#x2b07;&#xfe0f; Pas besoin d\u2019\u00e9crire [&hellip;]\" \/>\n<meta property=\"og:url\" content=\"https:\/\/croctoys.com\/en\/avis\/\" \/>\n<meta property=\"og:site_name\" content=\"activit\u00e9 d&#039;\u00e9veil - bricolage \\ fabrication artisanale et fran\u00e7aise\" \/>\n<meta property=\"article:publisher\" content=\"https:\/\/www.facebook.com\/profile.php?id=100054730270822\" \/>\n<meta property=\"article:modified_time\" content=\"2026-04-01T12:05:12+00:00\" \/>\n<meta name=\"twitter:card\" content=\"summary_large_image\" \/>\n<meta name=\"twitter:label1\" content=\"Estimated reading time\" \/>\n\t<meta name=\"twitter:data1\" content=\"2 minutes\" \/>\n<script type=\"application\/ld+json\" class=\"yoast-schema-graph\">{\"@context\":\"https:\\\/\\\/schema.org\",\"@graph\":[{\"@type\":\"WebPage\",\"@id\":\"https:\\\/\\\/croctoys.com\\\/avis\\\/\",\"url\":\"https:\\\/\\\/croctoys.com\\\/avis\\\/\",\"name\":\"avis - activit\u00e9 d&#039;\u00e9veil - bricolage \\\\ fabrication artisanale et fran\u00e7aise\",\"isPartOf\":{\"@id\":\"https:\\\/\\\/croctoys.com\\\/#website\"},\"datePublished\":\"2026-04-01T10:32:34+00:00\",\"dateModified\":\"2026-04-01T12:05:12+00:00\",\"breadcrumb\":{\"@id\":\"https:\\\/\\\/croctoys.com\\\/avis\\\/#breadcrumb\"},\"inLanguage\":\"en-GB\",\"potentialAction\":[{\"@type\":\"ReadAction\",\"target\":[\"https:\\\/\\\/croctoys.com\\\/avis\\\/\"]}]},{\"@type\":\"BreadcrumbList\",\"@id\":\"https:\\\/\\\/croctoys.com\\\/avis\\\/#breadcrumb\",\"itemListElement\":[{\"@type\":\"ListItem\",\"position\":1,\"name\":\"Accueil\",\"item\":\"https:\\\/\\\/croctoys.com\\\/\"},{\"@type\":\"ListItem\",\"position\":2,\"name\":\"avis\"}]},{\"@type\":\"WebSite\",\"@id\":\"https:\\\/\\\/croctoys.com\\\/#website\",\"url\":\"https:\\\/\\\/croctoys.com\\\/\",\"name\":\"activit\u00e9 d'eveil - bricolage fabrication artisanale et fran\u00e7aise\",\"description\":\"Jouets en bois \u00e0 assembler\",\"publisher\":{\"@id\":\"https:\\\/\\\/croctoys.com\\\/#organization\"},\"potentialAction\":[{\"@type\":\"SearchAction\",\"target\":{\"@type\":\"EntryPoint\",\"urlTemplate\":\"https:\\\/\\\/croctoys.com\\\/?s={search_term_string}\"},\"query-input\":{\"@type\":\"PropertyValueSpecification\",\"valueRequired\":true,\"valueName\":\"search_term_string\"}}],\"inLanguage\":\"en-GB\"},{\"@type\":\"Organization\",\"@id\":\"https:\\\/\\\/croctoys.com\\\/#organization\",\"name\":\"Croc toys\",\"url\":\"https:\\\/\\\/croctoys.com\\\/\",\"logo\":{\"@type\":\"ImageObject\",\"inLanguage\":\"en-GB\",\"@id\":\"https:\\\/\\\/croctoys.com\\\/#\\\/schema\\\/logo\\\/image\\\/\",\"url\":\"https:\\\/\\\/croctoys.com\\\/wp-content\\\/uploads\\\/2023\\\/09\\\/logo@4x-fond-blanc.png\",\"contentUrl\":\"https:\\\/\\\/croctoys.com\\\/wp-content\\\/uploads\\\/2023\\\/09\\\/logo@4x-fond-blanc.png\",\"width\":1185,\"height\":1185,\"caption\":\"Croc toys\"},\"image\":{\"@id\":\"https:\\\/\\\/croctoys.com\\\/#\\\/schema\\\/logo\\\/image\\\/\"},\"sameAs\":[\"https:\\\/\\\/www.facebook.com\\\/profile.php?id=100054730270822\",\"https:\\\/\\\/www.instagram.com\\\/croctoys\"]}]}<\/script>\n<!-- \/ Yoast SEO plugin. -->","yoast_head_json":{"title":"avis - activit\u00e9 d&#039;\u00e9veil - bricolage \\ fabrication artisanale et fran\u00e7aise","robots":{"index":"index","follow":"follow","max-snippet":"max-snippet:-1","max-image-preview":"max-image-preview:large","max-video-preview":"max-video-preview:-1"},"canonical":"https:\/\/croctoys.com\/en\/avis\/","og_locale":"en_GB","og_type":"article","og_title":"avis - activit\u00e9 d&#039;\u00e9veil - bricolage \\ fabrication artisanale et fran\u00e7aise","og_description":"Merci d\u2019\u00eatre l\u00e0 &#x1f49b; Chez Croctoys, chaque retour compte vraiment.Ton avis nous aide \u00e0 am\u00e9liorer nos kits et \u00e0 faire encore plus plaisir aux enfants\u00a0 Ton exp\u00e9rience nous int\u00e9resse ! As-tu aim\u00e9 le produit ? \u00c9tait-il facile \u00e0 utiliser ? Les enfants ont-ils pris du plaisir ? &#x2b07;&#xfe0f; Partage ton avis &#x2b07;&#xfe0f; Pas besoin d\u2019\u00e9crire [&hellip;]","og_url":"https:\/\/croctoys.com\/en\/avis\/","og_site_name":"activit\u00e9 d&#039;\u00e9veil - bricolage \\ fabrication artisanale et fran\u00e7aise","article_publisher":"https:\/\/www.facebook.com\/profile.php?id=100054730270822","article_modified_time":"2026-04-01T12:05:12+00:00","twitter_card":"summary_large_image","twitter_misc":{"Estimated reading time":"2 minutes"},"schema":{"@context":"https:\/\/schema.org","@graph":[{"@type":"WebPage","@id":"https:\/\/croctoys.com\/avis\/","url":"https:\/\/croctoys.com\/avis\/","name":"avis - activit\u00e9 d&#039;\u00e9veil - bricolage \\ fabrication artisanale et fran\u00e7aise","isPartOf":{"@id":"https:\/\/croctoys.com\/#website"},"datePublished":"2026-04-01T10:32:34+00:00","dateModified":"2026-04-01T12:05:12+00:00","breadcrumb":{"@id":"https:\/\/croctoys.com\/avis\/#breadcrumb"},"inLanguage":"en-GB","potentialAction":[{"@type":"ReadAction","target":["https:\/\/croctoys.com\/avis\/"]}]},{"@type":"BreadcrumbList","@id":"https:\/\/croctoys.com\/avis\/#breadcrumb","itemListElement":[{"@type":"ListItem","position":1,"name":"Accueil","item":"https:\/\/croctoys.com\/"},{"@type":"ListItem","position":2,"name":"avis"}]},{"@type":"WebSite","@id":"https:\/\/croctoys.com\/#website","url":"https:\/\/croctoys.com\/","name":"activit\u00e9 d'eveil - bricolage fabrication artisanale et fran\u00e7aise","description":"Wooden toys to craft","publisher":{"@id":"https:\/\/croctoys.com\/#organization"},"potentialAction":[{"@type":"SearchAction","target":{"@type":"EntryPoint","urlTemplate":"https:\/\/croctoys.com\/?s={search_term_string}"},"query-input":{"@type":"PropertyValueSpecification","valueRequired":true,"valueName":"search_term_string"}}],"inLanguage":"en-GB"},{"@type":"Organization","@id":"https:\/\/croctoys.com\/#organization","name":"Croc toys","url":"https:\/\/croctoys.com\/","logo":{"@type":"ImageObject","inLanguage":"en-GB","@id":"https:\/\/croctoys.com\/#\/schema\/logo\/image\/","url":"https:\/\/croctoys.com\/wp-content\/uploads\/2023\/09\/logo@4x-fond-blanc.png","contentUrl":"https:\/\/croctoys.com\/wp-content\/uploads\/2023\/09\/logo@4x-fond-blanc.png","width":1185,"height":1185,"caption":"Croc toys"},"image":{"@id":"https:\/\/croctoys.com\/#\/schema\/logo\/image\/"},"sameAs":["https:\/\/www.facebook.com\/profile.php?id=100054730270822","https:\/\/www.instagram.com\/croctoys"]}]}},"jetpack_sharing_enabled":true,"_links":{"self":[{"href":"https:\/\/croctoys.com\/en\/wp-json\/wp\/v2\/pages\/3016","targetHints":{"allow":["GET"]}}],"collection":[{"href":"https:\/\/croctoys.com\/en\/wp-json\/wp\/v2\/pages"}],"about":[{"href":"https:\/\/croctoys.com\/en\/wp-json\/wp\/v2\/types\/page"}],"author":[{"embeddable":true,"href":"https:\/\/croctoys.com\/en\/wp-json\/wp\/v2\/users\/1"}],"replies":[{"embeddable":true,"href":"https:\/\/croctoys.com\/en\/wp-json\/wp\/v2\/comments?post=3016"}],"version-history":[{"count":40,"href":"https:\/\/croctoys.com\/en\/wp-json\/wp\/v2\/pages\/3016\/revisions"}],"predecessor-version":[{"id":3060,"href":"https:\/\/croctoys.com\/en\/wp-json\/wp\/v2\/pages\/3016\/revisions\/3060"}],"wp:attachment":[{"href":"https:\/\/croctoys.com\/en\/wp-json\/wp\/v2\/media?parent=3016"}],"curies":[{"name":"wp","href":"https:\/\/api.w.org\/{rel}","templated":true}]}}