{"id":908,"date":"2021-10-17T21:59:59","date_gmt":"2021-10-17T21:59:59","guid":{"rendered":"https:\/\/CrocToys.com\/?page_id=908"},"modified":"2026-03-11T14:37:59","modified_gmt":"2026-03-11T13:37:59","slug":"remboursements_retours","status":"publish","type":"page","link":"https:\/\/croctoys.com\/en\/remboursements_retours\/","title":{"rendered":"Politique en mati\u00e8re de remboursements et de retours"},"content":{"rendered":"<h3 class=\"wp-block-heading\">Retours<\/h3>\n\n\n\n<ul class=\"wp-block-list\">\n<li>Les retours contre \u00e9changes ou remboursement sont accept\u00e9s sans justification pendant 14 jours apr\u00e8s r\u00e9ception de la commande.\n<ul class=\"wp-block-list\">\n<li>Les frais d&rsquo;exp\u00e9ditions pour le retour seront \u00e0 votre charge et ne seront pas rembours\u00e9s.<\/li>\n\n\n\n<li>Pour \u00eatre retourn\u00e9 le produit doit \u00eatre intact, inutilis\u00e9 et retourn\u00e9 dans son emballage d&rsquo;origine.<\/li>\n\n\n\n<li>Les retours doivent en outre \u00eatre accompagn\u00e9 du bon de retour fournis par nos soin sur demande \u00e0 l&rsquo;adresse suivante : contact@maxprod.fr<\/li>\n\n\n\n<li>L&rsquo;adresse d&rsquo;exp\u00e9dition des retours est indiqu\u00e9e sur le bon de retour.<\/li>\n<\/ul>\n<\/li>\n<\/ul>\n\n\n\n<h3 class=\"wp-block-heading\">Remboursements<\/h3>\n\n\n\n<p>Une fois votre produit re\u00e7u et inspect\u00e9 nous vous enverront un email de confirmation indiquant la d\u00e9cision finale de remboursement.<\/p>\n\n\n\n<p>Les fonds seront ensuite retourn\u00e9 directement sur votre carte de paiement ou via la m\u00e9thode de paiement utilis\u00e9e pour votre achat.<\/p>\n\n\n\n<h3 class=\"wp-block-heading\">Besoin d&rsquo;aide ?<\/h3>\n\n\n\n<p>Contactez nous directement \u00e0 l&rsquo;adresse suivante : contact@maxprod.fr. Nous nous efforceront de vous aider !<\/p>","protected":false},"excerpt":{"rendered":"<p>Retours Remboursements Une fois votre produit re\u00e7u et inspect\u00e9 nous vous enverront un email de confirmation indiquant la d\u00e9cision finale de remboursement. Les fonds seront ensuite retourn\u00e9 directement sur votre carte de paiement ou via la m\u00e9thode de paiement utilis\u00e9e pour votre achat. Besoin d&rsquo;aide ? Contactez nous directement \u00e0 l&rsquo;adresse suivante : contact@maxprod.fr. Nous [&hellip;]<\/p>\n","protected":false},"author":1,"featured_media":0,"parent":0,"menu_order":0,"comment_status":"closed","ping_status":"closed","template":"","meta":{"footnotes":""},"class_list":["post-908","page","type-page","status-publish","hentry"],"yoast_head":"<!-- This site is optimized with the Yoast SEO plugin v27.5 - https:\/\/yoast.com\/product\/yoast-seo-wordpress\/ -->\n<title>Politique en mati\u00e8re de remboursements et de retours - activit\u00e9 d&#039;\u00e9veil - bricolage \\ fabrication artisanale et fran\u00e7aise<\/title>\n<meta name=\"robots\" content=\"index, follow, max-snippet:-1, max-image-preview:large, max-video-preview:-1\" \/>\n<link rel=\"canonical\" href=\"https:\/\/croctoys.com\/en\/remboursements_retours\/\" \/>\n<meta property=\"og:locale\" content=\"en_GB\" \/>\n<meta property=\"og:type\" content=\"article\" \/>\n<meta property=\"og:title\" content=\"Politique en mati\u00e8re de remboursements et de retours - activit\u00e9 d&#039;\u00e9veil - bricolage \\ fabrication artisanale et fran\u00e7aise\" \/>\n<meta property=\"og:description\" content=\"Retours Remboursements Une fois votre produit re\u00e7u et inspect\u00e9 nous vous enverront un email de confirmation indiquant la d\u00e9cision finale de remboursement. Les fonds seront ensuite retourn\u00e9 directement sur votre carte de paiement ou via la m\u00e9thode de paiement utilis\u00e9e pour votre achat. Besoin d&rsquo;aide ? Contactez nous directement \u00e0 l&rsquo;adresse suivante : contact@maxprod.fr. Nous [&hellip;]\" \/>\n<meta property=\"og:url\" content=\"https:\/\/croctoys.com\/en\/remboursements_retours\/\" \/>\n<meta property=\"og:site_name\" content=\"activit\u00e9 d&#039;\u00e9veil - bricolage \\ fabrication artisanale et fran\u00e7aise\" \/>\n<meta property=\"article:publisher\" content=\"https:\/\/www.facebook.com\/profile.php?id=100054730270822\" \/>\n<meta property=\"article:modified_time\" content=\"2026-03-11T13:37:59+00:00\" \/>\n<meta name=\"twitter:card\" content=\"summary_large_image\" \/>\n<meta name=\"twitter:label1\" content=\"Estimated reading time\" \/>\n\t<meta name=\"twitter:data1\" content=\"1 minute\" \/>\n<script type=\"application\/ld+json\" class=\"yoast-schema-graph\">{\"@context\":\"https:\\\/\\\/schema.org\",\"@graph\":[{\"@type\":\"WebPage\",\"@id\":\"https:\\\/\\\/croctoys.com\\\/remboursements_retours\\\/\",\"url\":\"https:\\\/\\\/croctoys.com\\\/remboursements_retours\\\/\",\"name\":\"Politique en mati\u00e8re de remboursements et de retours - activit\u00e9 d&#039;\u00e9veil - bricolage \\\\ fabrication artisanale et fran\u00e7aise\",\"isPartOf\":{\"@id\":\"https:\\\/\\\/croctoys.com\\\/#website\"},\"datePublished\":\"2021-10-17T21:59:59+00:00\",\"dateModified\":\"2026-03-11T13:37:59+00:00\",\"breadcrumb\":{\"@id\":\"https:\\\/\\\/croctoys.com\\\/remboursements_retours\\\/#breadcrumb\"},\"inLanguage\":\"en-GB\",\"potentialAction\":[{\"@type\":\"ReadAction\",\"target\":[\"https:\\\/\\\/croctoys.com\\\/remboursements_retours\\\/\"]}]},{\"@type\":\"BreadcrumbList\",\"@id\":\"https:\\\/\\\/croctoys.com\\\/remboursements_retours\\\/#breadcrumb\",\"itemListElement\":[{\"@type\":\"ListItem\",\"position\":1,\"name\":\"Accueil\",\"item\":\"https:\\\/\\\/croctoys.com\\\/\"},{\"@type\":\"ListItem\",\"position\":2,\"name\":\"Politique en mati\u00e8re de remboursements et de retours\"}]},{\"@type\":\"WebSite\",\"@id\":\"https:\\\/\\\/croctoys.com\\\/#website\",\"url\":\"https:\\\/\\\/croctoys.com\\\/\",\"name\":\"activit\u00e9 d'eveil - bricolage fabrication artisanale et fran\u00e7aise\",\"description\":\"Jouets en bois \u00e0 assembler\",\"publisher\":{\"@id\":\"https:\\\/\\\/croctoys.com\\\/#organization\"},\"potentialAction\":[{\"@type\":\"SearchAction\",\"target\":{\"@type\":\"EntryPoint\",\"urlTemplate\":\"https:\\\/\\\/croctoys.com\\\/?s={search_term_string}\"},\"query-input\":{\"@type\":\"PropertyValueSpecification\",\"valueRequired\":true,\"valueName\":\"search_term_string\"}}],\"inLanguage\":\"en-GB\"},{\"@type\":\"Organization\",\"@id\":\"https:\\\/\\\/croctoys.com\\\/#organization\",\"name\":\"Croc toys\",\"url\":\"https:\\\/\\\/croctoys.com\\\/\",\"logo\":{\"@type\":\"ImageObject\",\"inLanguage\":\"en-GB\",\"@id\":\"https:\\\/\\\/croctoys.com\\\/#\\\/schema\\\/logo\\\/image\\\/\",\"url\":\"https:\\\/\\\/croctoys.com\\\/wp-content\\\/uploads\\\/2023\\\/09\\\/logo@4x-fond-blanc.png\",\"contentUrl\":\"https:\\\/\\\/croctoys.com\\\/wp-content\\\/uploads\\\/2023\\\/09\\\/logo@4x-fond-blanc.png\",\"width\":1185,\"height\":1185,\"caption\":\"Croc toys\"},\"image\":{\"@id\":\"https:\\\/\\\/croctoys.com\\\/#\\\/schema\\\/logo\\\/image\\\/\"},\"sameAs\":[\"https:\\\/\\\/www.facebook.com\\\/profile.php?id=100054730270822\",\"https:\\\/\\\/www.instagram.com\\\/croctoys\"]}]}<\/script>\n<!-- \/ Yoast SEO plugin. -->","yoast_head_json":{"title":"Politique en mati\u00e8re de remboursements et de retours - activit\u00e9 d&#039;\u00e9veil - bricolage \\ fabrication artisanale et fran\u00e7aise","robots":{"index":"index","follow":"follow","max-snippet":"max-snippet:-1","max-image-preview":"max-image-preview:large","max-video-preview":"max-video-preview:-1"},"canonical":"https:\/\/croctoys.com\/en\/remboursements_retours\/","og_locale":"en_GB","og_type":"article","og_title":"Politique en mati\u00e8re de remboursements et de retours - activit\u00e9 d&#039;\u00e9veil - bricolage \\ fabrication artisanale et fran\u00e7aise","og_description":"Retours Remboursements Une fois votre produit re\u00e7u et inspect\u00e9 nous vous enverront un email de confirmation indiquant la d\u00e9cision finale de remboursement. Les fonds seront ensuite retourn\u00e9 directement sur votre carte de paiement ou via la m\u00e9thode de paiement utilis\u00e9e pour votre achat. Besoin d&rsquo;aide ? Contactez nous directement \u00e0 l&rsquo;adresse suivante : contact@maxprod.fr. Nous [&hellip;]","og_url":"https:\/\/croctoys.com\/en\/remboursements_retours\/","og_site_name":"activit\u00e9 d&#039;\u00e9veil - bricolage \\ fabrication artisanale et fran\u00e7aise","article_publisher":"https:\/\/www.facebook.com\/profile.php?id=100054730270822","article_modified_time":"2026-03-11T13:37:59+00:00","twitter_card":"summary_large_image","twitter_misc":{"Estimated reading time":"1 minute"},"schema":{"@context":"https:\/\/schema.org","@graph":[{"@type":"WebPage","@id":"https:\/\/croctoys.com\/remboursements_retours\/","url":"https:\/\/croctoys.com\/remboursements_retours\/","name":"Politique en mati\u00e8re de remboursements et de retours - activit\u00e9 d&#039;\u00e9veil - bricolage \\ fabrication artisanale et fran\u00e7aise","isPartOf":{"@id":"https:\/\/croctoys.com\/#website"},"datePublished":"2021-10-17T21:59:59+00:00","dateModified":"2026-03-11T13:37:59+00:00","breadcrumb":{"@id":"https:\/\/croctoys.com\/remboursements_retours\/#breadcrumb"},"inLanguage":"en-GB","potentialAction":[{"@type":"ReadAction","target":["https:\/\/croctoys.com\/remboursements_retours\/"]}]},{"@type":"BreadcrumbList","@id":"https:\/\/croctoys.com\/remboursements_retours\/#breadcrumb","itemListElement":[{"@type":"ListItem","position":1,"name":"Accueil","item":"https:\/\/croctoys.com\/"},{"@type":"ListItem","position":2,"name":"Politique en mati\u00e8re de remboursements et de retours"}]},{"@type":"WebSite","@id":"https:\/\/croctoys.com\/#website","url":"https:\/\/croctoys.com\/","name":"activit\u00e9 d'eveil - bricolage fabrication artisanale et fran\u00e7aise","description":"Wooden toys to craft","publisher":{"@id":"https:\/\/croctoys.com\/#organization"},"potentialAction":[{"@type":"SearchAction","target":{"@type":"EntryPoint","urlTemplate":"https:\/\/croctoys.com\/?s={search_term_string}"},"query-input":{"@type":"PropertyValueSpecification","valueRequired":true,"valueName":"search_term_string"}}],"inLanguage":"en-GB"},{"@type":"Organization","@id":"https:\/\/croctoys.com\/#organization","name":"Croc toys","url":"https:\/\/croctoys.com\/","logo":{"@type":"ImageObject","inLanguage":"en-GB","@id":"https:\/\/croctoys.com\/#\/schema\/logo\/image\/","url":"https:\/\/croctoys.com\/wp-content\/uploads\/2023\/09\/logo@4x-fond-blanc.png","contentUrl":"https:\/\/croctoys.com\/wp-content\/uploads\/2023\/09\/logo@4x-fond-blanc.png","width":1185,"height":1185,"caption":"Croc toys"},"image":{"@id":"https:\/\/croctoys.com\/#\/schema\/logo\/image\/"},"sameAs":["https:\/\/www.facebook.com\/profile.php?id=100054730270822","https:\/\/www.instagram.com\/croctoys"]}]}},"jetpack_sharing_enabled":true,"_links":{"self":[{"href":"https:\/\/croctoys.com\/en\/wp-json\/wp\/v2\/pages\/908","targetHints":{"allow":["GET"]}}],"collection":[{"href":"https:\/\/croctoys.com\/en\/wp-json\/wp\/v2\/pages"}],"about":[{"href":"https:\/\/croctoys.com\/en\/wp-json\/wp\/v2\/types\/page"}],"author":[{"embeddable":true,"href":"https:\/\/croctoys.com\/en\/wp-json\/wp\/v2\/users\/1"}],"replies":[{"embeddable":true,"href":"https:\/\/croctoys.com\/en\/wp-json\/wp\/v2\/comments?post=908"}],"version-history":[{"count":3,"href":"https:\/\/croctoys.com\/en\/wp-json\/wp\/v2\/pages\/908\/revisions"}],"predecessor-version":[{"id":2998,"href":"https:\/\/croctoys.com\/en\/wp-json\/wp\/v2\/pages\/908\/revisions\/2998"}],"wp:attachment":[{"href":"https:\/\/croctoys.com\/en\/wp-json\/wp\/v2\/media?parent=908"}],"curies":[{"name":"wp","href":"https:\/\/api.w.org\/{rel}","templated":true}]}}