{"id":138,"date":"2021-04-24T19:52:45","date_gmt":"2021-04-24T18:52:45","guid":{"rendered":"https:\/\/CrocToys.com\/?post_type=product&#038;p=138"},"modified":"2026-03-10T13:28:16","modified_gmt":"2026-03-10T12:28:16","slug":"anne","status":"publish","type":"product","link":"https:\/\/croctoys.com\/en\/product\/anne\/","title":{"rendered":"ANNE"},"content":{"rendered":"<div class=\"ljqsnud1 ii04i59q\" dir=\"auto\" role=\"none\">Share weekend between mates, doing long trip with a crew, spend nights below the stars around a firepit on the beach. Anne the super van will quickly find her Fans. She is built without stress and is super cool, Anne !<\/div>\n<p><strong>Plusses :\u00a0<\/strong><\/p>\n<ul>\n<li>Give a unique car that you built for your child.<\/li>\n<li>Easy to build alone and with the child (Child building alone from 8)<\/li>\n<li>Everything included, no need to have tools at home<\/li>\n<li>A toy build by someone close is a very special toy. It will be use more and longer than just a toy.<\/li>\n<li>Made out of wood, in France<\/li>\n<\/ul>\n<p><strong>Content of the kit<\/strong><\/p>\n<ul>\n<li>Precut board for the car<\/li>\n<li>Printed wheels<\/li>\n<li>Alignment and structural dowels<\/li>\n<li>Wood glue (25g)<\/li>\n<li>File<\/li>\n<li>Rubber band<\/li>\n<li>Building instruction<\/li>\n<\/ul>\n<div class=\"0-3-warning\"><img decoding=\"async\" class=\"wp-image-2112\" src=\"https:\/\/croctoys.com\/wp-content\/uploads\/2023\/09\/picto-0-3ans-150x150.png\" alt=\"Ne convient pas aux enfants de moins de 36 mois.\" width=\"100\" height=\"100\" srcset=\"https:\/\/croctoys.com\/wp-content\/uploads\/2023\/09\/picto-0-3ans-150x150.png 150w, https:\/\/croctoys.com\/wp-content\/uploads\/2023\/09\/picto-0-3ans-300x300.png 300w, https:\/\/croctoys.com\/wp-content\/uploads\/2023\/09\/picto-0-3ans-12x12.png 12w, https:\/\/croctoys.com\/wp-content\/uploads\/2023\/09\/picto-0-3ans-100x100.png 100w, https:\/\/croctoys.com\/wp-content\/uploads\/2023\/09\/picto-0-3ans.png 450w\" sizes=\"(max-width: 100px) 100vw, 100px\" \/><br \/>\nNot suitable for children under 36 month. Choking hazard.<\/div>","protected":false},"excerpt":{"rendered":"<div class=\"ns4p8fja j83agx80 cbu4d94t a6sixzi8 bkfpd7mw a1xu1aao\" role=\"none\">\n<div class=\"aovydwv3 j83agx80 cbu4d94t d2edcug0 l9j0dhe7\">\n<div class=\"j83agx80 k4urcfbm\" role=\"none\">\n<div class=\"l60d2q6s d1544ag0 sj5x9vvc tw6a2znq l9j0dhe7 ni8dbmo4 stjgntxs e72ty7fz kdgqqoy6 ihh4hy1g qmr60zad jm1wdb64 qv66sw1b ljqsnud1 odn2s2vf tkr6xdv7\" role=\"none\">\n<div class=\"rq0escxv l9j0dhe7 du4w35lb __fb-light-mode\" role=\"none\">\n<div class=\"ljqsnud1 ii04i59q\" dir=\"auto\" role=\"none\">Share weekend between mates, doing long trip with a crew, spend nights below the stars around a firepit on the beach. Anne the super van will quickly find her Fans. She is built without stress and is super cool, Anne !<\/div>\n<\/div>\n<div dir=\"auto\" role=\"none\"><\/div>\n<div dir=\"auto\" role=\"none\">Built size : 10 x 4,8 x 5 cm<\/div>\n<\/div>\n<\/div>\n<\/div>\n<\/div>","protected":false},"featured_media":2923,"comment_status":"open","ping_status":"closed","template":"","meta":[],"product_brand":[],"product_cat":[25],"product_tag":[],"class_list":{"0":"post-138","1":"product","2":"type-product","3":"status-publish","4":"has-post-thumbnail","6":"product_cat-bolides","7":"product_shipping_class-bolide","9":"first","10":"instock","11":"taxable","12":"shipping-taxable","13":"purchasable","14":"product-type-simple"},"yoast_head":"<!-- This site is optimized with the Yoast SEO plugin v27.4 - https:\/\/yoast.com\/product\/yoast-seo-wordpress\/ -->\n<title>ANNE - activit\u00e9 d&#039;\u00e9veil - bricolage \\ fabrication artisanale et fran\u00e7aise<\/title>\n<meta name=\"description\" content=\"Jouet en bois en kit facile \u00e0 assembler. Super activit\u00e9 de transmission parent-enfant pour initier nos tout petits aux joies du bricolage.\" \/>\n<meta name=\"robots\" content=\"index, follow, max-snippet:-1, max-image-preview:large, max-video-preview:-1\" \/>\n<link rel=\"canonical\" href=\"https:\/\/croctoys.com\/en\/product\/anne\/\" \/>\n<meta property=\"og:locale\" content=\"en_GB\" \/>\n<meta property=\"og:type\" content=\"article\" \/>\n<meta property=\"og:title\" content=\"ANNE - activit\u00e9 d&#039;\u00e9veil - bricolage \\ fabrication artisanale et fran\u00e7aise\" \/>\n<meta property=\"og:description\" content=\"Jouet en bois en kit facile \u00e0 assembler. Super activit\u00e9 de transmission parent-enfant pour initier nos tout petits aux joies du bricolage.\" \/>\n<meta property=\"og:url\" content=\"https:\/\/croctoys.com\/en\/product\/anne\/\" \/>\n<meta property=\"og:site_name\" content=\"activit\u00e9 d&#039;\u00e9veil - bricolage \\ fabrication artisanale et fran\u00e7aise\" \/>\n<meta property=\"article:publisher\" content=\"https:\/\/www.facebook.com\/profile.php?id=100054730270822\" \/>\n<meta property=\"article:modified_time\" content=\"2026-03-10T12:28:16+00:00\" \/>\n<meta property=\"og:image\" content=\"https:\/\/croctoys.com\/wp-content\/uploads\/2025\/05\/anne-front.jpg\" \/>\n\t<meta property=\"og:image:width\" content=\"2000\" \/>\n\t<meta property=\"og:image:height\" content=\"2000\" \/>\n\t<meta property=\"og:image:type\" content=\"image\/webp\" \/>\n<meta name=\"twitter:card\" content=\"summary_large_image\" \/>\n<meta name=\"twitter:label1\" content=\"Estimated reading time\" \/>\n\t<meta name=\"twitter:data1\" content=\"2 minutes\" \/>\n<script type=\"application\/ld+json\" class=\"yoast-schema-graph\">{\"@context\":\"https:\\\/\\\/schema.org\",\"@graph\":[{\"@type\":\"WebPage\",\"@id\":\"https:\\\/\\\/croctoys.com\\\/produit\\\/anne\\\/\",\"url\":\"https:\\\/\\\/croctoys.com\\\/produit\\\/anne\\\/\",\"name\":\"ANNE - activit\u00e9 d&#039;\u00e9veil - bricolage \\\\ fabrication artisanale et fran\u00e7aise\",\"isPartOf\":{\"@id\":\"https:\\\/\\\/croctoys.com\\\/#website\"},\"primaryImageOfPage\":{\"@id\":\"https:\\\/\\\/croctoys.com\\\/produit\\\/anne\\\/#primaryimage\"},\"image\":{\"@id\":\"https:\\\/\\\/croctoys.com\\\/produit\\\/anne\\\/#primaryimage\"},\"thumbnailUrl\":\"https:\\\/\\\/croctoys.com\\\/wp-content\\\/uploads\\\/2025\\\/05\\\/anne-front.jpg\",\"datePublished\":\"2021-04-24T18:52:45+00:00\",\"dateModified\":\"2026-03-10T12:28:16+00:00\",\"description\":\"Jouet en bois en kit facile \u00e0 assembler. Super activit\u00e9 de transmission parent-enfant pour initier nos tout petits aux joies du bricolage.\",\"breadcrumb\":{\"@id\":\"https:\\\/\\\/croctoys.com\\\/produit\\\/anne\\\/#breadcrumb\"},\"inLanguage\":\"en-GB\",\"potentialAction\":[{\"@type\":\"ReadAction\",\"target\":[\"https:\\\/\\\/croctoys.com\\\/produit\\\/anne\\\/\"]}]},{\"@type\":\"ImageObject\",\"inLanguage\":\"en-GB\",\"@id\":\"https:\\\/\\\/croctoys.com\\\/produit\\\/anne\\\/#primaryimage\",\"url\":\"https:\\\/\\\/croctoys.com\\\/wp-content\\\/uploads\\\/2025\\\/05\\\/anne-front.jpg\",\"contentUrl\":\"https:\\\/\\\/croctoys.com\\\/wp-content\\\/uploads\\\/2025\\\/05\\\/anne-front.jpg\",\"width\":2000,\"height\":2000},{\"@type\":\"BreadcrumbList\",\"@id\":\"https:\\\/\\\/croctoys.com\\\/produit\\\/anne\\\/#breadcrumb\",\"itemListElement\":[{\"@type\":\"ListItem\",\"position\":1,\"name\":\"Accueil\",\"item\":\"https:\\\/\\\/croctoys.com\\\/\"},{\"@type\":\"ListItem\",\"position\":2,\"name\":\"Boutique\",\"item\":\"https:\\\/\\\/croctoys.com\\\/shop\\\/\"},{\"@type\":\"ListItem\",\"position\":3,\"name\":\"ANNE\"}]},{\"@type\":\"WebSite\",\"@id\":\"https:\\\/\\\/croctoys.com\\\/#website\",\"url\":\"https:\\\/\\\/croctoys.com\\\/\",\"name\":\"activit\u00e9 d'eveil - bricolage fabrication artisanale et fran\u00e7aise\",\"description\":\"Jouets en bois \u00e0 assembler\",\"publisher\":{\"@id\":\"https:\\\/\\\/croctoys.com\\\/#organization\"},\"potentialAction\":[{\"@type\":\"SearchAction\",\"target\":{\"@type\":\"EntryPoint\",\"urlTemplate\":\"https:\\\/\\\/croctoys.com\\\/?s={search_term_string}\"},\"query-input\":{\"@type\":\"PropertyValueSpecification\",\"valueRequired\":true,\"valueName\":\"search_term_string\"}}],\"inLanguage\":\"en-GB\"},{\"@type\":\"Organization\",\"@id\":\"https:\\\/\\\/croctoys.com\\\/#organization\",\"name\":\"Croc toys\",\"url\":\"https:\\\/\\\/croctoys.com\\\/\",\"logo\":{\"@type\":\"ImageObject\",\"inLanguage\":\"en-GB\",\"@id\":\"https:\\\/\\\/croctoys.com\\\/#\\\/schema\\\/logo\\\/image\\\/\",\"url\":\"https:\\\/\\\/croctoys.com\\\/wp-content\\\/uploads\\\/2023\\\/09\\\/logo@4x-fond-blanc.png\",\"contentUrl\":\"https:\\\/\\\/croctoys.com\\\/wp-content\\\/uploads\\\/2023\\\/09\\\/logo@4x-fond-blanc.png\",\"width\":1185,\"height\":1185,\"caption\":\"Croc toys\"},\"image\":{\"@id\":\"https:\\\/\\\/croctoys.com\\\/#\\\/schema\\\/logo\\\/image\\\/\"},\"sameAs\":[\"https:\\\/\\\/www.facebook.com\\\/profile.php?id=100054730270822\",\"https:\\\/\\\/www.instagram.com\\\/croctoys\"]}]}<\/script>\n<!-- \/ Yoast SEO plugin. -->","yoast_head_json":{"title":"ANNE - activit\u00e9 d&#039;\u00e9veil - bricolage \\ fabrication artisanale et fran\u00e7aise","description":"Jouet en bois en kit facile \u00e0 assembler. Super activit\u00e9 de transmission parent-enfant pour initier nos tout petits aux joies du bricolage.","robots":{"index":"index","follow":"follow","max-snippet":"max-snippet:-1","max-image-preview":"max-image-preview:large","max-video-preview":"max-video-preview:-1"},"canonical":"https:\/\/croctoys.com\/en\/product\/anne\/","og_locale":"en_GB","og_type":"article","og_title":"ANNE - activit\u00e9 d&#039;\u00e9veil - bricolage \\ fabrication artisanale et fran\u00e7aise","og_description":"Jouet en bois en kit facile \u00e0 assembler. Super activit\u00e9 de transmission parent-enfant pour initier nos tout petits aux joies du bricolage.","og_url":"https:\/\/croctoys.com\/en\/product\/anne\/","og_site_name":"activit\u00e9 d&#039;\u00e9veil - bricolage \\ fabrication artisanale et fran\u00e7aise","article_publisher":"https:\/\/www.facebook.com\/profile.php?id=100054730270822","article_modified_time":"2026-03-10T12:28:16+00:00","og_image":[{"width":2000,"height":2000,"url":"https:\/\/croctoys.com\/wp-content\/uploads\/2025\/05\/anne-front.jpg","type":"image\/webp"}],"twitter_card":"summary_large_image","twitter_misc":{"Estimated reading time":"2 minutes"},"schema":{"@context":"https:\/\/schema.org","@graph":[{"@type":"WebPage","@id":"https:\/\/croctoys.com\/produit\/anne\/","url":"https:\/\/croctoys.com\/produit\/anne\/","name":"ANNE - activit\u00e9 d&#039;\u00e9veil - bricolage \\ fabrication artisanale et fran\u00e7aise","isPartOf":{"@id":"https:\/\/croctoys.com\/#website"},"primaryImageOfPage":{"@id":"https:\/\/croctoys.com\/produit\/anne\/#primaryimage"},"image":{"@id":"https:\/\/croctoys.com\/produit\/anne\/#primaryimage"},"thumbnailUrl":"https:\/\/croctoys.com\/wp-content\/uploads\/2025\/05\/anne-front.jpg","datePublished":"2021-04-24T18:52:45+00:00","dateModified":"2026-03-10T12:28:16+00:00","description":"Jouet en bois en kit facile \u00e0 assembler. Super activit\u00e9 de transmission parent-enfant pour initier nos tout petits aux joies du bricolage.","breadcrumb":{"@id":"https:\/\/croctoys.com\/produit\/anne\/#breadcrumb"},"inLanguage":"en-GB","potentialAction":[{"@type":"ReadAction","target":["https:\/\/croctoys.com\/produit\/anne\/"]}]},{"@type":"ImageObject","inLanguage":"en-GB","@id":"https:\/\/croctoys.com\/produit\/anne\/#primaryimage","url":"https:\/\/croctoys.com\/wp-content\/uploads\/2025\/05\/anne-front.jpg","contentUrl":"https:\/\/croctoys.com\/wp-content\/uploads\/2025\/05\/anne-front.jpg","width":2000,"height":2000},{"@type":"BreadcrumbList","@id":"https:\/\/croctoys.com\/produit\/anne\/#breadcrumb","itemListElement":[{"@type":"ListItem","position":1,"name":"Accueil","item":"https:\/\/croctoys.com\/"},{"@type":"ListItem","position":2,"name":"Boutique","item":"https:\/\/croctoys.com\/shop\/"},{"@type":"ListItem","position":3,"name":"ANNE"}]},{"@type":"WebSite","@id":"https:\/\/croctoys.com\/#website","url":"https:\/\/croctoys.com\/","name":"activit\u00e9 d'eveil - bricolage fabrication artisanale et fran\u00e7aise","description":"Wooden toys to craft","publisher":{"@id":"https:\/\/croctoys.com\/#organization"},"potentialAction":[{"@type":"SearchAction","target":{"@type":"EntryPoint","urlTemplate":"https:\/\/croctoys.com\/?s={search_term_string}"},"query-input":{"@type":"PropertyValueSpecification","valueRequired":true,"valueName":"search_term_string"}}],"inLanguage":"en-GB"},{"@type":"Organization","@id":"https:\/\/croctoys.com\/#organization","name":"Croc toys","url":"https:\/\/croctoys.com\/","logo":{"@type":"ImageObject","inLanguage":"en-GB","@id":"https:\/\/croctoys.com\/#\/schema\/logo\/image\/","url":"https:\/\/croctoys.com\/wp-content\/uploads\/2023\/09\/logo@4x-fond-blanc.png","contentUrl":"https:\/\/croctoys.com\/wp-content\/uploads\/2023\/09\/logo@4x-fond-blanc.png","width":1185,"height":1185,"caption":"Croc toys"},"image":{"@id":"https:\/\/croctoys.com\/#\/schema\/logo\/image\/"},"sameAs":["https:\/\/www.facebook.com\/profile.php?id=100054730270822","https:\/\/www.instagram.com\/croctoys"]}]}},"jetpack_sharing_enabled":true,"_links":{"self":[{"href":"https:\/\/croctoys.com\/en\/wp-json\/wp\/v2\/product\/138","targetHints":{"allow":["GET"]}}],"collection":[{"href":"https:\/\/croctoys.com\/en\/wp-json\/wp\/v2\/product"}],"about":[{"href":"https:\/\/croctoys.com\/en\/wp-json\/wp\/v2\/types\/product"}],"replies":[{"embeddable":true,"href":"https:\/\/croctoys.com\/en\/wp-json\/wp\/v2\/comments?post=138"}],"wp:featuredmedia":[{"embeddable":true,"href":"https:\/\/croctoys.com\/en\/wp-json\/wp\/v2\/media\/2923"}],"wp:attachment":[{"href":"https:\/\/croctoys.com\/en\/wp-json\/wp\/v2\/media?parent=138"}],"wp:term":[{"taxonomy":"product_brand","embeddable":true,"href":"https:\/\/croctoys.com\/en\/wp-json\/wp\/v2\/product_brand?post=138"},{"taxonomy":"product_cat","embeddable":true,"href":"https:\/\/croctoys.com\/en\/wp-json\/wp\/v2\/product_cat?post=138"},{"taxonomy":"product_tag","embeddable":true,"href":"https:\/\/croctoys.com\/en\/wp-json\/wp\/v2\/product_tag?post=138"}],"curies":[{"name":"wp","href":"https:\/\/api.w.org\/{rel}","templated":true}]}}