{"id":1417,"date":"2020-10-27T19:00:22","date_gmt":"2020-10-27T18:00:22","guid":{"rendered":"https:\/\/croctoys.com\/?post_type=product&#038;p=1417"},"modified":"2026-04-21T08:45:38","modified_gmt":"2026-04-21T07:45:38","slug":"monik-lelectrique-bolide-en-kit-a-construire-from-insta","status":"publish","type":"product","link":"https:\/\/croctoys.com\/en\/product\/monik-lelectrique-bolide-en-kit-a-construire-from-insta\/","title":{"rendered":"MONIK, l&rsquo;\u00e9lectrique | Bolide en kit \u00e0 construire \/\/"},"content":{"rendered":"<p>Always full, never down, Monic the electric is a modern ad durable car. As all the car from her band, she is 100% ecological. For the assembly, no magic, a little glue and that's it !<\/p>\n<p>&nbsp;<\/p>\n<div class=\"grd\" style=\"vertical-align: middle; display: grid; grid-template-columns: 1fr 1fr; align-items: center;\">\n<p><img fetchpriority=\"high\" decoding=\"async\" class=\"aligncenter wp-image-1422 size-medium\" src=\"https:\/\/croctoys.com\/wp-content\/uploads\/2022\/08\/fete-des-peres-300x300.jpg\" alt=\"\" width=\"300\" height=\"300\" srcset=\"https:\/\/croctoys.com\/wp-content\/uploads\/2022\/08\/fete-des-peres-300x300.jpg 300w, https:\/\/croctoys.com\/wp-content\/uploads\/2022\/08\/fete-des-peres-100x100.jpg 100w, https:\/\/croctoys.com\/wp-content\/uploads\/2022\/08\/fete-des-peres-600x600.jpg 600w, https:\/\/croctoys.com\/wp-content\/uploads\/2022\/08\/fete-des-peres-1024x1024.jpg 1024w, https:\/\/croctoys.com\/wp-content\/uploads\/2022\/08\/fete-des-peres-150x150.jpg 150w, https:\/\/croctoys.com\/wp-content\/uploads\/2022\/08\/fete-des-peres-768x768.jpg 768w, https:\/\/croctoys.com\/wp-content\/uploads\/2022\/08\/fete-des-peres-1536x1536.jpg 1536w, https:\/\/croctoys.com\/wp-content\/uploads\/2022\/08\/fete-des-peres-12x12.jpg 12w, https:\/\/croctoys.com\/wp-content\/uploads\/2022\/08\/fete-des-peres.jpg 1956w\" sizes=\"(max-width: 300px) 100vw, 300px\" \/><\/p>\n<div>\n<p><strong>A unique moment for you and your child<\/strong><\/p>\n<ul>\n<li>An easy assembly for a guaranteed success<\/li>\n<li>Everything is included, you won't forget anything !<\/li>\n<\/ul>\n<\/div>\n<div>\n<p><strong>A durable toy that will last<\/strong><\/p>\n<ul>\n<li>\"An accident ? No problem, ! I have built it so I can fix it !\"<\/li>\n<li>\"I made it , I Keep it !\"\u00a0<\/li>\n<\/ul>\n<\/div>\n<p><img decoding=\"async\" class=\"aligncenter size-medium wp-image-1424\" src=\"https:\/\/croctoys.com\/wp-content\/uploads\/2022\/08\/PXL_20211020_143243289.PORTRAIT-300x225.jpg\" alt=\"\" width=\"300\" height=\"225\" srcset=\"https:\/\/croctoys.com\/wp-content\/uploads\/2022\/08\/PXL_20211020_143243289.PORTRAIT-300x225.jpg 300w, https:\/\/croctoys.com\/wp-content\/uploads\/2022\/08\/PXL_20211020_143243289.PORTRAIT-scaled-600x450.jpg 600w, https:\/\/croctoys.com\/wp-content\/uploads\/2022\/08\/PXL_20211020_143243289.PORTRAIT-1024x768.jpg 1024w, https:\/\/croctoys.com\/wp-content\/uploads\/2022\/08\/PXL_20211020_143243289.PORTRAIT-768x576.jpg 768w, https:\/\/croctoys.com\/wp-content\/uploads\/2022\/08\/PXL_20211020_143243289.PORTRAIT-1536x1152.jpg 1536w, https:\/\/croctoys.com\/wp-content\/uploads\/2022\/08\/PXL_20211020_143243289.PORTRAIT-scaled.jpg 2048w, https:\/\/croctoys.com\/wp-content\/uploads\/2022\/08\/PXL_20211020_143243289.PORTRAIT-16x12.jpg 16w\" sizes=\"(max-width: 300px) 100vw, 300px\" \/><\/p>\n<p><img decoding=\"async\" class=\"size-medium wp-image-1384 alignleft\" src=\"https:\/\/croctoys.com\/wp-content\/uploads\/2021\/07\/monik2-300x300.jpg\" alt=\"\" width=\"300\" height=\"300\" srcset=\"https:\/\/croctoys.com\/wp-content\/uploads\/2021\/07\/monik2-300x300.jpg 300w, https:\/\/croctoys.com\/wp-content\/uploads\/2021\/07\/monik2-100x100.jpg 100w, https:\/\/croctoys.com\/wp-content\/uploads\/2021\/07\/monik2-600x600.jpg 600w, https:\/\/croctoys.com\/wp-content\/uploads\/2021\/07\/monik2-1024x1024.jpg 1024w, https:\/\/croctoys.com\/wp-content\/uploads\/2021\/07\/monik2-150x150.jpg 150w, https:\/\/croctoys.com\/wp-content\/uploads\/2021\/07\/monik2-768x768.jpg 768w, https:\/\/croctoys.com\/wp-content\/uploads\/2021\/07\/monik2-12x12.jpg 12w, https:\/\/croctoys.com\/wp-content\/uploads\/2021\/07\/monik2-324x324.jpg 324w, https:\/\/croctoys.com\/wp-content\/uploads\/2021\/07\/monik2-416x416.jpg 416w, https:\/\/croctoys.com\/wp-content\/uploads\/2021\/07\/monik2.jpg 1080w\" sizes=\"(max-width: 300px) 100vw, 300px\" \/><\/p>\n<div>\n<p><strong>Everything is included in the kit<\/strong><\/p>\n<ul>\n<li>Precut board for the car<\/li>\n<li>Printed wheels<\/li>\n<li>Alignment and structural dowels<\/li>\n<li>Wood glue (25g)<\/li>\n<li>File<\/li>\n<li>Rubber band<\/li>\n<li>Building instruction<\/li>\n<\/ul>\n<\/div>\n<p><strong>Croctoys products are made in FRANCE in an artisanal and environmentally friendly manner.<\/strong><\/p>\n<p><img loading=\"lazy\" decoding=\"async\" class=\"aligncenter size-medium wp-image-1427\" src=\"https:\/\/croctoys.com\/wp-content\/uploads\/2022\/08\/fab-artisanale-300x300.jpg\" alt=\"\" width=\"300\" height=\"300\" srcset=\"https:\/\/croctoys.com\/wp-content\/uploads\/2022\/08\/fab-artisanale-300x300.jpg 300w, https:\/\/croctoys.com\/wp-content\/uploads\/2022\/08\/fab-artisanale-100x100.jpg 100w, https:\/\/croctoys.com\/wp-content\/uploads\/2022\/08\/fab-artisanale-600x600.jpg 600w, https:\/\/croctoys.com\/wp-content\/uploads\/2022\/08\/fab-artisanale-1024x1024.jpg 1024w, https:\/\/croctoys.com\/wp-content\/uploads\/2022\/08\/fab-artisanale-150x150.jpg 150w, https:\/\/croctoys.com\/wp-content\/uploads\/2022\/08\/fab-artisanale-768x768.jpg 768w, https:\/\/croctoys.com\/wp-content\/uploads\/2022\/08\/fab-artisanale-12x12.jpg 12w, https:\/\/croctoys.com\/wp-content\/uploads\/2022\/08\/fab-artisanale.jpg 1080w\" sizes=\"(max-width: 300px) 100vw, 300px\" \/><\/p>\n<\/div>","protected":false},"excerpt":{"rendered":"<p><img loading=\"lazy\" decoding=\"async\" class=\"size-thumbnail wp-image-1305 alignright\" src=\"https:\/\/croctoys.com\/wp-content\/uploads\/2021\/07\/5-3-150x150.jpg\" alt=\"\" width=\"150\" height=\"150\" srcset=\"https:\/\/croctoys.com\/wp-content\/uploads\/2021\/07\/5-3-150x150.jpg 150w, https:\/\/croctoys.com\/wp-content\/uploads\/2021\/07\/5-3-300x300.jpg 300w, https:\/\/croctoys.com\/wp-content\/uploads\/2021\/07\/5-3-100x100.jpg 100w, https:\/\/croctoys.com\/wp-content\/uploads\/2021\/07\/5-3-600x600.jpg 600w, https:\/\/croctoys.com\/wp-content\/uploads\/2021\/07\/5-3-1024x1024.jpg 1024w, https:\/\/croctoys.com\/wp-content\/uploads\/2021\/07\/5-3-768x768.jpg 768w, https:\/\/croctoys.com\/wp-content\/uploads\/2021\/07\/5-3-324x324.jpg 324w, https:\/\/croctoys.com\/wp-content\/uploads\/2021\/07\/5-3-416x416.jpg 416w, https:\/\/croctoys.com\/wp-content\/uploads\/2021\/07\/5-3.jpg 1080w\" sizes=\"(max-width: 150px) 100vw, 150px\" \/>Always full, never down, Monic the electric is a modern ad durable car. As all the car from her band, she is 100% ecological. For the assembly, no magic, a little glue and that's it !<\/p>\n<p>Built size : 8 x 4,8 x 4 cm<\/p>\n<p>shipped within 10 days<\/p>\n<p><img loading=\"lazy\" decoding=\"async\" class=\"size-thumbnail wp-image-1427 alignleft\" src=\"https:\/\/croctoys.com\/wp-content\/uploads\/2022\/08\/fab-artisanale-150x150.jpg\" alt=\"\" width=\"150\" height=\"150\" srcset=\"https:\/\/croctoys.com\/wp-content\/uploads\/2022\/08\/fab-artisanale-150x150.jpg 150w, https:\/\/croctoys.com\/wp-content\/uploads\/2022\/08\/fab-artisanale-300x300.jpg 300w, https:\/\/croctoys.com\/wp-content\/uploads\/2022\/08\/fab-artisanale-100x100.jpg 100w, https:\/\/croctoys.com\/wp-content\/uploads\/2022\/08\/fab-artisanale-600x600.jpg 600w, https:\/\/croctoys.com\/wp-content\/uploads\/2022\/08\/fab-artisanale-1024x1024.jpg 1024w, https:\/\/croctoys.com\/wp-content\/uploads\/2022\/08\/fab-artisanale-768x768.jpg 768w, https:\/\/croctoys.com\/wp-content\/uploads\/2022\/08\/fab-artisanale-12x12.jpg 12w, https:\/\/croctoys.com\/wp-content\/uploads\/2022\/08\/fab-artisanale.jpg 1080w\" sizes=\"(max-width: 150px) 100vw, 150px\" \/><\/p>","protected":false},"featured_media":1422,"comment_status":"open","ping_status":"closed","template":"","meta":[],"product_brand":[],"product_cat":[25,54],"product_tag":[],"class_list":{"0":"post-1417","1":"product","2":"type-product","3":"status-publish","4":"has-post-thumbnail","6":"product_cat-bolides","7":"product_cat-vehicules-et-garages","8":"product_shipping_class-bolide","10":"first","11":"instock","12":"taxable","13":"shipping-taxable","14":"purchasable","15":"product-type-simple"},"yoast_head":"<!-- This site is optimized with the Yoast SEO plugin v27.5 - https:\/\/yoast.com\/product\/yoast-seo-wordpress\/ -->\n<title>MONIK, l&#039;\u00e9lectrique | Bolide en kit \u00e0 construire \/\/ - activit\u00e9 d&#039;\u00e9veil - bricolage \\ fabrication artisanale et fran\u00e7aise<\/title>\n<meta name=\"robots\" content=\"index, follow, max-snippet:-1, max-image-preview:large, max-video-preview:-1\" \/>\n<link rel=\"canonical\" href=\"https:\/\/croctoys.com\/en\/product\/monik-lelectrique-bolide-en-kit-a-construire-from-insta\/\" \/>\n<meta property=\"og:locale\" content=\"en_GB\" \/>\n<meta property=\"og:type\" content=\"article\" \/>\n<meta property=\"og:title\" content=\"MONIK, l&#039;\u00e9lectrique | Bolide en kit \u00e0 construire \/\/ - activit\u00e9 d&#039;\u00e9veil - bricolage \\ fabrication artisanale et fran\u00e7aise\" \/>\n<meta property=\"og:description\" content=\"Toujours charg\u00e9e, jamais \u00e0 plat, Monik l&#039;\u00e9lectrique est une voiture moderne et durable. Comme tous les v\u00e9hicules de sa clique, elle est 100% \u00e9cologique. Pour le montage, rien de magique, un peu de colle, c&#039;est tr\u00e8s pratique.  Dimensions une fois mont\u00e9 : 8 x 4,8 x 4 cm  exp\u00e9di\u00e9 sous 10 jours.\" \/>\n<meta property=\"og:url\" content=\"https:\/\/croctoys.com\/en\/product\/monik-lelectrique-bolide-en-kit-a-construire-from-insta\/\" \/>\n<meta property=\"og:site_name\" content=\"activit\u00e9 d&#039;\u00e9veil - bricolage \\ fabrication artisanale et fran\u00e7aise\" \/>\n<meta property=\"article:publisher\" content=\"https:\/\/www.facebook.com\/profile.php?id=100054730270822\" \/>\n<meta property=\"article:modified_time\" content=\"2026-04-21T07:45:38+00:00\" \/>\n<meta property=\"og:image\" content=\"https:\/\/croctoys.com\/wp-content\/uploads\/2022\/08\/fete-des-peres-1024x1024.jpg\" \/>\n\t<meta property=\"og:image:width\" content=\"1024\" \/>\n\t<meta property=\"og:image:height\" content=\"1024\" \/>\n\t<meta property=\"og:image:type\" content=\"image\/jpeg\" \/>\n<meta name=\"twitter:card\" content=\"summary_large_image\" \/>\n<meta name=\"twitter:label1\" content=\"Estimated reading time\" \/>\n\t<meta name=\"twitter:data1\" content=\"1 minute\" \/>\n<script type=\"application\/ld+json\" class=\"yoast-schema-graph\">{\"@context\":\"https:\\\/\\\/schema.org\",\"@graph\":[{\"@type\":\"WebPage\",\"@id\":\"https:\\\/\\\/croctoys.com\\\/produit\\\/monik-lelectrique-bolide-en-kit-a-construire-from-insta\\\/\",\"url\":\"https:\\\/\\\/croctoys.com\\\/produit\\\/monik-lelectrique-bolide-en-kit-a-construire-from-insta\\\/\",\"name\":\"MONIK, l'\u00e9lectrique | Bolide en kit \u00e0 construire \\\/\\\/ - activit\u00e9 d&#039;\u00e9veil - bricolage \\\\ fabrication artisanale et fran\u00e7aise\",\"isPartOf\":{\"@id\":\"https:\\\/\\\/croctoys.com\\\/#website\"},\"primaryImageOfPage\":{\"@id\":\"https:\\\/\\\/croctoys.com\\\/produit\\\/monik-lelectrique-bolide-en-kit-a-construire-from-insta\\\/#primaryimage\"},\"image\":{\"@id\":\"https:\\\/\\\/croctoys.com\\\/produit\\\/monik-lelectrique-bolide-en-kit-a-construire-from-insta\\\/#primaryimage\"},\"thumbnailUrl\":\"https:\\\/\\\/croctoys.com\\\/wp-content\\\/uploads\\\/2022\\\/08\\\/fete-des-peres.jpg\",\"datePublished\":\"2020-10-27T18:00:22+00:00\",\"dateModified\":\"2026-04-21T07:45:38+00:00\",\"breadcrumb\":{\"@id\":\"https:\\\/\\\/croctoys.com\\\/produit\\\/monik-lelectrique-bolide-en-kit-a-construire-from-insta\\\/#breadcrumb\"},\"inLanguage\":\"en-GB\",\"potentialAction\":[{\"@type\":\"ReadAction\",\"target\":[\"https:\\\/\\\/croctoys.com\\\/produit\\\/monik-lelectrique-bolide-en-kit-a-construire-from-insta\\\/\"]}]},{\"@type\":\"ImageObject\",\"inLanguage\":\"en-GB\",\"@id\":\"https:\\\/\\\/croctoys.com\\\/produit\\\/monik-lelectrique-bolide-en-kit-a-construire-from-insta\\\/#primaryimage\",\"url\":\"https:\\\/\\\/croctoys.com\\\/wp-content\\\/uploads\\\/2022\\\/08\\\/fete-des-peres.jpg\",\"contentUrl\":\"https:\\\/\\\/croctoys.com\\\/wp-content\\\/uploads\\\/2022\\\/08\\\/fete-des-peres.jpg\",\"width\":1956,\"height\":1956},{\"@type\":\"BreadcrumbList\",\"@id\":\"https:\\\/\\\/croctoys.com\\\/produit\\\/monik-lelectrique-bolide-en-kit-a-construire-from-insta\\\/#breadcrumb\",\"itemListElement\":[{\"@type\":\"ListItem\",\"position\":1,\"name\":\"Accueil\",\"item\":\"https:\\\/\\\/croctoys.com\\\/\"},{\"@type\":\"ListItem\",\"position\":2,\"name\":\"Boutique\",\"item\":\"https:\\\/\\\/croctoys.com\\\/shop\\\/\"},{\"@type\":\"ListItem\",\"position\":3,\"name\":\"MONIK, l&rsquo;\u00e9lectrique | Bolide en kit \u00e0 construire \\\/\\\/\"}]},{\"@type\":\"WebSite\",\"@id\":\"https:\\\/\\\/croctoys.com\\\/#website\",\"url\":\"https:\\\/\\\/croctoys.com\\\/\",\"name\":\"activit\u00e9 d'eveil - bricolage fabrication artisanale et fran\u00e7aise\",\"description\":\"Jouets en bois \u00e0 assembler\",\"publisher\":{\"@id\":\"https:\\\/\\\/croctoys.com\\\/#organization\"},\"potentialAction\":[{\"@type\":\"SearchAction\",\"target\":{\"@type\":\"EntryPoint\",\"urlTemplate\":\"https:\\\/\\\/croctoys.com\\\/?s={search_term_string}\"},\"query-input\":{\"@type\":\"PropertyValueSpecification\",\"valueRequired\":true,\"valueName\":\"search_term_string\"}}],\"inLanguage\":\"en-GB\"},{\"@type\":\"Organization\",\"@id\":\"https:\\\/\\\/croctoys.com\\\/#organization\",\"name\":\"Croc toys\",\"url\":\"https:\\\/\\\/croctoys.com\\\/\",\"logo\":{\"@type\":\"ImageObject\",\"inLanguage\":\"en-GB\",\"@id\":\"https:\\\/\\\/croctoys.com\\\/#\\\/schema\\\/logo\\\/image\\\/\",\"url\":\"https:\\\/\\\/croctoys.com\\\/wp-content\\\/uploads\\\/2023\\\/09\\\/logo@4x-fond-blanc.png\",\"contentUrl\":\"https:\\\/\\\/croctoys.com\\\/wp-content\\\/uploads\\\/2023\\\/09\\\/logo@4x-fond-blanc.png\",\"width\":1185,\"height\":1185,\"caption\":\"Croc toys\"},\"image\":{\"@id\":\"https:\\\/\\\/croctoys.com\\\/#\\\/schema\\\/logo\\\/image\\\/\"},\"sameAs\":[\"https:\\\/\\\/www.facebook.com\\\/profile.php?id=100054730270822\",\"https:\\\/\\\/www.instagram.com\\\/croctoys\"]}]}<\/script>\n<!-- \/ Yoast SEO plugin. -->","yoast_head_json":{"title":"MONIK, l'\u00e9lectrique | Bolide en kit \u00e0 construire \/\/ - activit\u00e9 d&#039;\u00e9veil - bricolage \\ fabrication artisanale et fran\u00e7aise","robots":{"index":"index","follow":"follow","max-snippet":"max-snippet:-1","max-image-preview":"max-image-preview:large","max-video-preview":"max-video-preview:-1"},"canonical":"https:\/\/croctoys.com\/en\/product\/monik-lelectrique-bolide-en-kit-a-construire-from-insta\/","og_locale":"en_GB","og_type":"article","og_title":"MONIK, l'\u00e9lectrique | Bolide en kit \u00e0 construire \/\/ - activit\u00e9 d&#039;\u00e9veil - bricolage \\ fabrication artisanale et fran\u00e7aise","og_description":"Toujours charg\u00e9e, jamais \u00e0 plat, Monik l'\u00e9lectrique est une voiture moderne et durable. Comme tous les v\u00e9hicules de sa clique, elle est 100% \u00e9cologique. Pour le montage, rien de magique, un peu de colle, c'est tr\u00e8s pratique.  Dimensions une fois mont\u00e9 : 8 x 4,8 x 4 cm  exp\u00e9di\u00e9 sous 10 jours.","og_url":"https:\/\/croctoys.com\/en\/product\/monik-lelectrique-bolide-en-kit-a-construire-from-insta\/","og_site_name":"activit\u00e9 d&#039;\u00e9veil - bricolage \\ fabrication artisanale et fran\u00e7aise","article_publisher":"https:\/\/www.facebook.com\/profile.php?id=100054730270822","article_modified_time":"2026-04-21T07:45:38+00:00","og_image":[{"width":1024,"height":1024,"url":"https:\/\/croctoys.com\/wp-content\/uploads\/2022\/08\/fete-des-peres-1024x1024.jpg","type":"image\/jpeg"}],"twitter_card":"summary_large_image","twitter_misc":{"Estimated reading time":"1 minute"},"schema":{"@context":"https:\/\/schema.org","@graph":[{"@type":"WebPage","@id":"https:\/\/croctoys.com\/produit\/monik-lelectrique-bolide-en-kit-a-construire-from-insta\/","url":"https:\/\/croctoys.com\/produit\/monik-lelectrique-bolide-en-kit-a-construire-from-insta\/","name":"MONIK, l'\u00e9lectrique | Bolide en kit \u00e0 construire \/\/ - activit\u00e9 d&#039;\u00e9veil - bricolage \\ fabrication artisanale et fran\u00e7aise","isPartOf":{"@id":"https:\/\/croctoys.com\/#website"},"primaryImageOfPage":{"@id":"https:\/\/croctoys.com\/produit\/monik-lelectrique-bolide-en-kit-a-construire-from-insta\/#primaryimage"},"image":{"@id":"https:\/\/croctoys.com\/produit\/monik-lelectrique-bolide-en-kit-a-construire-from-insta\/#primaryimage"},"thumbnailUrl":"https:\/\/croctoys.com\/wp-content\/uploads\/2022\/08\/fete-des-peres.jpg","datePublished":"2020-10-27T18:00:22+00:00","dateModified":"2026-04-21T07:45:38+00:00","breadcrumb":{"@id":"https:\/\/croctoys.com\/produit\/monik-lelectrique-bolide-en-kit-a-construire-from-insta\/#breadcrumb"},"inLanguage":"en-GB","potentialAction":[{"@type":"ReadAction","target":["https:\/\/croctoys.com\/produit\/monik-lelectrique-bolide-en-kit-a-construire-from-insta\/"]}]},{"@type":"ImageObject","inLanguage":"en-GB","@id":"https:\/\/croctoys.com\/produit\/monik-lelectrique-bolide-en-kit-a-construire-from-insta\/#primaryimage","url":"https:\/\/croctoys.com\/wp-content\/uploads\/2022\/08\/fete-des-peres.jpg","contentUrl":"https:\/\/croctoys.com\/wp-content\/uploads\/2022\/08\/fete-des-peres.jpg","width":1956,"height":1956},{"@type":"BreadcrumbList","@id":"https:\/\/croctoys.com\/produit\/monik-lelectrique-bolide-en-kit-a-construire-from-insta\/#breadcrumb","itemListElement":[{"@type":"ListItem","position":1,"name":"Accueil","item":"https:\/\/croctoys.com\/"},{"@type":"ListItem","position":2,"name":"Boutique","item":"https:\/\/croctoys.com\/shop\/"},{"@type":"ListItem","position":3,"name":"MONIK, l&rsquo;\u00e9lectrique | Bolide en kit \u00e0 construire \/\/"}]},{"@type":"WebSite","@id":"https:\/\/croctoys.com\/#website","url":"https:\/\/croctoys.com\/","name":"activit\u00e9 d'eveil - bricolage fabrication artisanale et fran\u00e7aise","description":"Wooden toys to craft","publisher":{"@id":"https:\/\/croctoys.com\/#organization"},"potentialAction":[{"@type":"SearchAction","target":{"@type":"EntryPoint","urlTemplate":"https:\/\/croctoys.com\/?s={search_term_string}"},"query-input":{"@type":"PropertyValueSpecification","valueRequired":true,"valueName":"search_term_string"}}],"inLanguage":"en-GB"},{"@type":"Organization","@id":"https:\/\/croctoys.com\/#organization","name":"Croc toys","url":"https:\/\/croctoys.com\/","logo":{"@type":"ImageObject","inLanguage":"en-GB","@id":"https:\/\/croctoys.com\/#\/schema\/logo\/image\/","url":"https:\/\/croctoys.com\/wp-content\/uploads\/2023\/09\/logo@4x-fond-blanc.png","contentUrl":"https:\/\/croctoys.com\/wp-content\/uploads\/2023\/09\/logo@4x-fond-blanc.png","width":1185,"height":1185,"caption":"Croc toys"},"image":{"@id":"https:\/\/croctoys.com\/#\/schema\/logo\/image\/"},"sameAs":["https:\/\/www.facebook.com\/profile.php?id=100054730270822","https:\/\/www.instagram.com\/croctoys"]}]}},"jetpack_sharing_enabled":true,"_links":{"self":[{"href":"https:\/\/croctoys.com\/en\/wp-json\/wp\/v2\/product\/1417","targetHints":{"allow":["GET"]}}],"collection":[{"href":"https:\/\/croctoys.com\/en\/wp-json\/wp\/v2\/product"}],"about":[{"href":"https:\/\/croctoys.com\/en\/wp-json\/wp\/v2\/types\/product"}],"replies":[{"embeddable":true,"href":"https:\/\/croctoys.com\/en\/wp-json\/wp\/v2\/comments?post=1417"}],"wp:featuredmedia":[{"embeddable":true,"href":"https:\/\/croctoys.com\/en\/wp-json\/wp\/v2\/media\/1422"}],"wp:attachment":[{"href":"https:\/\/croctoys.com\/en\/wp-json\/wp\/v2\/media?parent=1417"}],"wp:term":[{"taxonomy":"product_brand","embeddable":true,"href":"https:\/\/croctoys.com\/en\/wp-json\/wp\/v2\/product_brand?post=1417"},{"taxonomy":"product_cat","embeddable":true,"href":"https:\/\/croctoys.com\/en\/wp-json\/wp\/v2\/product_cat?post=1417"},{"taxonomy":"product_tag","embeddable":true,"href":"https:\/\/croctoys.com\/en\/wp-json\/wp\/v2\/product_tag?post=1417"}],"curies":[{"name":"wp","href":"https:\/\/api.w.org\/{rel}","templated":true}]}}