{"id":143,"date":"2021-04-24T20:00:00","date_gmt":"2021-04-24T19:00:00","guid":{"rendered":"https:\/\/CrocToys.com\/?post_type=product&#038;p=143"},"modified":"2026-03-30T11:16:34","modified_gmt":"2026-03-30T10:16:34","slug":"pop-up-garage","status":"publish","type":"product","link":"https:\/\/croctoys.com\/en\/product\/pop-up-garage\/","title":{"rendered":"Pop'up garage !"},"content":{"rendered":"<p>&nbsp;<\/p>\n<ul>\n<li>A big garage that knows how to be discreet<\/li>\n<li>A big play area without beeing in the way all the time<\/li>\n<li>Size (each product is finish by hand, small variation my occur)\n<ul>\n<li>open : 80 x\u00a0 50 x 23,5 cm<\/li>\n<li>Closed : 50 x 36,5 x 8,8cm<\/li>\n<\/ul>\n<\/li>\n<\/ul>\n<p><strong>The right toy for the kids<\/strong><br \/>\nThe large size and the multiple openings of the Pop'UP garage Croctoys allow for an easy access and give perfect condition to play. Additionally its sleek realistic design will give room for children creativity.<\/p>\n<p><b>Compatible with the CROC TOYS modular track<\/b><\/p>\n<p><img fetchpriority=\"high\" decoding=\"async\" class=\"wp-image-1133 size-medium aligncenter\" src=\"https:\/\/croctoys.com\/wp-content\/uploads\/2021\/04\/PXL_20211024_105202718-300x225.jpg\" alt=\"\" width=\"300\" height=\"225\" srcset=\"https:\/\/croctoys.com\/wp-content\/uploads\/2021\/04\/PXL_20211024_105202718-300x225.jpg 300w, https:\/\/croctoys.com\/wp-content\/uploads\/2021\/04\/PXL_20211024_105202718-scaled-600x450.jpg 600w, https:\/\/croctoys.com\/wp-content\/uploads\/2021\/04\/PXL_20211024_105202718-1024x768.jpg 1024w, https:\/\/croctoys.com\/wp-content\/uploads\/2021\/04\/PXL_20211024_105202718-768x576.jpg 768w, https:\/\/croctoys.com\/wp-content\/uploads\/2021\/04\/PXL_20211024_105202718-1536x1152.jpg 1536w, https:\/\/croctoys.com\/wp-content\/uploads\/2021\/04\/PXL_20211024_105202718-scaled.jpg 2048w, https:\/\/croctoys.com\/wp-content\/uploads\/2021\/04\/PXL_20211024_105202718-324x243.jpg 324w, https:\/\/croctoys.com\/wp-content\/uploads\/2021\/04\/PXL_20211024_105202718-416x312.jpg 416w\" sizes=\"(max-width: 300px) 100vw, 300px\" \/><\/p>\n<p>For even more play and creativity, our garage is compatible with our track system. Hours of fun are secured !<\/p>\n<p><b>Strong by design<\/b><br \/>\n<img decoding=\"async\" class=\"size-medium wp-image-761 aligncenter\" src=\"https:\/\/croctoys.com\/wp-content\/uploads\/2021\/10\/P1600442-Copie-300x300.jpg\" alt=\"\" width=\"300\" height=\"300\" srcset=\"https:\/\/croctoys.com\/wp-content\/uploads\/2021\/10\/P1600442-Copie-300x300.jpg 300w, https:\/\/croctoys.com\/wp-content\/uploads\/2021\/10\/P1600442-Copie-100x100.jpg 100w, https:\/\/croctoys.com\/wp-content\/uploads\/2021\/10\/P1600442-Copie-600x600.jpg 600w, https:\/\/croctoys.com\/wp-content\/uploads\/2021\/10\/P1600442-Copie-1024x1024.jpg 1024w, https:\/\/croctoys.com\/wp-content\/uploads\/2021\/10\/P1600442-Copie-150x150.jpg 150w, https:\/\/croctoys.com\/wp-content\/uploads\/2021\/10\/P1600442-Copie-768x768.jpg 768w, https:\/\/croctoys.com\/wp-content\/uploads\/2021\/10\/P1600442-Copie-1536x1536.jpg 1536w, https:\/\/croctoys.com\/wp-content\/uploads\/2021\/10\/P1600442-Copie-324x324.jpg 324w, https:\/\/croctoys.com\/wp-content\/uploads\/2021\/10\/P1600442-Copie-416x416.jpg 416w, https:\/\/croctoys.com\/wp-content\/uploads\/2021\/10\/P1600442-Copie.jpg 1715w\" sizes=\"(max-width: 300px) 100vw, 300px\" \/><br \/>\nThe material choices and the mecanical geometry gives a very strong toy that will last. Bonus : if anything goes wrong, it is easy to fix !<\/p>\n<p><strong>Secure lock<\/strong><\/p>\n<div style=\"text-align: center;\"><img decoding=\"async\" class=\"size-medium wp-image-1038\" style=\"display: inline-block;\" src=\"https:\/\/croctoys.com\/wp-content\/uploads\/2021\/04\/PXL_20211018_092324033.PORTRAIT2-300x300.jpg\" alt=\"\" width=\"300\" height=\"300\" srcset=\"https:\/\/croctoys.com\/wp-content\/uploads\/2021\/04\/PXL_20211018_092324033.PORTRAIT2-300x300.jpg 300w, https:\/\/croctoys.com\/wp-content\/uploads\/2021\/04\/PXL_20211018_092324033.PORTRAIT2-100x100.jpg 100w, https:\/\/croctoys.com\/wp-content\/uploads\/2021\/04\/PXL_20211018_092324033.PORTRAIT2-scaled-600x600.jpg 600w, https:\/\/croctoys.com\/wp-content\/uploads\/2021\/04\/PXL_20211018_092324033.PORTRAIT2-1024x1024.jpg 1024w, https:\/\/croctoys.com\/wp-content\/uploads\/2021\/04\/PXL_20211018_092324033.PORTRAIT2-150x150.jpg 150w, https:\/\/croctoys.com\/wp-content\/uploads\/2021\/04\/PXL_20211018_092324033.PORTRAIT2-768x768.jpg 768w, https:\/\/croctoys.com\/wp-content\/uploads\/2021\/04\/PXL_20211018_092324033.PORTRAIT2-1536x1536.jpg 1536w, https:\/\/croctoys.com\/wp-content\/uploads\/2021\/04\/PXL_20211018_092324033.PORTRAIT2-scaled.jpg 2048w, https:\/\/croctoys.com\/wp-content\/uploads\/2021\/04\/PXL_20211018_092324033.PORTRAIT2-416x416.jpg 416w\" sizes=\"(max-width: 300px) 100vw, 300px\" \/>\u00a0 \u00a0<img loading=\"lazy\" decoding=\"async\" class=\"size-medium wp-image-1039\" style=\"display: inline-block;\" src=\"https:\/\/croctoys.com\/wp-content\/uploads\/2021\/04\/PXL_20211018_092335557.PORTRAIT-300x300.jpg\" alt=\"\" width=\"300\" height=\"300\" srcset=\"https:\/\/croctoys.com\/wp-content\/uploads\/2021\/04\/PXL_20211018_092335557.PORTRAIT-300x300.jpg 300w, https:\/\/croctoys.com\/wp-content\/uploads\/2021\/04\/PXL_20211018_092335557.PORTRAIT-100x100.jpg 100w, https:\/\/croctoys.com\/wp-content\/uploads\/2021\/04\/PXL_20211018_092335557.PORTRAIT-scaled-600x600.jpg 600w, https:\/\/croctoys.com\/wp-content\/uploads\/2021\/04\/PXL_20211018_092335557.PORTRAIT-1024x1024.jpg 1024w, https:\/\/croctoys.com\/wp-content\/uploads\/2021\/04\/PXL_20211018_092335557.PORTRAIT-150x150.jpg 150w, https:\/\/croctoys.com\/wp-content\/uploads\/2021\/04\/PXL_20211018_092335557.PORTRAIT-768x768.jpg 768w, https:\/\/croctoys.com\/wp-content\/uploads\/2021\/04\/PXL_20211018_092335557.PORTRAIT-1536x1536.jpg 1536w, https:\/\/croctoys.com\/wp-content\/uploads\/2021\/04\/PXL_20211018_092335557.PORTRAIT-scaled.jpg 2048w, https:\/\/croctoys.com\/wp-content\/uploads\/2021\/04\/PXL_20211018_092335557.PORTRAIT-416x416.jpg 416w\" sizes=\"(max-width: 300px) 100vw, 300px\" \/><\/div>\n<p>The open stage is secured with a lock mechanism. To close the garage,  two simultaneous actions are required. That extra level of safety prevent any pinching hazard.<\/p>\n<p><strong>Soft hinges<\/strong><br \/>\n<img loading=\"lazy\" decoding=\"async\" class=\"size-medium wp-image-1037 aligncenter\" src=\"https:\/\/croctoys.com\/wp-content\/uploads\/2021\/04\/PXL_20211018_091626735.PORTRAIT-carre-300x300.jpg\" alt=\"\" width=\"300\" height=\"300\" srcset=\"https:\/\/croctoys.com\/wp-content\/uploads\/2021\/04\/PXL_20211018_091626735.PORTRAIT-carre-300x300.jpg 300w, https:\/\/croctoys.com\/wp-content\/uploads\/2021\/04\/PXL_20211018_091626735.PORTRAIT-carre-100x100.jpg 100w, https:\/\/croctoys.com\/wp-content\/uploads\/2021\/04\/PXL_20211018_091626735.PORTRAIT-carre-scaled-600x600.jpg 600w, https:\/\/croctoys.com\/wp-content\/uploads\/2021\/04\/PXL_20211018_091626735.PORTRAIT-carre-1024x1024.jpg 1024w, https:\/\/croctoys.com\/wp-content\/uploads\/2021\/04\/PXL_20211018_091626735.PORTRAIT-carre-150x150.jpg 150w, https:\/\/croctoys.com\/wp-content\/uploads\/2021\/04\/PXL_20211018_091626735.PORTRAIT-carre-768x768.jpg 768w, https:\/\/croctoys.com\/wp-content\/uploads\/2021\/04\/PXL_20211018_091626735.PORTRAIT-carre-1536x1536.jpg 1536w, https:\/\/croctoys.com\/wp-content\/uploads\/2021\/04\/PXL_20211018_091626735.PORTRAIT-carre-scaled.jpg 2048w, https:\/\/croctoys.com\/wp-content\/uploads\/2021\/04\/PXL_20211018_091626735.PORTRAIT-carre-416x416.jpg 416w\" sizes=\"(max-width: 300px) 100vw, 300px\" \/><\/p>\n<p>The accessible hinges that can be operate by children are connected in an elastic way while allowing for a precise placement of the garage sections.<\/p>\n<div class=\"0-3-warning\"><img loading=\"lazy\" decoding=\"async\" class=\"wp-image-2112\" src=\"https:\/\/croctoys.com\/wp-content\/uploads\/2023\/09\/picto-0-3ans-150x150.png\" alt=\"Ne convient pas aux enfants de moins de 36 mois.\" width=\"100\" height=\"100\" srcset=\"https:\/\/croctoys.com\/wp-content\/uploads\/2023\/09\/picto-0-3ans-150x150.png 150w, https:\/\/croctoys.com\/wp-content\/uploads\/2023\/09\/picto-0-3ans-300x300.png 300w, https:\/\/croctoys.com\/wp-content\/uploads\/2023\/09\/picto-0-3ans-12x12.png 12w, https:\/\/croctoys.com\/wp-content\/uploads\/2023\/09\/picto-0-3ans-100x100.png 100w, https:\/\/croctoys.com\/wp-content\/uploads\/2023\/09\/picto-0-3ans.png 450w\" sizes=\"(max-width: 100px) 100vw, 100px\" \/><br \/>\nNot suitable for children under 36 month. Choking hazard.<\/div>","protected":false},"excerpt":{"rendered":"<p>Garage sold alone<br \/>\ncars and black tracks sold separately<\/p>\n<p>Craft manufactured in France<\/p>\n<p>shipped within 10 days<\/p>","protected":false},"featured_media":1272,"comment_status":"open","ping_status":"closed","template":"","meta":[],"product_brand":[],"product_cat":[27],"product_tag":[],"class_list":{"0":"post-143","1":"product","2":"type-product","3":"status-publish","4":"has-post-thumbnail","6":"product_cat-playfields","7":"product_shipping_class-gros","9":"first","10":"instock","11":"featured","12":"taxable","13":"shipping-taxable","14":"purchasable","15":"product-type-simple"},"yoast_head":"<!-- This site is optimized with the Yoast SEO plugin v27.4 - https:\/\/yoast.com\/product\/yoast-seo-wordpress\/ -->\n<title>Garage Popup - activit\u00e9 d&#039;\u00e9veil - bricolage \\ fabrication artisanale et fran\u00e7aise<\/title>\n<meta name=\"robots\" content=\"index, follow, max-snippet:-1, max-image-preview:large, max-video-preview:-1\" \/>\n<link rel=\"canonical\" href=\"https:\/\/croctoys.com\/en\/product\/pop-up-garage\/\" \/>\n<meta property=\"og:locale\" content=\"en_GB\" \/>\n<meta property=\"og:type\" content=\"article\" \/>\n<meta property=\"og:title\" content=\"Garage Popup - activit\u00e9 d&#039;\u00e9veil - bricolage \\ fabrication artisanale et fran\u00e7aise\" \/>\n<meta property=\"og:description\" content=\"Garage vendu seul Voitures et routes noires non incluses  Fabrication artisanale en France  exp\u00e9di\u00e9 sous 10 jours.\" \/>\n<meta property=\"og:url\" content=\"https:\/\/croctoys.com\/en\/product\/pop-up-garage\/\" \/>\n<meta property=\"og:site_name\" content=\"activit\u00e9 d&#039;\u00e9veil - bricolage \\ fabrication artisanale et fran\u00e7aise\" \/>\n<meta property=\"article:publisher\" content=\"https:\/\/www.facebook.com\/profile.php?id=100054730270822\" \/>\n<meta property=\"article:modified_time\" content=\"2026-03-30T10:16:34+00:00\" \/>\n<meta property=\"og:image\" content=\"https:\/\/croctoys.com\/wp-content\/uploads\/2021\/04\/8.jpg\" \/>\n\t<meta property=\"og:image:width\" content=\"1080\" \/>\n\t<meta property=\"og:image:height\" content=\"1080\" \/>\n\t<meta property=\"og:image:type\" content=\"image\/jpeg\" \/>\n<meta name=\"twitter:card\" content=\"summary_large_image\" \/>\n<meta name=\"twitter:label1\" content=\"Estimated reading time\" \/>\n\t<meta name=\"twitter:data1\" content=\"3 minutes\" \/>\n<script type=\"application\/ld+json\" class=\"yoast-schema-graph\">{\"@context\":\"https:\\\/\\\/schema.org\",\"@graph\":[{\"@type\":\"WebPage\",\"@id\":\"https:\\\/\\\/croctoys.com\\\/produit\\\/pop-up-garage\\\/\",\"url\":\"https:\\\/\\\/croctoys.com\\\/produit\\\/pop-up-garage\\\/\",\"name\":\"Garage Popup - activit\u00e9 d&#039;\u00e9veil - bricolage \\\\ fabrication artisanale et fran\u00e7aise\",\"isPartOf\":{\"@id\":\"https:\\\/\\\/croctoys.com\\\/#website\"},\"primaryImageOfPage\":{\"@id\":\"https:\\\/\\\/croctoys.com\\\/produit\\\/pop-up-garage\\\/#primaryimage\"},\"image\":{\"@id\":\"https:\\\/\\\/croctoys.com\\\/produit\\\/pop-up-garage\\\/#primaryimage\"},\"thumbnailUrl\":\"https:\\\/\\\/croctoys.com\\\/wp-content\\\/uploads\\\/2021\\\/04\\\/8.jpg\",\"datePublished\":\"2021-04-24T19:00:00+00:00\",\"dateModified\":\"2026-03-30T10:16:34+00:00\",\"breadcrumb\":{\"@id\":\"https:\\\/\\\/croctoys.com\\\/produit\\\/pop-up-garage\\\/#breadcrumb\"},\"inLanguage\":\"en-GB\",\"potentialAction\":[{\"@type\":\"ReadAction\",\"target\":[\"https:\\\/\\\/croctoys.com\\\/produit\\\/pop-up-garage\\\/\"]}]},{\"@type\":\"ImageObject\",\"inLanguage\":\"en-GB\",\"@id\":\"https:\\\/\\\/croctoys.com\\\/produit\\\/pop-up-garage\\\/#primaryimage\",\"url\":\"https:\\\/\\\/croctoys.com\\\/wp-content\\\/uploads\\\/2021\\\/04\\\/8.jpg\",\"contentUrl\":\"https:\\\/\\\/croctoys.com\\\/wp-content\\\/uploads\\\/2021\\\/04\\\/8.jpg\",\"width\":1080,\"height\":1080},{\"@type\":\"BreadcrumbList\",\"@id\":\"https:\\\/\\\/croctoys.com\\\/produit\\\/pop-up-garage\\\/#breadcrumb\",\"itemListElement\":[{\"@type\":\"ListItem\",\"position\":1,\"name\":\"Accueil\",\"item\":\"https:\\\/\\\/croctoys.com\\\/\"},{\"@type\":\"ListItem\",\"position\":2,\"name\":\"Boutique\",\"item\":\"https:\\\/\\\/croctoys.com\\\/shop\\\/\"},{\"@type\":\"ListItem\",\"position\":3,\"name\":\"Garage Popup\"}]},{\"@type\":\"WebSite\",\"@id\":\"https:\\\/\\\/croctoys.com\\\/#website\",\"url\":\"https:\\\/\\\/croctoys.com\\\/\",\"name\":\"activit\u00e9 d'eveil - bricolage fabrication artisanale et fran\u00e7aise\",\"description\":\"Jouets en bois \u00e0 assembler\",\"publisher\":{\"@id\":\"https:\\\/\\\/croctoys.com\\\/#organization\"},\"potentialAction\":[{\"@type\":\"SearchAction\",\"target\":{\"@type\":\"EntryPoint\",\"urlTemplate\":\"https:\\\/\\\/croctoys.com\\\/?s={search_term_string}\"},\"query-input\":{\"@type\":\"PropertyValueSpecification\",\"valueRequired\":true,\"valueName\":\"search_term_string\"}}],\"inLanguage\":\"en-GB\"},{\"@type\":\"Organization\",\"@id\":\"https:\\\/\\\/croctoys.com\\\/#organization\",\"name\":\"Croc toys\",\"url\":\"https:\\\/\\\/croctoys.com\\\/\",\"logo\":{\"@type\":\"ImageObject\",\"inLanguage\":\"en-GB\",\"@id\":\"https:\\\/\\\/croctoys.com\\\/#\\\/schema\\\/logo\\\/image\\\/\",\"url\":\"https:\\\/\\\/croctoys.com\\\/wp-content\\\/uploads\\\/2023\\\/09\\\/logo@4x-fond-blanc.png\",\"contentUrl\":\"https:\\\/\\\/croctoys.com\\\/wp-content\\\/uploads\\\/2023\\\/09\\\/logo@4x-fond-blanc.png\",\"width\":1185,\"height\":1185,\"caption\":\"Croc toys\"},\"image\":{\"@id\":\"https:\\\/\\\/croctoys.com\\\/#\\\/schema\\\/logo\\\/image\\\/\"},\"sameAs\":[\"https:\\\/\\\/www.facebook.com\\\/profile.php?id=100054730270822\",\"https:\\\/\\\/www.instagram.com\\\/croctoys\"]}]}<\/script>\n<!-- \/ Yoast SEO plugin. -->","yoast_head_json":{"title":"Garage Popup - activit\u00e9 d&#039;\u00e9veil - bricolage \\ fabrication artisanale et fran\u00e7aise","robots":{"index":"index","follow":"follow","max-snippet":"max-snippet:-1","max-image-preview":"max-image-preview:large","max-video-preview":"max-video-preview:-1"},"canonical":"https:\/\/croctoys.com\/en\/product\/pop-up-garage\/","og_locale":"en_GB","og_type":"article","og_title":"Garage Popup - activit\u00e9 d&#039;\u00e9veil - bricolage \\ fabrication artisanale et fran\u00e7aise","og_description":"Garage vendu seul Voitures et routes noires non incluses  Fabrication artisanale en France  exp\u00e9di\u00e9 sous 10 jours.","og_url":"https:\/\/croctoys.com\/en\/product\/pop-up-garage\/","og_site_name":"activit\u00e9 d&#039;\u00e9veil - bricolage \\ fabrication artisanale et fran\u00e7aise","article_publisher":"https:\/\/www.facebook.com\/profile.php?id=100054730270822","article_modified_time":"2026-03-30T10:16:34+00:00","og_image":[{"width":1080,"height":1080,"url":"https:\/\/croctoys.com\/wp-content\/uploads\/2021\/04\/8.jpg","type":"image\/jpeg"}],"twitter_card":"summary_large_image","twitter_misc":{"Estimated reading time":"3 minutes"},"schema":{"@context":"https:\/\/schema.org","@graph":[{"@type":"WebPage","@id":"https:\/\/croctoys.com\/produit\/pop-up-garage\/","url":"https:\/\/croctoys.com\/produit\/pop-up-garage\/","name":"Garage Popup - activit\u00e9 d&#039;\u00e9veil - bricolage \\ fabrication artisanale et fran\u00e7aise","isPartOf":{"@id":"https:\/\/croctoys.com\/#website"},"primaryImageOfPage":{"@id":"https:\/\/croctoys.com\/produit\/pop-up-garage\/#primaryimage"},"image":{"@id":"https:\/\/croctoys.com\/produit\/pop-up-garage\/#primaryimage"},"thumbnailUrl":"https:\/\/croctoys.com\/wp-content\/uploads\/2021\/04\/8.jpg","datePublished":"2021-04-24T19:00:00+00:00","dateModified":"2026-03-30T10:16:34+00:00","breadcrumb":{"@id":"https:\/\/croctoys.com\/produit\/pop-up-garage\/#breadcrumb"},"inLanguage":"en-GB","potentialAction":[{"@type":"ReadAction","target":["https:\/\/croctoys.com\/produit\/pop-up-garage\/"]}]},{"@type":"ImageObject","inLanguage":"en-GB","@id":"https:\/\/croctoys.com\/produit\/pop-up-garage\/#primaryimage","url":"https:\/\/croctoys.com\/wp-content\/uploads\/2021\/04\/8.jpg","contentUrl":"https:\/\/croctoys.com\/wp-content\/uploads\/2021\/04\/8.jpg","width":1080,"height":1080},{"@type":"BreadcrumbList","@id":"https:\/\/croctoys.com\/produit\/pop-up-garage\/#breadcrumb","itemListElement":[{"@type":"ListItem","position":1,"name":"Accueil","item":"https:\/\/croctoys.com\/"},{"@type":"ListItem","position":2,"name":"Boutique","item":"https:\/\/croctoys.com\/shop\/"},{"@type":"ListItem","position":3,"name":"Garage Popup"}]},{"@type":"WebSite","@id":"https:\/\/croctoys.com\/#website","url":"https:\/\/croctoys.com\/","name":"activit\u00e9 d'eveil - bricolage fabrication artisanale et fran\u00e7aise","description":"Wooden toys to craft","publisher":{"@id":"https:\/\/croctoys.com\/#organization"},"potentialAction":[{"@type":"SearchAction","target":{"@type":"EntryPoint","urlTemplate":"https:\/\/croctoys.com\/?s={search_term_string}"},"query-input":{"@type":"PropertyValueSpecification","valueRequired":true,"valueName":"search_term_string"}}],"inLanguage":"en-GB"},{"@type":"Organization","@id":"https:\/\/croctoys.com\/#organization","name":"Croc toys","url":"https:\/\/croctoys.com\/","logo":{"@type":"ImageObject","inLanguage":"en-GB","@id":"https:\/\/croctoys.com\/#\/schema\/logo\/image\/","url":"https:\/\/croctoys.com\/wp-content\/uploads\/2023\/09\/logo@4x-fond-blanc.png","contentUrl":"https:\/\/croctoys.com\/wp-content\/uploads\/2023\/09\/logo@4x-fond-blanc.png","width":1185,"height":1185,"caption":"Croc toys"},"image":{"@id":"https:\/\/croctoys.com\/#\/schema\/logo\/image\/"},"sameAs":["https:\/\/www.facebook.com\/profile.php?id=100054730270822","https:\/\/www.instagram.com\/croctoys"]}]}},"jetpack_sharing_enabled":true,"_links":{"self":[{"href":"https:\/\/croctoys.com\/en\/wp-json\/wp\/v2\/product\/143","targetHints":{"allow":["GET"]}}],"collection":[{"href":"https:\/\/croctoys.com\/en\/wp-json\/wp\/v2\/product"}],"about":[{"href":"https:\/\/croctoys.com\/en\/wp-json\/wp\/v2\/types\/product"}],"replies":[{"embeddable":true,"href":"https:\/\/croctoys.com\/en\/wp-json\/wp\/v2\/comments?post=143"}],"wp:featuredmedia":[{"embeddable":true,"href":"https:\/\/croctoys.com\/en\/wp-json\/wp\/v2\/media\/1272"}],"wp:attachment":[{"href":"https:\/\/croctoys.com\/en\/wp-json\/wp\/v2\/media?parent=143"}],"wp:term":[{"taxonomy":"product_brand","embeddable":true,"href":"https:\/\/croctoys.com\/en\/wp-json\/wp\/v2\/product_brand?post=143"},{"taxonomy":"product_cat","embeddable":true,"href":"https:\/\/croctoys.com\/en\/wp-json\/wp\/v2\/product_cat?post=143"},{"taxonomy":"product_tag","embeddable":true,"href":"https:\/\/croctoys.com\/en\/wp-json\/wp\/v2\/product_tag?post=143"}],"curies":[{"name":"wp","href":"https:\/\/api.w.org\/{rel}","templated":true}]}}