{"id":1443,"date":"2022-10-27T18:00:38","date_gmt":"2022-10-27T17:00:38","guid":{"rendered":"https:\/\/croctoys.com\/?post_type=product&#038;p=1443"},"modified":"2026-03-10T13:28:16","modified_gmt":"2026-03-10T12:28:16","slug":"nathan-le-tracteur-paysan-et-sa-ferme-univers-en-kit-a-construire","status":"publish","type":"product","link":"https:\/\/croctoys.com\/en\/product\/nathan-le-tracteur-paysan-et-sa-ferme-univers-en-kit-a-construire\/","title":{"rendered":"NATHAN"},"content":{"rendered":"<div class=\"grd\" style=\"vertical-align: middle; display: grid; grid-template-columns: 1fr 1fr; align-items: center;\">\n<p><img fetchpriority=\"high\" decoding=\"async\" class=\"aligncenter wp-image-1422 size-medium\" src=\"https:\/\/croctoys.com\/wp-content\/uploads\/2022\/08\/fete-des-peres-300x300.jpg\" alt=\"\" width=\"300\" height=\"300\" srcset=\"https:\/\/croctoys.com\/wp-content\/uploads\/2022\/08\/fete-des-peres-300x300.jpg 300w, https:\/\/croctoys.com\/wp-content\/uploads\/2022\/08\/fete-des-peres-100x100.jpg 100w, https:\/\/croctoys.com\/wp-content\/uploads\/2022\/08\/fete-des-peres-600x600.jpg 600w, https:\/\/croctoys.com\/wp-content\/uploads\/2022\/08\/fete-des-peres-1024x1024.jpg 1024w, https:\/\/croctoys.com\/wp-content\/uploads\/2022\/08\/fete-des-peres-150x150.jpg 150w, https:\/\/croctoys.com\/wp-content\/uploads\/2022\/08\/fete-des-peres-768x768.jpg 768w, https:\/\/croctoys.com\/wp-content\/uploads\/2022\/08\/fete-des-peres-1536x1536.jpg 1536w, https:\/\/croctoys.com\/wp-content\/uploads\/2022\/08\/fete-des-peres-12x12.jpg 12w, https:\/\/croctoys.com\/wp-content\/uploads\/2022\/08\/fete-des-peres.jpg 1956w\" sizes=\"(max-width: 300px) 100vw, 300px\" \/><\/p>\n<div>\n<p><strong>A unique moment for you and your child<\/strong><\/p>\n<ul>\n<li>An easy assembly for a guaranteed success<\/li>\n<li>Everything is included, you won't forget anything !<\/li>\n<\/ul>\n<\/div>\n<div>\n<p><strong>A durable toy that will last<\/strong><\/p>\n<ul>\n<li>\"An accident ? No problem, ! I have built it so I can fix it !\"<\/li>\n<li>\"I made it , I Keep it !\"\u00a0<\/li>\n<\/ul>\n<\/div>\n<p><img decoding=\"async\" class=\"aligncenter wp-image-1479 size-medium\" src=\"https:\/\/croctoys.com\/wp-content\/uploads\/2022\/10\/PXL_20221026_141314417.PORTRAIT-300x300.jpg\" alt=\"\" width=\"300\" height=\"300\" srcset=\"https:\/\/croctoys.com\/wp-content\/uploads\/2022\/10\/PXL_20221026_141314417.PORTRAIT-300x300.jpg 300w, https:\/\/croctoys.com\/wp-content\/uploads\/2022\/10\/PXL_20221026_141314417.PORTRAIT-scaled-100x100.jpg 100w, https:\/\/croctoys.com\/wp-content\/uploads\/2022\/10\/PXL_20221026_141314417.PORTRAIT-scaled-600x600.jpg 600w, https:\/\/croctoys.com\/wp-content\/uploads\/2022\/10\/PXL_20221026_141314417.PORTRAIT-1024x1024.jpg 1024w, https:\/\/croctoys.com\/wp-content\/uploads\/2022\/10\/PXL_20221026_141314417.PORTRAIT-150x150.jpg 150w, https:\/\/croctoys.com\/wp-content\/uploads\/2022\/10\/PXL_20221026_141314417.PORTRAIT-768x768.jpg 768w, https:\/\/croctoys.com\/wp-content\/uploads\/2022\/10\/PXL_20221026_141314417.PORTRAIT-1536x1536.jpg 1536w, https:\/\/croctoys.com\/wp-content\/uploads\/2022\/10\/PXL_20221026_141314417.PORTRAIT-scaled.jpg 2048w, https:\/\/croctoys.com\/wp-content\/uploads\/2022\/10\/PXL_20221026_141314417.PORTRAIT-12x12.jpg 12w\" sizes=\"(max-width: 300px) 100vw, 300px\" \/><\/p>\n<p><img decoding=\"async\" class=\"aligncenter wp-image-1474 size-medium\" src=\"https:\/\/croctoys.com\/wp-content\/uploads\/2022\/10\/matos-ferme-300x300.jpg\" alt=\"\" width=\"300\" height=\"300\" srcset=\"https:\/\/croctoys.com\/wp-content\/uploads\/2022\/10\/matos-ferme-300x300.jpg 300w, https:\/\/croctoys.com\/wp-content\/uploads\/2022\/10\/matos-ferme-scaled-100x100.jpg 100w, https:\/\/croctoys.com\/wp-content\/uploads\/2022\/10\/matos-ferme-scaled-600x600.jpg 600w, https:\/\/croctoys.com\/wp-content\/uploads\/2022\/10\/matos-ferme-1024x1024.jpg 1024w, https:\/\/croctoys.com\/wp-content\/uploads\/2022\/10\/matos-ferme-150x150.jpg 150w, https:\/\/croctoys.com\/wp-content\/uploads\/2022\/10\/matos-ferme-768x768.jpg 768w, https:\/\/croctoys.com\/wp-content\/uploads\/2022\/10\/matos-ferme-1536x1536.jpg 1536w, https:\/\/croctoys.com\/wp-content\/uploads\/2022\/10\/matos-ferme-scaled.jpg 2048w, https:\/\/croctoys.com\/wp-content\/uploads\/2022\/10\/matos-ferme-12x12.jpg 12w\" sizes=\"(max-width: 300px) 100vw, 300px\" \/><\/p>\n<div>\n<p><strong>Everything is included in the kit<\/strong><\/p>\n<ul>\n<li>Precut board for the car<\/li>\n<li>Printed wheels<\/li>\n<li>Alignment and structural dowels<\/li>\n<li>Wood glue (25g)<\/li>\n<li>File<\/li>\n<li>Rubber band<\/li>\n<li>Building instruction<\/li>\n<\/ul>\n<\/div>\n<p><strong>Croctoys products are made in FRANCE in an artisanal and environmentally friendly manner.<\/strong><\/p>\n<p><img loading=\"lazy\" decoding=\"async\" class=\"aligncenter wp-image-1899 size-medium\" src=\"https:\/\/croctoys.com\/wp-content\/uploads\/2023\/08\/crocorico-1-300x300.png\" alt=\"\" width=\"300\" height=\"300\" srcset=\"https:\/\/croctoys.com\/wp-content\/uploads\/2023\/08\/crocorico-1-300x300.png 300w, https:\/\/croctoys.com\/wp-content\/uploads\/2023\/08\/crocorico-1-1024x1024.png 1024w, https:\/\/croctoys.com\/wp-content\/uploads\/2023\/08\/crocorico-1-150x150.png 150w, https:\/\/croctoys.com\/wp-content\/uploads\/2023\/08\/crocorico-1-768x768.png 768w, https:\/\/croctoys.com\/wp-content\/uploads\/2023\/08\/crocorico-1-12x12.png 12w, https:\/\/croctoys.com\/wp-content\/uploads\/2023\/08\/crocorico-1-600x600.png 600w, https:\/\/croctoys.com\/wp-content\/uploads\/2023\/08\/crocorico-1-100x100.png 100w, https:\/\/croctoys.com\/wp-content\/uploads\/2023\/08\/crocorico-1.png 1080w\" sizes=\"(max-width: 300px) 100vw, 300px\" \/><\/p>\n<\/div>\n<div class=\"0-3-warning\"><img loading=\"lazy\" decoding=\"async\" class=\"wp-image-2112\" src=\"https:\/\/croctoys.com\/wp-content\/uploads\/2023\/09\/picto-0-3ans-150x150.png\" alt=\"Ne convient pas aux enfants de moins de 36 mois.\" width=\"100\" height=\"100\" srcset=\"https:\/\/croctoys.com\/wp-content\/uploads\/2023\/09\/picto-0-3ans-150x150.png 150w, https:\/\/croctoys.com\/wp-content\/uploads\/2023\/09\/picto-0-3ans-300x300.png 300w, https:\/\/croctoys.com\/wp-content\/uploads\/2023\/09\/picto-0-3ans-12x12.png 12w, https:\/\/croctoys.com\/wp-content\/uploads\/2023\/09\/picto-0-3ans-100x100.png 100w, https:\/\/croctoys.com\/wp-content\/uploads\/2023\/09\/picto-0-3ans.png 450w\" sizes=\"(max-width: 100px) 100vw, 100px\" \/><br \/>\nNot suitable for children under 36 month. Choking hazard.<\/div>","protected":false},"excerpt":{"rendered":"<p>&nbsp;<\/p>\n<p>- - -<br \/>\n- - -<br \/>\n- - -<br \/>\nBuilt size :<br \/>\n- Barn : 25 x 25 x 11cm<br \/>\n- Tractor : 7 x 5,7 x 5cm<br \/>\n- - -<br \/>\n- - -<\/p>\n<p>- - -<\/p>\n<p>shipped within 10 days<\/p>","protected":false},"featured_media":2448,"comment_status":"open","ping_status":"closed","template":"","meta":[],"product_brand":[],"product_cat":[25],"product_tag":[],"class_list":{"0":"post-1443","1":"product","2":"type-product","3":"status-publish","4":"has-post-thumbnail","6":"product_cat-bolides","7":"product_shipping_class-bolide","9":"first","10":"instock","11":"taxable","12":"shipping-taxable","13":"purchasable","14":"product-type-simple"},"yoast_head":"<!-- This site is optimized with the Yoast SEO plugin v27.4 - https:\/\/yoast.com\/product\/yoast-seo-wordpress\/ -->\n<title>NATHAN - activit\u00e9 d&#039;\u00e9veil - bricolage \\ fabrication artisanale et fran\u00e7aise<\/title>\n<meta name=\"robots\" content=\"index, follow, max-snippet:-1, max-image-preview:large, max-video-preview:-1\" \/>\n<link rel=\"canonical\" href=\"https:\/\/croctoys.com\/en\/product\/nathan-le-tracteur-paysan-et-sa-ferme-univers-en-kit-a-construire\/\" \/>\n<meta property=\"og:locale\" content=\"en_GB\" \/>\n<meta property=\"og:type\" content=\"article\" \/>\n<meta property=\"og:title\" content=\"NATHAN - activit\u00e9 d&#039;\u00e9veil - bricolage \\ fabrication artisanale et fran\u00e7aise\" \/>\n<meta property=\"og:description\" content=\"&nbsp;  Nathan n&#039;attend pas le beau temps Qu&#039;il pleuve, qu&#039;il neige, qu&#039;il y ait du vent Il va travailler dans les champs. Dans sa ferme, c&#039;est lui le plus beau Il a sa propre presse \u00e0 rouleau, Et une remorque pour les ballots. Le soir, il se gare \u00e0 l&#039;abri Pour passer une bonne nuit.  Dimensions une fois mont\u00e9 : Ferme : 25 x 15 x 11cm; Tracteur : 7 x 5,7 x 5 cm  exp\u00e9di\u00e9 sous 10 jours.\" \/>\n<meta property=\"og:url\" content=\"https:\/\/croctoys.com\/en\/product\/nathan-le-tracteur-paysan-et-sa-ferme-univers-en-kit-a-construire\/\" \/>\n<meta property=\"og:site_name\" content=\"activit\u00e9 d&#039;\u00e9veil - bricolage \\ fabrication artisanale et fran\u00e7aise\" \/>\n<meta property=\"article:publisher\" content=\"https:\/\/www.facebook.com\/profile.php?id=100054730270822\" \/>\n<meta property=\"article:modified_time\" content=\"2026-03-10T12:28:16+00:00\" \/>\n<meta property=\"og:image\" content=\"https:\/\/croctoys.com\/wp-content\/uploads\/2024\/04\/IMG_0916-scaled.webp\" \/>\n\t<meta property=\"og:image:width\" content=\"2560\" \/>\n\t<meta property=\"og:image:height\" content=\"2560\" \/>\n\t<meta property=\"og:image:type\" content=\"image\/jpeg\" \/>\n<meta name=\"twitter:card\" content=\"summary_large_image\" \/>\n<meta name=\"twitter:label1\" content=\"Estimated reading time\" \/>\n\t<meta name=\"twitter:data1\" content=\"2 minutes\" \/>\n<script type=\"application\/ld+json\" class=\"yoast-schema-graph\">{\"@context\":\"https:\\\/\\\/schema.org\",\"@graph\":[{\"@type\":\"WebPage\",\"@id\":\"https:\\\/\\\/croctoys.com\\\/produit\\\/nathan-le-tracteur-paysan-et-sa-ferme-univers-en-kit-a-construire\\\/\",\"url\":\"https:\\\/\\\/croctoys.com\\\/produit\\\/nathan-le-tracteur-paysan-et-sa-ferme-univers-en-kit-a-construire\\\/\",\"name\":\"NATHAN - activit\u00e9 d&#039;\u00e9veil - bricolage \\\\ fabrication artisanale et fran\u00e7aise\",\"isPartOf\":{\"@id\":\"https:\\\/\\\/croctoys.com\\\/#website\"},\"primaryImageOfPage\":{\"@id\":\"https:\\\/\\\/croctoys.com\\\/produit\\\/nathan-le-tracteur-paysan-et-sa-ferme-univers-en-kit-a-construire\\\/#primaryimage\"},\"image\":{\"@id\":\"https:\\\/\\\/croctoys.com\\\/produit\\\/nathan-le-tracteur-paysan-et-sa-ferme-univers-en-kit-a-construire\\\/#primaryimage\"},\"thumbnailUrl\":\"https:\\\/\\\/croctoys.com\\\/wp-content\\\/uploads\\\/2024\\\/04\\\/IMG_0916-scaled.webp\",\"datePublished\":\"2022-10-27T17:00:38+00:00\",\"dateModified\":\"2026-03-10T12:28:16+00:00\",\"breadcrumb\":{\"@id\":\"https:\\\/\\\/croctoys.com\\\/produit\\\/nathan-le-tracteur-paysan-et-sa-ferme-univers-en-kit-a-construire\\\/#breadcrumb\"},\"inLanguage\":\"en-GB\",\"potentialAction\":[{\"@type\":\"ReadAction\",\"target\":[\"https:\\\/\\\/croctoys.com\\\/produit\\\/nathan-le-tracteur-paysan-et-sa-ferme-univers-en-kit-a-construire\\\/\"]}]},{\"@type\":\"ImageObject\",\"inLanguage\":\"en-GB\",\"@id\":\"https:\\\/\\\/croctoys.com\\\/produit\\\/nathan-le-tracteur-paysan-et-sa-ferme-univers-en-kit-a-construire\\\/#primaryimage\",\"url\":\"https:\\\/\\\/croctoys.com\\\/wp-content\\\/uploads\\\/2024\\\/04\\\/IMG_0916-scaled.webp\",\"contentUrl\":\"https:\\\/\\\/croctoys.com\\\/wp-content\\\/uploads\\\/2024\\\/04\\\/IMG_0916-scaled.webp\",\"width\":2560,\"height\":2560},{\"@type\":\"BreadcrumbList\",\"@id\":\"https:\\\/\\\/croctoys.com\\\/produit\\\/nathan-le-tracteur-paysan-et-sa-ferme-univers-en-kit-a-construire\\\/#breadcrumb\",\"itemListElement\":[{\"@type\":\"ListItem\",\"position\":1,\"name\":\"Accueil\",\"item\":\"https:\\\/\\\/croctoys.com\\\/\"},{\"@type\":\"ListItem\",\"position\":2,\"name\":\"Boutique\",\"item\":\"https:\\\/\\\/croctoys.com\\\/shop\\\/\"},{\"@type\":\"ListItem\",\"position\":3,\"name\":\"NATHAN\"}]},{\"@type\":\"WebSite\",\"@id\":\"https:\\\/\\\/croctoys.com\\\/#website\",\"url\":\"https:\\\/\\\/croctoys.com\\\/\",\"name\":\"activit\u00e9 d'eveil - bricolage fabrication artisanale et fran\u00e7aise\",\"description\":\"Jouets en bois \u00e0 assembler\",\"publisher\":{\"@id\":\"https:\\\/\\\/croctoys.com\\\/#organization\"},\"potentialAction\":[{\"@type\":\"SearchAction\",\"target\":{\"@type\":\"EntryPoint\",\"urlTemplate\":\"https:\\\/\\\/croctoys.com\\\/?s={search_term_string}\"},\"query-input\":{\"@type\":\"PropertyValueSpecification\",\"valueRequired\":true,\"valueName\":\"search_term_string\"}}],\"inLanguage\":\"en-GB\"},{\"@type\":\"Organization\",\"@id\":\"https:\\\/\\\/croctoys.com\\\/#organization\",\"name\":\"Croc toys\",\"url\":\"https:\\\/\\\/croctoys.com\\\/\",\"logo\":{\"@type\":\"ImageObject\",\"inLanguage\":\"en-GB\",\"@id\":\"https:\\\/\\\/croctoys.com\\\/#\\\/schema\\\/logo\\\/image\\\/\",\"url\":\"https:\\\/\\\/croctoys.com\\\/wp-content\\\/uploads\\\/2023\\\/09\\\/logo@4x-fond-blanc.png\",\"contentUrl\":\"https:\\\/\\\/croctoys.com\\\/wp-content\\\/uploads\\\/2023\\\/09\\\/logo@4x-fond-blanc.png\",\"width\":1185,\"height\":1185,\"caption\":\"Croc toys\"},\"image\":{\"@id\":\"https:\\\/\\\/croctoys.com\\\/#\\\/schema\\\/logo\\\/image\\\/\"},\"sameAs\":[\"https:\\\/\\\/www.facebook.com\\\/profile.php?id=100054730270822\",\"https:\\\/\\\/www.instagram.com\\\/croctoys\"]}]}<\/script>\n<!-- \/ Yoast SEO plugin. -->","yoast_head_json":{"title":"NATHAN - activit\u00e9 d&#039;\u00e9veil - bricolage \\ fabrication artisanale et fran\u00e7aise","robots":{"index":"index","follow":"follow","max-snippet":"max-snippet:-1","max-image-preview":"max-image-preview:large","max-video-preview":"max-video-preview:-1"},"canonical":"https:\/\/croctoys.com\/en\/product\/nathan-le-tracteur-paysan-et-sa-ferme-univers-en-kit-a-construire\/","og_locale":"en_GB","og_type":"article","og_title":"NATHAN - activit\u00e9 d&#039;\u00e9veil - bricolage \\ fabrication artisanale et fran\u00e7aise","og_description":"&nbsp;  Nathan n'attend pas le beau temps Qu'il pleuve, qu'il neige, qu'il y ait du vent Il va travailler dans les champs. Dans sa ferme, c'est lui le plus beau Il a sa propre presse \u00e0 rouleau, Et une remorque pour les ballots. Le soir, il se gare \u00e0 l'abri Pour passer une bonne nuit.  Dimensions une fois mont\u00e9 : Ferme : 25 x 15 x 11cm; Tracteur : 7 x 5,7 x 5 cm  exp\u00e9di\u00e9 sous 10 jours.","og_url":"https:\/\/croctoys.com\/en\/product\/nathan-le-tracteur-paysan-et-sa-ferme-univers-en-kit-a-construire\/","og_site_name":"activit\u00e9 d&#039;\u00e9veil - bricolage \\ fabrication artisanale et fran\u00e7aise","article_publisher":"https:\/\/www.facebook.com\/profile.php?id=100054730270822","article_modified_time":"2026-03-10T12:28:16+00:00","og_image":[{"width":2560,"height":2560,"url":"https:\/\/croctoys.com\/wp-content\/uploads\/2024\/04\/IMG_0916-scaled.webp","type":"image\/jpeg"}],"twitter_card":"summary_large_image","twitter_misc":{"Estimated reading time":"2 minutes"},"schema":{"@context":"https:\/\/schema.org","@graph":[{"@type":"WebPage","@id":"https:\/\/croctoys.com\/produit\/nathan-le-tracteur-paysan-et-sa-ferme-univers-en-kit-a-construire\/","url":"https:\/\/croctoys.com\/produit\/nathan-le-tracteur-paysan-et-sa-ferme-univers-en-kit-a-construire\/","name":"NATHAN - activit\u00e9 d&#039;\u00e9veil - bricolage \\ fabrication artisanale et fran\u00e7aise","isPartOf":{"@id":"https:\/\/croctoys.com\/#website"},"primaryImageOfPage":{"@id":"https:\/\/croctoys.com\/produit\/nathan-le-tracteur-paysan-et-sa-ferme-univers-en-kit-a-construire\/#primaryimage"},"image":{"@id":"https:\/\/croctoys.com\/produit\/nathan-le-tracteur-paysan-et-sa-ferme-univers-en-kit-a-construire\/#primaryimage"},"thumbnailUrl":"https:\/\/croctoys.com\/wp-content\/uploads\/2024\/04\/IMG_0916-scaled.webp","datePublished":"2022-10-27T17:00:38+00:00","dateModified":"2026-03-10T12:28:16+00:00","breadcrumb":{"@id":"https:\/\/croctoys.com\/produit\/nathan-le-tracteur-paysan-et-sa-ferme-univers-en-kit-a-construire\/#breadcrumb"},"inLanguage":"en-GB","potentialAction":[{"@type":"ReadAction","target":["https:\/\/croctoys.com\/produit\/nathan-le-tracteur-paysan-et-sa-ferme-univers-en-kit-a-construire\/"]}]},{"@type":"ImageObject","inLanguage":"en-GB","@id":"https:\/\/croctoys.com\/produit\/nathan-le-tracteur-paysan-et-sa-ferme-univers-en-kit-a-construire\/#primaryimage","url":"https:\/\/croctoys.com\/wp-content\/uploads\/2024\/04\/IMG_0916-scaled.webp","contentUrl":"https:\/\/croctoys.com\/wp-content\/uploads\/2024\/04\/IMG_0916-scaled.webp","width":2560,"height":2560},{"@type":"BreadcrumbList","@id":"https:\/\/croctoys.com\/produit\/nathan-le-tracteur-paysan-et-sa-ferme-univers-en-kit-a-construire\/#breadcrumb","itemListElement":[{"@type":"ListItem","position":1,"name":"Accueil","item":"https:\/\/croctoys.com\/"},{"@type":"ListItem","position":2,"name":"Boutique","item":"https:\/\/croctoys.com\/shop\/"},{"@type":"ListItem","position":3,"name":"NATHAN"}]},{"@type":"WebSite","@id":"https:\/\/croctoys.com\/#website","url":"https:\/\/croctoys.com\/","name":"activit\u00e9 d'eveil - bricolage fabrication artisanale et fran\u00e7aise","description":"Wooden toys to craft","publisher":{"@id":"https:\/\/croctoys.com\/#organization"},"potentialAction":[{"@type":"SearchAction","target":{"@type":"EntryPoint","urlTemplate":"https:\/\/croctoys.com\/?s={search_term_string}"},"query-input":{"@type":"PropertyValueSpecification","valueRequired":true,"valueName":"search_term_string"}}],"inLanguage":"en-GB"},{"@type":"Organization","@id":"https:\/\/croctoys.com\/#organization","name":"Croc toys","url":"https:\/\/croctoys.com\/","logo":{"@type":"ImageObject","inLanguage":"en-GB","@id":"https:\/\/croctoys.com\/#\/schema\/logo\/image\/","url":"https:\/\/croctoys.com\/wp-content\/uploads\/2023\/09\/logo@4x-fond-blanc.png","contentUrl":"https:\/\/croctoys.com\/wp-content\/uploads\/2023\/09\/logo@4x-fond-blanc.png","width":1185,"height":1185,"caption":"Croc toys"},"image":{"@id":"https:\/\/croctoys.com\/#\/schema\/logo\/image\/"},"sameAs":["https:\/\/www.facebook.com\/profile.php?id=100054730270822","https:\/\/www.instagram.com\/croctoys"]}]}},"jetpack_sharing_enabled":true,"_links":{"self":[{"href":"https:\/\/croctoys.com\/en\/wp-json\/wp\/v2\/product\/1443","targetHints":{"allow":["GET"]}}],"collection":[{"href":"https:\/\/croctoys.com\/en\/wp-json\/wp\/v2\/product"}],"about":[{"href":"https:\/\/croctoys.com\/en\/wp-json\/wp\/v2\/types\/product"}],"replies":[{"embeddable":true,"href":"https:\/\/croctoys.com\/en\/wp-json\/wp\/v2\/comments?post=1443"}],"wp:featuredmedia":[{"embeddable":true,"href":"https:\/\/croctoys.com\/en\/wp-json\/wp\/v2\/media\/2448"}],"wp:attachment":[{"href":"https:\/\/croctoys.com\/en\/wp-json\/wp\/v2\/media?parent=1443"}],"wp:term":[{"taxonomy":"product_brand","embeddable":true,"href":"https:\/\/croctoys.com\/en\/wp-json\/wp\/v2\/product_brand?post=1443"},{"taxonomy":"product_cat","embeddable":true,"href":"https:\/\/croctoys.com\/en\/wp-json\/wp\/v2\/product_cat?post=1443"},{"taxonomy":"product_tag","embeddable":true,"href":"https:\/\/croctoys.com\/en\/wp-json\/wp\/v2\/product_tag?post=1443"}],"curies":[{"name":"wp","href":"https:\/\/api.w.org\/{rel}","templated":true}]}}