{"id":3076,"date":"2026-04-21T09:48:33","date_gmt":"2026-04-21T08:48:33","guid":{"rendered":"https:\/\/croctoys.com\/?post_type=product&#038;p=3076"},"modified":"2026-04-21T12:05:50","modified_gmt":"2026-04-21T11:05:50","slug":"catapulte-et-archer","status":"publish","type":"product","link":"https:\/\/croctoys.com\/en\/product\/catapulte-et-archer\/","title":{"rendered":"Catapulte"},"content":{"rendered":"<div class=\"ljqsnud1 ii04i59q\" dir=\"auto\" role=\"none\">\n<div class=\"ljqsnud1 ii04i59q\" dir=\"auto\" role=\"none\">\n<h2 data-section-id=\"1owaveg\" data-start=\"142\" data-end=\"193\">&#x1f3f9; Kit cr\u00e9atif \u2013 La catapulte des p\u2019tits archers<\/h2>\n<p data-start=\"212\" data-end=\"353\">Construis ta propre catapulte\u2026 et pr\u00e9pare-toi \u00e0 lancer l\u2019assaut !<br data-start=\"277\" data-end=\"280\" \/>Un kit cr\u00e9atif complet pour fabriquer, jouer et inventer mille histoires.<\/p>\n<hr data-start=\"355\" data-end=\"358\" \/>\n<h3 data-section-id=\"eycyhg\" data-start=\"360\" data-end=\"382\">&#x1f9e0; Les b\u00e9n\u00e9fices<\/h3>\n<ul data-start=\"383\" data-end=\"556\">\n<li data-section-id=\"8kswdj\" data-start=\"383\" data-end=\"431\">D\u00e9veloppe la <strong data-start=\"398\" data-end=\"429\">cr\u00e9ativit\u00e9 et l\u2019imagination<\/strong><\/li>\n<li data-section-id=\"14cn3mi\" data-start=\"432\" data-end=\"480\">Favorise la <strong data-start=\"446\" data-end=\"478\">concentration et la patience<\/strong><\/li>\n<li data-section-id=\"fxw290\" data-start=\"481\" data-end=\"514\">Stimule la <strong data-start=\"494\" data-end=\"512\">motricit\u00e9 fine<\/strong><\/li>\n<li data-section-id=\"16kldm8\" data-start=\"515\" data-end=\"556\">Encourage le <strong data-start=\"530\" data-end=\"554\">jeu libre sans \u00e9cran<\/strong><\/li>\n<\/ul>\n<hr data-start=\"558\" data-end=\"561\" \/>\n<h3 data-section-id=\"1cftb0y\" data-start=\"563\" data-end=\"586\">&#x1f4e6; Contenu du kit<\/h3>\n<p data-start=\"587\" data-end=\"656\">Tout le n\u00e9cessaire pour construire une v\u00e9ritable petite catapulte :<\/p>\n<ul data-start=\"657\" data-end=\"931\">\n<li data-section-id=\"vbb1pp\" data-start=\"657\" data-end=\"714\">Planches en bois <strong data-start=\"676\" data-end=\"692\">pr\u00e9d\u00e9coup\u00e9es<\/strong> faciles \u00e0 assembler<\/li>\n<li data-section-id=\"7badda\" data-start=\"715\" data-end=\"759\"><strong data-start=\"717\" data-end=\"736\">Colle Cl\u00e9op\u00e2tre<\/strong> (comme \u00e0 l\u2019\u00e9cole &#x1f49b;)<\/li>\n<li data-section-id=\"1ib4was\" data-start=\"760\" data-end=\"785\">Chevilles en bois pour une construction facile<\/li>\n<li data-section-id=\"1iws6r1\" data-start=\"786\" data-end=\"809\">Roues <strong>s\u00e9rigraphi\u00e9es<\/strong><\/li>\n<li data-section-id=\"6y3lvx\" data-start=\"810\" data-end=\"841\">Notice de montage illustr\u00e9e<\/li>\n<li data-section-id=\"1cisbgp\" data-start=\"842\" data-end=\"864\">3 boulets en li\u00e8ge<\/li>\n<li data-section-id=\"zoe55v\" data-start=\"865\" data-end=\"931\">1 figurine d\u2019archer en bois, magnifiquement illustr\u00e9e par <a href=\"http:\/\/www.evelyneduverne.com\/\" target=\"_blank\" rel=\"noopener\"><strong data-start=\"910\" data-end=\"929\">Evelyne Duverne<\/strong><\/a><\/li>\n<\/ul>\n<hr data-start=\"933\" data-end=\"936\" \/>\n<h3 data-section-id=\"1wy1z27\" data-start=\"938\" data-end=\"957\">&#x1f3af; Pour qui ?<\/h3>\n<ul data-start=\"958\" data-end=\"1083\">\n<li data-section-id=\"1xg18r9\" data-start=\"958\" data-end=\"1005\">D\u00e8s 3 ans (avec un coup de main au d\u00e9but)<\/li>\n<li data-section-id=\"equv3g\" data-start=\"1006\" data-end=\"1083\">Parfait pour les enfants qui aiment <strong data-start=\"1044\" data-end=\"1081\">construire, manipuler et inventer<\/strong><\/li>\n<\/ul>\n<hr data-start=\"1085\" data-end=\"1088\" \/>\n<h3 data-section-id=\"4ulond\" data-start=\"1090\" data-end=\"1118\">&#x1f4a1; Pourquoi on l\u2019adore<\/h3>\n<p data-start=\"1119\" data-end=\"1272\">Parce que ce n\u2019est pas juste un jouet.<br data-start=\"1157\" data-end=\"1160\" \/>C\u2019est une exp\u00e9rience : l\u2019enfant construit, comprend, puis joue avec sa propre cr\u00e9ation.<br data-start=\"1247\" data-end=\"1250\" \/>Et \u00e7a\u2026 \u00e7a change tout.<\/p>\n<hr data-start=\"1274\" data-end=\"1277\" \/>\n<h3 data-section-id=\"z0u5v9\" data-start=\"1279\" data-end=\"1301\">&#x1f33f; Les + produit<\/h3>\n<ul data-start=\"1302\" data-end=\"1460\">\n<li data-section-id=\"1ijdfg9\" data-start=\"1302\" data-end=\"1335\">Mat\u00e9riaux simples et robustes<\/li>\n<li data-section-id=\"1hv0ykc\" data-start=\"1336\" data-end=\"1381\">Fabrication pens\u00e9e pour les petites mains<\/li>\n<li data-section-id=\"w2cj69\" data-start=\"1382\" data-end=\"1420\">Univers graphique doux et po\u00e9tique<\/li>\n<li data-section-id=\"u1xo0v\" data-start=\"1421\" data-end=\"1460\">Activit\u00e9 \u00e0 faire seul ou \u00e0 partager<\/li>\n<\/ul>\n<hr data-start=\"1462\" data-end=\"1465\" \/>\n<h3 data-section-id=\"k2qvqo\" data-start=\"1467\" data-end=\"1507\">&#x1f680; Une fois mont\u00e9e\u2026 place au jeu !<\/h3>\n<p data-start=\"1508\" data-end=\"1665\">Vise, ajuste, lance !<br data-start=\"1529\" data-end=\"1532\" \/>La catapulte devient le point de d\u00e9part de mille aventures : ch\u00e2teau \u00e0 d\u00e9fendre, dragons \u00e0 repousser ou missions secr\u00e8tes \u00e0 inventer.<\/p>\n<hr data-start=\"1667\" data-end=\"1670\" \/>\n<h3 data-section-id=\"6x62rr\" data-start=\"1672\" data-end=\"1707\">&#x2694;&#xfe0f; Pr\u00eat \u00e0 passer \u00e0 l\u2019action ?<\/h3>\n<p data-start=\"1708\" data-end=\"1772\">&#x1f449; Construire, jouer, recommencer\u2026 Offrez bien plus qu\u2019un jouet.<\/p>\n<p data-start=\"1708\" data-end=\"1772\">\n<\/div>\n<div class=\"0-3-warning\"><img decoding=\"async\" class=\"wp-image-2112\" src=\"https:\/\/croctoys.com\/wp-content\/uploads\/2023\/09\/picto-0-3ans-150x150.png\" alt=\"Ne convient pas aux enfants de moins de 36 mois.\" width=\"100\" height=\"100\" srcset=\"https:\/\/croctoys.com\/wp-content\/uploads\/2023\/09\/picto-0-3ans-150x150.png 150w, https:\/\/croctoys.com\/wp-content\/uploads\/2023\/09\/picto-0-3ans-300x300.png 300w, https:\/\/croctoys.com\/wp-content\/uploads\/2023\/09\/picto-0-3ans-12x12.png 12w, https:\/\/croctoys.com\/wp-content\/uploads\/2023\/09\/picto-0-3ans-100x100.png 100w, https:\/\/croctoys.com\/wp-content\/uploads\/2023\/09\/picto-0-3ans.png 450w\" sizes=\"(max-width: 100px) 100vw, 100px\" \/><br \/>\nNot suitable for children under 36 month. Choking hazard.<\/div>\n<\/div>","protected":false},"excerpt":{"rendered":"<div class=\"ns4p8fja j83agx80 cbu4d94t a6sixzi8 bkfpd7mw a1xu1aao\" role=\"none\">\n<div class=\"aovydwv3 j83agx80 cbu4d94t d2edcug0 l9j0dhe7\">\n<div class=\"j83agx80 k4urcfbm\" role=\"none\">\n<div class=\"l60d2q6s d1544ag0 sj5x9vvc tw6a2znq l9j0dhe7 ni8dbmo4 stjgntxs e72ty7fz kdgqqoy6 ihh4hy1g qmr60zad jm1wdb64 qv66sw1b ljqsnud1 odn2s2vf tkr6xdv7\" role=\"none\">\n<div class=\"rq0escxv l9j0dhe7 du4w35lb __fb-light-mode\" role=\"none\">\n<div class=\"ljqsnud1 ii04i59q\" dir=\"auto\" role=\"none\">Envoyez !!! PAF ca fait mal !<\/div>\n<div dir=\"auto\" role=\"none\">Une catapulte \u00e0 construire accompagn\u00e9e de son archer.<\/div>\n<\/div>\n<div dir=\"auto\" role=\"none\">Built size : 10 x 4,8 x 5 cm<\/div>\n<\/div>\n<\/div>\n<\/div>\n<\/div>","protected":false},"featured_media":3132,"comment_status":"open","ping_status":"closed","template":"","meta":[],"product_brand":[],"product_cat":[55,52,51],"product_tag":[],"class_list":{"0":"post-3076","1":"product","2":"type-product","3":"status-publish","4":"has-post-thumbnail","6":"product_cat-diy-kit","7":"product_cat-engins-de-sieges-en-kit","8":"product_cat-univers-medieval","9":"product_shipping_class-bolide","11":"first","12":"instock","13":"taxable","14":"shipping-taxable","15":"purchasable","16":"product-type-simple"},"yoast_head":"<!-- This site is optimized with the Yoast SEO plugin v27.5 - https:\/\/yoast.com\/product\/yoast-seo-wordpress\/ -->\n<title>Catapulte - activit\u00e9 d&#039;\u00e9veil - bricolage \\ fabrication artisanale et fran\u00e7aise<\/title>\n<meta name=\"description\" content=\"Jouet en bois en kit facile \u00e0 assembler. Super activit\u00e9 de transmission parent-enfant pour initier nos tout petits aux joies du bricolage.\" \/>\n<meta name=\"robots\" content=\"index, follow, max-snippet:-1, max-image-preview:large, max-video-preview:-1\" \/>\n<link rel=\"canonical\" href=\"https:\/\/croctoys.com\/en\/product\/catapulte-et-archer\/\" \/>\n<meta property=\"og:locale\" content=\"en_GB\" \/>\n<meta property=\"og:type\" content=\"article\" \/>\n<meta property=\"og:title\" content=\"Catapulte - activit\u00e9 d&#039;\u00e9veil - bricolage \\ fabrication artisanale et fran\u00e7aise\" \/>\n<meta property=\"og:description\" content=\"Jouet en bois en kit facile \u00e0 assembler. Super activit\u00e9 de transmission parent-enfant pour initier nos tout petits aux joies du bricolage.\" \/>\n<meta property=\"og:url\" content=\"https:\/\/croctoys.com\/en\/product\/catapulte-et-archer\/\" \/>\n<meta property=\"og:site_name\" content=\"activit\u00e9 d&#039;\u00e9veil - bricolage \\ fabrication artisanale et fran\u00e7aise\" \/>\n<meta property=\"article:publisher\" content=\"https:\/\/www.facebook.com\/profile.php?id=100054730270822\" \/>\n<meta property=\"article:modified_time\" content=\"2026-04-21T11:05:50+00:00\" \/>\n<meta property=\"og:image\" content=\"https:\/\/croctoys.com\/wp-content\/uploads\/2026\/04\/Catapulte_12-scaled.jpg\" \/>\n\t<meta property=\"og:image:width\" content=\"2560\" \/>\n\t<meta property=\"og:image:height\" content=\"2560\" \/>\n\t<meta property=\"og:image:type\" content=\"image\/jpeg\" \/>\n<meta name=\"twitter:card\" content=\"summary_large_image\" \/>\n<meta name=\"twitter:label1\" content=\"Estimated reading time\" \/>\n\t<meta name=\"twitter:data1\" content=\"2 minutes\" \/>\n<script type=\"application\/ld+json\" class=\"yoast-schema-graph\">{\"@context\":\"https:\\\/\\\/schema.org\",\"@graph\":[{\"@type\":\"WebPage\",\"@id\":\"https:\\\/\\\/croctoys.com\\\/produit\\\/catapulte-et-archer\\\/\",\"url\":\"https:\\\/\\\/croctoys.com\\\/produit\\\/catapulte-et-archer\\\/\",\"name\":\"Catapulte - activit\u00e9 d&#039;\u00e9veil - bricolage \\\\ fabrication artisanale et fran\u00e7aise\",\"isPartOf\":{\"@id\":\"https:\\\/\\\/croctoys.com\\\/#website\"},\"primaryImageOfPage\":{\"@id\":\"https:\\\/\\\/croctoys.com\\\/produit\\\/catapulte-et-archer\\\/#primaryimage\"},\"image\":{\"@id\":\"https:\\\/\\\/croctoys.com\\\/produit\\\/catapulte-et-archer\\\/#primaryimage\"},\"thumbnailUrl\":\"https:\\\/\\\/croctoys.com\\\/wp-content\\\/uploads\\\/2026\\\/04\\\/Catapulte_12-scaled.jpg\",\"datePublished\":\"2026-04-21T08:48:33+00:00\",\"dateModified\":\"2026-04-21T11:05:50+00:00\",\"description\":\"Jouet en bois en kit facile \u00e0 assembler. Super activit\u00e9 de transmission parent-enfant pour initier nos tout petits aux joies du bricolage.\",\"breadcrumb\":{\"@id\":\"https:\\\/\\\/croctoys.com\\\/produit\\\/catapulte-et-archer\\\/#breadcrumb\"},\"inLanguage\":\"en-GB\",\"potentialAction\":[{\"@type\":\"ReadAction\",\"target\":[\"https:\\\/\\\/croctoys.com\\\/produit\\\/catapulte-et-archer\\\/\"]}]},{\"@type\":\"ImageObject\",\"inLanguage\":\"en-GB\",\"@id\":\"https:\\\/\\\/croctoys.com\\\/produit\\\/catapulte-et-archer\\\/#primaryimage\",\"url\":\"https:\\\/\\\/croctoys.com\\\/wp-content\\\/uploads\\\/2026\\\/04\\\/Catapulte_12-scaled.jpg\",\"contentUrl\":\"https:\\\/\\\/croctoys.com\\\/wp-content\\\/uploads\\\/2026\\\/04\\\/Catapulte_12-scaled.jpg\",\"width\":2560,\"height\":2560},{\"@type\":\"BreadcrumbList\",\"@id\":\"https:\\\/\\\/croctoys.com\\\/produit\\\/catapulte-et-archer\\\/#breadcrumb\",\"itemListElement\":[{\"@type\":\"ListItem\",\"position\":1,\"name\":\"Accueil\",\"item\":\"https:\\\/\\\/croctoys.com\\\/\"},{\"@type\":\"ListItem\",\"position\":2,\"name\":\"Boutique\",\"item\":\"https:\\\/\\\/croctoys.com\\\/shop\\\/\"},{\"@type\":\"ListItem\",\"position\":3,\"name\":\"Catapulte\"}]},{\"@type\":\"WebSite\",\"@id\":\"https:\\\/\\\/croctoys.com\\\/#website\",\"url\":\"https:\\\/\\\/croctoys.com\\\/\",\"name\":\"activit\u00e9 d'eveil - bricolage fabrication artisanale et fran\u00e7aise\",\"description\":\"Jouets en bois \u00e0 assembler\",\"publisher\":{\"@id\":\"https:\\\/\\\/croctoys.com\\\/#organization\"},\"potentialAction\":[{\"@type\":\"SearchAction\",\"target\":{\"@type\":\"EntryPoint\",\"urlTemplate\":\"https:\\\/\\\/croctoys.com\\\/?s={search_term_string}\"},\"query-input\":{\"@type\":\"PropertyValueSpecification\",\"valueRequired\":true,\"valueName\":\"search_term_string\"}}],\"inLanguage\":\"en-GB\"},{\"@type\":\"Organization\",\"@id\":\"https:\\\/\\\/croctoys.com\\\/#organization\",\"name\":\"Croc toys\",\"url\":\"https:\\\/\\\/croctoys.com\\\/\",\"logo\":{\"@type\":\"ImageObject\",\"inLanguage\":\"en-GB\",\"@id\":\"https:\\\/\\\/croctoys.com\\\/#\\\/schema\\\/logo\\\/image\\\/\",\"url\":\"https:\\\/\\\/croctoys.com\\\/wp-content\\\/uploads\\\/2023\\\/09\\\/logo@4x-fond-blanc.png\",\"contentUrl\":\"https:\\\/\\\/croctoys.com\\\/wp-content\\\/uploads\\\/2023\\\/09\\\/logo@4x-fond-blanc.png\",\"width\":1185,\"height\":1185,\"caption\":\"Croc toys\"},\"image\":{\"@id\":\"https:\\\/\\\/croctoys.com\\\/#\\\/schema\\\/logo\\\/image\\\/\"},\"sameAs\":[\"https:\\\/\\\/www.facebook.com\\\/profile.php?id=100054730270822\",\"https:\\\/\\\/www.instagram.com\\\/croctoys\"]}]}<\/script>\n<!-- \/ Yoast SEO plugin. -->","yoast_head_json":{"title":"Catapulte - activit\u00e9 d&#039;\u00e9veil - bricolage \\ fabrication artisanale et fran\u00e7aise","description":"Jouet en bois en kit facile \u00e0 assembler. Super activit\u00e9 de transmission parent-enfant pour initier nos tout petits aux joies du bricolage.","robots":{"index":"index","follow":"follow","max-snippet":"max-snippet:-1","max-image-preview":"max-image-preview:large","max-video-preview":"max-video-preview:-1"},"canonical":"https:\/\/croctoys.com\/en\/product\/catapulte-et-archer\/","og_locale":"en_GB","og_type":"article","og_title":"Catapulte - activit\u00e9 d&#039;\u00e9veil - bricolage \\ fabrication artisanale et fran\u00e7aise","og_description":"Jouet en bois en kit facile \u00e0 assembler. Super activit\u00e9 de transmission parent-enfant pour initier nos tout petits aux joies du bricolage.","og_url":"https:\/\/croctoys.com\/en\/product\/catapulte-et-archer\/","og_site_name":"activit\u00e9 d&#039;\u00e9veil - bricolage \\ fabrication artisanale et fran\u00e7aise","article_publisher":"https:\/\/www.facebook.com\/profile.php?id=100054730270822","article_modified_time":"2026-04-21T11:05:50+00:00","og_image":[{"width":2560,"height":2560,"url":"https:\/\/croctoys.com\/wp-content\/uploads\/2026\/04\/Catapulte_12-scaled.jpg","type":"image\/jpeg"}],"twitter_card":"summary_large_image","twitter_misc":{"Estimated reading time":"2 minutes"},"schema":{"@context":"https:\/\/schema.org","@graph":[{"@type":"WebPage","@id":"https:\/\/croctoys.com\/produit\/catapulte-et-archer\/","url":"https:\/\/croctoys.com\/produit\/catapulte-et-archer\/","name":"Catapulte - activit\u00e9 d&#039;\u00e9veil - bricolage \\ fabrication artisanale et fran\u00e7aise","isPartOf":{"@id":"https:\/\/croctoys.com\/#website"},"primaryImageOfPage":{"@id":"https:\/\/croctoys.com\/produit\/catapulte-et-archer\/#primaryimage"},"image":{"@id":"https:\/\/croctoys.com\/produit\/catapulte-et-archer\/#primaryimage"},"thumbnailUrl":"https:\/\/croctoys.com\/wp-content\/uploads\/2026\/04\/Catapulte_12-scaled.jpg","datePublished":"2026-04-21T08:48:33+00:00","dateModified":"2026-04-21T11:05:50+00:00","description":"Jouet en bois en kit facile \u00e0 assembler. Super activit\u00e9 de transmission parent-enfant pour initier nos tout petits aux joies du bricolage.","breadcrumb":{"@id":"https:\/\/croctoys.com\/produit\/catapulte-et-archer\/#breadcrumb"},"inLanguage":"en-GB","potentialAction":[{"@type":"ReadAction","target":["https:\/\/croctoys.com\/produit\/catapulte-et-archer\/"]}]},{"@type":"ImageObject","inLanguage":"en-GB","@id":"https:\/\/croctoys.com\/produit\/catapulte-et-archer\/#primaryimage","url":"https:\/\/croctoys.com\/wp-content\/uploads\/2026\/04\/Catapulte_12-scaled.jpg","contentUrl":"https:\/\/croctoys.com\/wp-content\/uploads\/2026\/04\/Catapulte_12-scaled.jpg","width":2560,"height":2560},{"@type":"BreadcrumbList","@id":"https:\/\/croctoys.com\/produit\/catapulte-et-archer\/#breadcrumb","itemListElement":[{"@type":"ListItem","position":1,"name":"Accueil","item":"https:\/\/croctoys.com\/"},{"@type":"ListItem","position":2,"name":"Boutique","item":"https:\/\/croctoys.com\/shop\/"},{"@type":"ListItem","position":3,"name":"Catapulte"}]},{"@type":"WebSite","@id":"https:\/\/croctoys.com\/#website","url":"https:\/\/croctoys.com\/","name":"activit\u00e9 d'eveil - bricolage fabrication artisanale et fran\u00e7aise","description":"Wooden toys to craft","publisher":{"@id":"https:\/\/croctoys.com\/#organization"},"potentialAction":[{"@type":"SearchAction","target":{"@type":"EntryPoint","urlTemplate":"https:\/\/croctoys.com\/?s={search_term_string}"},"query-input":{"@type":"PropertyValueSpecification","valueRequired":true,"valueName":"search_term_string"}}],"inLanguage":"en-GB"},{"@type":"Organization","@id":"https:\/\/croctoys.com\/#organization","name":"Croc toys","url":"https:\/\/croctoys.com\/","logo":{"@type":"ImageObject","inLanguage":"en-GB","@id":"https:\/\/croctoys.com\/#\/schema\/logo\/image\/","url":"https:\/\/croctoys.com\/wp-content\/uploads\/2023\/09\/logo@4x-fond-blanc.png","contentUrl":"https:\/\/croctoys.com\/wp-content\/uploads\/2023\/09\/logo@4x-fond-blanc.png","width":1185,"height":1185,"caption":"Croc toys"},"image":{"@id":"https:\/\/croctoys.com\/#\/schema\/logo\/image\/"},"sameAs":["https:\/\/www.facebook.com\/profile.php?id=100054730270822","https:\/\/www.instagram.com\/croctoys"]}]}},"jetpack_sharing_enabled":true,"_links":{"self":[{"href":"https:\/\/croctoys.com\/en\/wp-json\/wp\/v2\/product\/3076","targetHints":{"allow":["GET"]}}],"collection":[{"href":"https:\/\/croctoys.com\/en\/wp-json\/wp\/v2\/product"}],"about":[{"href":"https:\/\/croctoys.com\/en\/wp-json\/wp\/v2\/types\/product"}],"replies":[{"embeddable":true,"href":"https:\/\/croctoys.com\/en\/wp-json\/wp\/v2\/comments?post=3076"}],"wp:featuredmedia":[{"embeddable":true,"href":"https:\/\/croctoys.com\/en\/wp-json\/wp\/v2\/media\/3132"}],"wp:attachment":[{"href":"https:\/\/croctoys.com\/en\/wp-json\/wp\/v2\/media?parent=3076"}],"wp:term":[{"taxonomy":"product_brand","embeddable":true,"href":"https:\/\/croctoys.com\/en\/wp-json\/wp\/v2\/product_brand?post=3076"},{"taxonomy":"product_cat","embeddable":true,"href":"https:\/\/croctoys.com\/en\/wp-json\/wp\/v2\/product_cat?post=3076"},{"taxonomy":"product_tag","embeddable":true,"href":"https:\/\/croctoys.com\/en\/wp-json\/wp\/v2\/product_tag?post=3076"}],"curies":[{"name":"wp","href":"https:\/\/api.w.org\/{rel}","templated":true}]}}