{"id":3089,"date":"2026-04-21T09:48:33","date_gmt":"2026-04-21T08:48:33","guid":{"rendered":"https:\/\/croctoys.com\/?post_type=product&#038;p=3089"},"modified":"2026-04-21T12:05:06","modified_gmt":"2026-04-21T11:05:06","slug":"tour-de-siege-et-belier-avec-lancier-et-epeiste","status":"publish","type":"product","link":"https:\/\/croctoys.com\/en\/product\/tour-de-siege-et-belier-avec-lancier-et-epeiste\/","title":{"rendered":"Tour de si\u00e8ge &#038; b\u00e9lier"},"content":{"rendered":"<div class=\"ljqsnud1 ii04i59q\" dir=\"auto\" role=\"none\">\n<div class=\"relative basis-auto flex-col -mb-(--composer-overlap-px) pb-(--composer-overlap-px) [--composer-overlap-px:28px] grow flex\">\n<div class=\"flex flex-col text-sm\">\n<section class=\"text-token-text-primary w-full focus:outline-none [--shadow-height:45px] has-data-writing-block:pointer-events-none has-data-writing-block:-mt-(--shadow-height) has-data-writing-block:pt-(--shadow-height) [&amp;:has([data-writing-block])&gt;*]:pointer-events-auto [content-visibility:auto] supports-[content-visibility:auto]:[contain-intrinsic-size:auto_100lvh] R6Vx5W_threadScrollVars scroll-mb-[calc(var(--scroll-root-safe-area-inset-bottom,0px)+var(--thread-response-height))] scroll-mt-[calc(var(--header-height)+min(200px,max(70px,20svh)))]\" dir=\"auto\" data-turn-id=\"request-WEB:97ea4283-932b-49a9-8ce7-7907ecfe8d9f-7\" data-testid=\"conversation-turn-16\" data-scroll-anchor=\"false\" data-turn=\"assistant\">\n<div class=\"text-base my-auto mx-auto pb-10 [--thread-content-margin:var(--thread-content-margin-xs,calc(var(--spacing)*4))] @w-sm\/main:[--thread-content-margin:var(--thread-content-margin-sm,calc(var(--spacing)*6))] @w-lg\/main:[--thread-content-margin:var(--thread-content-margin-lg,calc(var(--spacing)*16))] px-(--thread-content-margin)\">\n<div class=\"[--thread-content-max-width:40rem] @w-lg\/main:[--thread-content-max-width:48rem] mx-auto max-w-(--thread-content-max-width) flex-1 group\/turn-messages focus-visible:outline-hidden relative flex w-full min-w-0 flex-col agent-turn\">\n<div class=\"flex max-w-full flex-col gap-4 grow\">\n<div class=\"min-h-8 text-message relative flex w-full flex-col items-end gap-2 text-start break-words whitespace-normal outline-none keyboard-focused:focus-ring [.text-message+&amp;]:mt-1\" dir=\"auto\" tabindex=\"0\" data-message-author-role=\"assistant\" data-message-id=\"6b956b87-b48f-4ea0-9917-94bf39825c7b\" data-message-model-slug=\"gpt-5-3\" data-turn-start-message=\"true\">\n<div class=\"flex w-full flex-col gap-1 empty:hidden\">\n<div class=\"markdown prose dark:prose-invert w-full wrap-break-word dark markdown-new-styling\">\n<h2 data-section-id=\"12clwlb\" data-start=\"77\" data-end=\"118\">&#x1f3f0; Kit Assaut \u2013 Tour de si\u00e8ge &amp; b\u00e9lier<\/h2>\n<p data-start=\"120\" data-end=\"234\">Approche. Prot\u00e8ge. Frappe. &#x2694;&#xfe0f;<br data-start=\"149\" data-end=\"152\" \/>Un kit cr\u00e9atif pour construire de v\u00e9ritables engins de si\u00e8ge\u2026 et lancer l\u2019attaque.<\/p>\n<hr data-start=\"236\" data-end=\"239\" \/>\n<h3 data-section-id=\"eycyhg\" data-start=\"241\" data-end=\"263\">&#x1f9e0; Les b\u00e9n\u00e9fices<\/h3>\n<p data-start=\"264\" data-end=\"474\">D\u00e9veloppe la cr\u00e9ativit\u00e9 et l\u2019imagination<br data-start=\"304\" data-end=\"307\" \/>Favorise la concentration et la patience<br data-start=\"347\" data-end=\"350\" \/>Stimule la motricit\u00e9 fine<br data-start=\"375\" data-end=\"378\" \/>Encourage le jeu libre sans \u00e9cran<br data-start=\"411\" data-end=\"414\" \/>Plonge l\u2019enfant dans un univers de strat\u00e9gie et d\u2019aventure<\/p>\n<hr data-start=\"476\" data-end=\"479\" \/>\n<h3 data-section-id=\"1cftb0y\" data-start=\"481\" data-end=\"504\">&#x1f4e6; Contenu du kit<\/h3>\n<p data-start=\"506\" data-end=\"562\">Tout le n\u00e9cessaire pour construire des engins d\u2019assaut :<\/p>\n<ul data-start=\"564\" data-end=\"793\">\n<li data-section-id=\"l3bap9\" data-start=\"564\" data-end=\"617\">Planches en bois pr\u00e9d\u00e9coup\u00e9es faciles \u00e0 assembler<\/li>\n<li data-section-id=\"2udh2m\" data-start=\"618\" data-end=\"658\">Colle Cl\u00e9op\u00e2tre (comme \u00e0 l\u2019\u00e9cole &#x1f49b;)<\/li>\n<li data-section-id=\"16uvb0m\" data-start=\"659\" data-end=\"709\">Chevilles en bois pour une construction simple<\/li>\n<li data-section-id=\"1iws6r1\" data-start=\"710\" data-end=\"733\">Roues s\u00e9rigraphi\u00e9es<\/li>\n<li data-section-id=\"6y3lvx\" data-start=\"734\" data-end=\"765\">Notice de montage illustr\u00e9e<\/li>\n<li data-section-id=\"r0k8kn\" data-start=\"766\" data-end=\"779\">1 lancier et 1 \u00e9p\u00e9iste, illustr\u00e9s par <a href=\"http:\/\/www.evelyneduverne.com\/\" target=\"_blank\" rel=\"noopener\">Evelyne Duverne<\/a> s\u00e9rigraphi\u00e9s \u00e0 la main.<\/li>\n<\/ul>\n<hr data-start=\"795\" data-end=\"798\" \/>\n<h3 data-section-id=\"1wy1z27\" data-start=\"800\" data-end=\"819\">&#x1f3af; Pour qui ?<\/h3>\n<p data-start=\"820\" data-end=\"955\">D\u00e8s 3 ans (avec un coup de main au d\u00e9but)<br data-start=\"861\" data-end=\"864\" \/>Parfait pour les enfants qui aiment construire, manipuler et inventer des sc\u00e8nes d\u2019action<\/p>\n<hr data-start=\"957\" data-end=\"960\" \/>\n<h3 data-section-id=\"4ulond\" data-start=\"962\" data-end=\"990\">&#x1f4a1; Pourquoi on l\u2019adore<\/h3>\n<p data-start=\"992\" data-end=\"1083\">Parce que ce kit ne sert pas juste \u00e0 jouer\u2026<br data-start=\"1035\" data-end=\"1038\" \/>Il permet de <strong data-start=\"1051\" data-end=\"1082\">construire avant d\u2019attaquer<\/strong>.<\/p>\n<p data-start=\"1085\" data-end=\"1173\">On assemble, on comprend, on imagine\u2026<br data-start=\"1122\" data-end=\"1125\" \/>et chaque pi\u00e8ce prend vie une fois en mouvement.<\/p>\n<hr data-start=\"1175\" data-end=\"1178\" \/>\n<h3 data-section-id=\"z0u5v9\" data-start=\"1180\" data-end=\"1202\">&#x1f33f; Les + produit<\/h3>\n<p data-start=\"1203\" data-end=\"1399\">Mat\u00e9riaux simples et robustes<br data-start=\"1232\" data-end=\"1235\" \/>Fabrication pens\u00e9e pour les petites mains<br data-start=\"1276\" data-end=\"1279\" \/>Engins vari\u00e9s pour enrichir le jeu<br data-start=\"1313\" data-end=\"1316\" \/>Univers immersif et coh\u00e9rent<br data-start=\"1344\" data-end=\"1347\" \/>Parfait en compl\u00e9ment d\u2019un ch\u00e2teau ou de figurines<\/p>\n<hr data-start=\"1401\" data-end=\"1404\" \/>\n<h3 data-section-id=\"1heqrxr\" data-start=\"1406\" data-end=\"1449\">&#x1f680; Une fois mont\u00e9\u2026 place \u00e0 l\u2019assaut !<\/h3>\n<p data-start=\"1451\" data-end=\"1538\">La tour avance lentement\u2026<br \/>\nLa porte se baisse&#8230;<br \/>\nLe b\u00e9lier frappe\u2026<br data-start=\"1496\" data-end=\"1499\" \/>Les d\u00e9fenseurs retiennent leur souffle\u2026<\/p>\n<p data-start=\"1540\" data-end=\"1564\">Qui prendra le ch\u00e2teau ?<\/p>\n<hr data-start=\"1566\" data-end=\"1569\" \/>\n<h3 data-section-id=\"ub89s9\" data-start=\"1571\" data-end=\"1605\">&#x2694;&#xfe0f; Pr\u00eat \u00e0 lancer l\u2019attaque ?<\/h3>\n<p data-start=\"1607\" data-end=\"1657\" data-is-last-node=\"\" data-is-only-node=\"\">&#x1f449; Construire, attaquer, imaginer\u2026 et recommencer.<\/p>\n<\/div>\n<\/div>\n<\/div>\n<\/div>\n<\/div>\n<\/div>\n<\/section>\n<\/div>\n<\/div>\n<\/div>\n<div class=\"0-3-warning\">\n<hr data-start=\"1566\" data-end=\"1569\" \/>\n<p><img decoding=\"async\" class=\"wp-image-2112\" src=\"https:\/\/croctoys.com\/wp-content\/uploads\/2023\/09\/picto-0-3ans-150x150.png\" alt=\"Ne convient pas aux enfants de moins de 36 mois.\" width=\"100\" height=\"100\" srcset=\"https:\/\/croctoys.com\/wp-content\/uploads\/2023\/09\/picto-0-3ans-150x150.png 150w, https:\/\/croctoys.com\/wp-content\/uploads\/2023\/09\/picto-0-3ans-300x300.png 300w, https:\/\/croctoys.com\/wp-content\/uploads\/2023\/09\/picto-0-3ans-12x12.png 12w, https:\/\/croctoys.com\/wp-content\/uploads\/2023\/09\/picto-0-3ans-100x100.png 100w, https:\/\/croctoys.com\/wp-content\/uploads\/2023\/09\/picto-0-3ans.png 450w\" sizes=\"(max-width: 100px) 100vw, 100px\" \/><br \/>\nNe convient pas aux enfants de moins de 36 mois. Petits \u00e9l\u00e9ments. Danger d&rsquo;\u00e9touffement.<\/p>\n<\/div>\n","protected":false},"excerpt":{"rendered":"<div class=\"ns4p8fja j83agx80 cbu4d94t a6sixzi8 bkfpd7mw a1xu1aao\" role=\"none\">\n<div class=\"aovydwv3 j83agx80 cbu4d94t d2edcug0 l9j0dhe7\">\n<div class=\"j83agx80 k4urcfbm\" role=\"none\">\n<div class=\"l60d2q6s d1544ag0 sj5x9vvc tw6a2znq l9j0dhe7 ni8dbmo4 stjgntxs e72ty7fz kdgqqoy6 ihh4hy1g qmr60zad jm1wdb64 qv66sw1b ljqsnud1 odn2s2vf tkr6xdv7\" role=\"none\">\n<div class=\"rq0escxv l9j0dhe7 du4w35lb __fb-light-mode\" role=\"none\">\n<div class=\"ljqsnud1 ii04i59q\" dir=\"auto\" role=\"none\">Dans cette boite deux engins de si\u00e8ges \u00e0 construire et deux personnages.<\/div>\n<div dir=\"auto\" role=\"none\"><\/div>\n<\/div>\n<div dir=\"auto\" role=\"none\">Built size : 10 x 4,8 x 5 cm<\/div>\n<\/div>\n<\/div>\n<\/div>\n<\/div>","protected":false},"featured_media":3194,"comment_status":"open","ping_status":"closed","template":"","meta":[],"product_brand":[],"product_cat":[55,52,51],"product_tag":[],"class_list":{"0":"post-3089","1":"product","2":"type-product","3":"status-publish","4":"has-post-thumbnail","6":"product_cat-diy-kit","7":"product_cat-engins-de-sieges-en-kit","8":"product_cat-univers-medieval","9":"product_shipping_class-bolide","11":"first","12":"instock","13":"taxable","14":"shipping-taxable","15":"purchasable","16":"product-type-simple"},"yoast_head":"<!-- This site is optimized with the Yoast SEO plugin v27.5 - https:\/\/yoast.com\/product\/yoast-seo-wordpress\/ -->\n<title>Tour de si\u00e8ge &amp; b\u00e9lier - activit\u00e9 d&#039;\u00e9veil - bricolage \\ fabrication artisanale et fran\u00e7aise<\/title>\n<meta name=\"description\" content=\"Jouet en bois en kit facile \u00e0 assembler. Super activit\u00e9 de transmission parent-enfant pour initier nos tout petits aux joies du bricolage.\" \/>\n<meta name=\"robots\" content=\"index, follow, max-snippet:-1, max-image-preview:large, max-video-preview:-1\" \/>\n<link rel=\"canonical\" href=\"https:\/\/croctoys.com\/en\/product\/tour-de-siege-et-belier-avec-lancier-et-epeiste\/\" \/>\n<meta property=\"og:locale\" content=\"en_GB\" \/>\n<meta property=\"og:type\" content=\"article\" \/>\n<meta property=\"og:title\" content=\"Tour de si\u00e8ge &amp; b\u00e9lier - activit\u00e9 d&#039;\u00e9veil - bricolage \\ fabrication artisanale et fran\u00e7aise\" \/>\n<meta property=\"og:description\" content=\"Jouet en bois en kit facile \u00e0 assembler. Super activit\u00e9 de transmission parent-enfant pour initier nos tout petits aux joies du bricolage.\" \/>\n<meta property=\"og:url\" content=\"https:\/\/croctoys.com\/en\/product\/tour-de-siege-et-belier-avec-lancier-et-epeiste\/\" \/>\n<meta property=\"og:site_name\" content=\"activit\u00e9 d&#039;\u00e9veil - bricolage \\ fabrication artisanale et fran\u00e7aise\" \/>\n<meta property=\"article:publisher\" content=\"https:\/\/www.facebook.com\/profile.php?id=100054730270822\" \/>\n<meta property=\"article:modified_time\" content=\"2026-04-21T11:05:06+00:00\" \/>\n<meta property=\"og:image\" content=\"https:\/\/croctoys.com\/wp-content\/uploads\/2026\/04\/Tour_de_siege_Belier_Duo_05-scaled.jpg\" \/>\n\t<meta property=\"og:image:width\" content=\"2560\" \/>\n\t<meta property=\"og:image:height\" content=\"2560\" \/>\n\t<meta property=\"og:image:type\" content=\"image\/jpeg\" \/>\n<meta name=\"twitter:card\" content=\"summary_large_image\" \/>\n<meta name=\"twitter:label1\" content=\"Estimated reading time\" \/>\n\t<meta name=\"twitter:data1\" content=\"2 minutes\" \/>\n<script type=\"application\/ld+json\" class=\"yoast-schema-graph\">{\"@context\":\"https:\\\/\\\/schema.org\",\"@graph\":[{\"@type\":\"WebPage\",\"@id\":\"https:\\\/\\\/croctoys.com\\\/produit\\\/tour-de-siege-et-belier-avec-lancier-et-epeiste\\\/\",\"url\":\"https:\\\/\\\/croctoys.com\\\/produit\\\/tour-de-siege-et-belier-avec-lancier-et-epeiste\\\/\",\"name\":\"Tour de si\u00e8ge & b\u00e9lier - activit\u00e9 d&#039;\u00e9veil - bricolage \\\\ fabrication artisanale et fran\u00e7aise\",\"isPartOf\":{\"@id\":\"https:\\\/\\\/croctoys.com\\\/#website\"},\"primaryImageOfPage\":{\"@id\":\"https:\\\/\\\/croctoys.com\\\/produit\\\/tour-de-siege-et-belier-avec-lancier-et-epeiste\\\/#primaryimage\"},\"image\":{\"@id\":\"https:\\\/\\\/croctoys.com\\\/produit\\\/tour-de-siege-et-belier-avec-lancier-et-epeiste\\\/#primaryimage\"},\"thumbnailUrl\":\"https:\\\/\\\/croctoys.com\\\/wp-content\\\/uploads\\\/2026\\\/04\\\/Tour_de_siege_Belier_Duo_05-scaled.jpg\",\"datePublished\":\"2026-04-21T08:48:33+00:00\",\"dateModified\":\"2026-04-21T11:05:06+00:00\",\"description\":\"Jouet en bois en kit facile \u00e0 assembler. Super activit\u00e9 de transmission parent-enfant pour initier nos tout petits aux joies du bricolage.\",\"breadcrumb\":{\"@id\":\"https:\\\/\\\/croctoys.com\\\/produit\\\/tour-de-siege-et-belier-avec-lancier-et-epeiste\\\/#breadcrumb\"},\"inLanguage\":\"en-GB\",\"potentialAction\":[{\"@type\":\"ReadAction\",\"target\":[\"https:\\\/\\\/croctoys.com\\\/produit\\\/tour-de-siege-et-belier-avec-lancier-et-epeiste\\\/\"]}]},{\"@type\":\"ImageObject\",\"inLanguage\":\"en-GB\",\"@id\":\"https:\\\/\\\/croctoys.com\\\/produit\\\/tour-de-siege-et-belier-avec-lancier-et-epeiste\\\/#primaryimage\",\"url\":\"https:\\\/\\\/croctoys.com\\\/wp-content\\\/uploads\\\/2026\\\/04\\\/Tour_de_siege_Belier_Duo_05-scaled.jpg\",\"contentUrl\":\"https:\\\/\\\/croctoys.com\\\/wp-content\\\/uploads\\\/2026\\\/04\\\/Tour_de_siege_Belier_Duo_05-scaled.jpg\",\"width\":2560,\"height\":2560},{\"@type\":\"BreadcrumbList\",\"@id\":\"https:\\\/\\\/croctoys.com\\\/produit\\\/tour-de-siege-et-belier-avec-lancier-et-epeiste\\\/#breadcrumb\",\"itemListElement\":[{\"@type\":\"ListItem\",\"position\":1,\"name\":\"Accueil\",\"item\":\"https:\\\/\\\/croctoys.com\\\/\"},{\"@type\":\"ListItem\",\"position\":2,\"name\":\"Boutique\",\"item\":\"https:\\\/\\\/croctoys.com\\\/shop\\\/\"},{\"@type\":\"ListItem\",\"position\":3,\"name\":\"Tour de si\u00e8ge &#038; b\u00e9lier\"}]},{\"@type\":\"WebSite\",\"@id\":\"https:\\\/\\\/croctoys.com\\\/#website\",\"url\":\"https:\\\/\\\/croctoys.com\\\/\",\"name\":\"activit\u00e9 d'eveil - bricolage fabrication artisanale et fran\u00e7aise\",\"description\":\"Jouets en bois \u00e0 assembler\",\"publisher\":{\"@id\":\"https:\\\/\\\/croctoys.com\\\/#organization\"},\"potentialAction\":[{\"@type\":\"SearchAction\",\"target\":{\"@type\":\"EntryPoint\",\"urlTemplate\":\"https:\\\/\\\/croctoys.com\\\/?s={search_term_string}\"},\"query-input\":{\"@type\":\"PropertyValueSpecification\",\"valueRequired\":true,\"valueName\":\"search_term_string\"}}],\"inLanguage\":\"en-GB\"},{\"@type\":\"Organization\",\"@id\":\"https:\\\/\\\/croctoys.com\\\/#organization\",\"name\":\"Croc toys\",\"url\":\"https:\\\/\\\/croctoys.com\\\/\",\"logo\":{\"@type\":\"ImageObject\",\"inLanguage\":\"en-GB\",\"@id\":\"https:\\\/\\\/croctoys.com\\\/#\\\/schema\\\/logo\\\/image\\\/\",\"url\":\"https:\\\/\\\/croctoys.com\\\/wp-content\\\/uploads\\\/2023\\\/09\\\/logo@4x-fond-blanc.png\",\"contentUrl\":\"https:\\\/\\\/croctoys.com\\\/wp-content\\\/uploads\\\/2023\\\/09\\\/logo@4x-fond-blanc.png\",\"width\":1185,\"height\":1185,\"caption\":\"Croc toys\"},\"image\":{\"@id\":\"https:\\\/\\\/croctoys.com\\\/#\\\/schema\\\/logo\\\/image\\\/\"},\"sameAs\":[\"https:\\\/\\\/www.facebook.com\\\/profile.php?id=100054730270822\",\"https:\\\/\\\/www.instagram.com\\\/croctoys\"]}]}<\/script>\n<!-- \/ Yoast SEO plugin. -->","yoast_head_json":{"title":"Tour de si\u00e8ge & b\u00e9lier - activit\u00e9 d&#039;\u00e9veil - bricolage \\ fabrication artisanale et fran\u00e7aise","description":"Jouet en bois en kit facile \u00e0 assembler. Super activit\u00e9 de transmission parent-enfant pour initier nos tout petits aux joies du bricolage.","robots":{"index":"index","follow":"follow","max-snippet":"max-snippet:-1","max-image-preview":"max-image-preview:large","max-video-preview":"max-video-preview:-1"},"canonical":"https:\/\/croctoys.com\/en\/product\/tour-de-siege-et-belier-avec-lancier-et-epeiste\/","og_locale":"en_GB","og_type":"article","og_title":"Tour de si\u00e8ge & b\u00e9lier - activit\u00e9 d&#039;\u00e9veil - bricolage \\ fabrication artisanale et fran\u00e7aise","og_description":"Jouet en bois en kit facile \u00e0 assembler. Super activit\u00e9 de transmission parent-enfant pour initier nos tout petits aux joies du bricolage.","og_url":"https:\/\/croctoys.com\/en\/product\/tour-de-siege-et-belier-avec-lancier-et-epeiste\/","og_site_name":"activit\u00e9 d&#039;\u00e9veil - bricolage \\ fabrication artisanale et fran\u00e7aise","article_publisher":"https:\/\/www.facebook.com\/profile.php?id=100054730270822","article_modified_time":"2026-04-21T11:05:06+00:00","og_image":[{"width":2560,"height":2560,"url":"https:\/\/croctoys.com\/wp-content\/uploads\/2026\/04\/Tour_de_siege_Belier_Duo_05-scaled.jpg","type":"image\/jpeg"}],"twitter_card":"summary_large_image","twitter_misc":{"Estimated reading time":"2 minutes"},"schema":{"@context":"https:\/\/schema.org","@graph":[{"@type":"WebPage","@id":"https:\/\/croctoys.com\/produit\/tour-de-siege-et-belier-avec-lancier-et-epeiste\/","url":"https:\/\/croctoys.com\/produit\/tour-de-siege-et-belier-avec-lancier-et-epeiste\/","name":"Tour de si\u00e8ge & b\u00e9lier - activit\u00e9 d&#039;\u00e9veil - bricolage \\ fabrication artisanale et fran\u00e7aise","isPartOf":{"@id":"https:\/\/croctoys.com\/#website"},"primaryImageOfPage":{"@id":"https:\/\/croctoys.com\/produit\/tour-de-siege-et-belier-avec-lancier-et-epeiste\/#primaryimage"},"image":{"@id":"https:\/\/croctoys.com\/produit\/tour-de-siege-et-belier-avec-lancier-et-epeiste\/#primaryimage"},"thumbnailUrl":"https:\/\/croctoys.com\/wp-content\/uploads\/2026\/04\/Tour_de_siege_Belier_Duo_05-scaled.jpg","datePublished":"2026-04-21T08:48:33+00:00","dateModified":"2026-04-21T11:05:06+00:00","description":"Jouet en bois en kit facile \u00e0 assembler. Super activit\u00e9 de transmission parent-enfant pour initier nos tout petits aux joies du bricolage.","breadcrumb":{"@id":"https:\/\/croctoys.com\/produit\/tour-de-siege-et-belier-avec-lancier-et-epeiste\/#breadcrumb"},"inLanguage":"en-GB","potentialAction":[{"@type":"ReadAction","target":["https:\/\/croctoys.com\/produit\/tour-de-siege-et-belier-avec-lancier-et-epeiste\/"]}]},{"@type":"ImageObject","inLanguage":"en-GB","@id":"https:\/\/croctoys.com\/produit\/tour-de-siege-et-belier-avec-lancier-et-epeiste\/#primaryimage","url":"https:\/\/croctoys.com\/wp-content\/uploads\/2026\/04\/Tour_de_siege_Belier_Duo_05-scaled.jpg","contentUrl":"https:\/\/croctoys.com\/wp-content\/uploads\/2026\/04\/Tour_de_siege_Belier_Duo_05-scaled.jpg","width":2560,"height":2560},{"@type":"BreadcrumbList","@id":"https:\/\/croctoys.com\/produit\/tour-de-siege-et-belier-avec-lancier-et-epeiste\/#breadcrumb","itemListElement":[{"@type":"ListItem","position":1,"name":"Accueil","item":"https:\/\/croctoys.com\/"},{"@type":"ListItem","position":2,"name":"Boutique","item":"https:\/\/croctoys.com\/shop\/"},{"@type":"ListItem","position":3,"name":"Tour de si\u00e8ge &#038; b\u00e9lier"}]},{"@type":"WebSite","@id":"https:\/\/croctoys.com\/#website","url":"https:\/\/croctoys.com\/","name":"activit\u00e9 d'eveil - bricolage fabrication artisanale et fran\u00e7aise","description":"Wooden toys to craft","publisher":{"@id":"https:\/\/croctoys.com\/#organization"},"potentialAction":[{"@type":"SearchAction","target":{"@type":"EntryPoint","urlTemplate":"https:\/\/croctoys.com\/?s={search_term_string}"},"query-input":{"@type":"PropertyValueSpecification","valueRequired":true,"valueName":"search_term_string"}}],"inLanguage":"en-GB"},{"@type":"Organization","@id":"https:\/\/croctoys.com\/#organization","name":"Croc toys","url":"https:\/\/croctoys.com\/","logo":{"@type":"ImageObject","inLanguage":"en-GB","@id":"https:\/\/croctoys.com\/#\/schema\/logo\/image\/","url":"https:\/\/croctoys.com\/wp-content\/uploads\/2023\/09\/logo@4x-fond-blanc.png","contentUrl":"https:\/\/croctoys.com\/wp-content\/uploads\/2023\/09\/logo@4x-fond-blanc.png","width":1185,"height":1185,"caption":"Croc toys"},"image":{"@id":"https:\/\/croctoys.com\/#\/schema\/logo\/image\/"},"sameAs":["https:\/\/www.facebook.com\/profile.php?id=100054730270822","https:\/\/www.instagram.com\/croctoys"]}]}},"jetpack_sharing_enabled":true,"_links":{"self":[{"href":"https:\/\/croctoys.com\/en\/wp-json\/wp\/v2\/product\/3089","targetHints":{"allow":["GET"]}}],"collection":[{"href":"https:\/\/croctoys.com\/en\/wp-json\/wp\/v2\/product"}],"about":[{"href":"https:\/\/croctoys.com\/en\/wp-json\/wp\/v2\/types\/product"}],"replies":[{"embeddable":true,"href":"https:\/\/croctoys.com\/en\/wp-json\/wp\/v2\/comments?post=3089"}],"wp:featuredmedia":[{"embeddable":true,"href":"https:\/\/croctoys.com\/en\/wp-json\/wp\/v2\/media\/3194"}],"wp:attachment":[{"href":"https:\/\/croctoys.com\/en\/wp-json\/wp\/v2\/media?parent=3089"}],"wp:term":[{"taxonomy":"product_brand","embeddable":true,"href":"https:\/\/croctoys.com\/en\/wp-json\/wp\/v2\/product_brand?post=3089"},{"taxonomy":"product_cat","embeddable":true,"href":"https:\/\/croctoys.com\/en\/wp-json\/wp\/v2\/product_cat?post=3089"},{"taxonomy":"product_tag","embeddable":true,"href":"https:\/\/croctoys.com\/en\/wp-json\/wp\/v2\/product_tag?post=3089"}],"curies":[{"name":"wp","href":"https:\/\/api.w.org\/{rel}","templated":true}]}}