{"id":3095,"date":"2026-04-21T09:48:33","date_gmt":"2026-04-21T08:48:33","guid":{"rendered":"https:\/\/croctoys.com\/?post_type=product&#038;p=3095"},"modified":"2026-04-21T12:05:01","modified_gmt":"2026-04-21T11:05:01","slug":"duel-de-catapultes-et-archers","status":"publish","type":"product","link":"https:\/\/croctoys.com\/en\/product\/duel-de-catapultes-et-archers\/","title":{"rendered":"Les catapultes du royaume"},"content":{"rendered":"<div class=\"ljqsnud1 ii04i59q\" dir=\"auto\" role=\"none\">\n<section class=\"text-token-text-primary w-full focus:outline-none [--shadow-height:45px] has-data-writing-block:pointer-events-none has-data-writing-block:-mt-(--shadow-height) has-data-writing-block:pt-(--shadow-height) [&amp;:has([data-writing-block])&gt;*]:pointer-events-auto [content-visibility:auto] supports-[content-visibility:auto]:[contain-intrinsic-size:auto_100lvh] R6Vx5W_threadScrollVars scroll-mb-[calc(var(--scroll-root-safe-area-inset-bottom,0px)+var(--thread-response-height))] scroll-mt-[calc(var(--header-height)+min(200px,max(70px,20svh)))]\" dir=\"auto\" data-turn-id=\"request-WEB:97ea4283-932b-49a9-8ce7-7907ecfe8d9f-5\" data-testid=\"conversation-turn-12\" data-scroll-anchor=\"false\" data-turn=\"assistant\">\n<div class=\"text-base my-auto mx-auto pb-10 [--thread-content-margin:var(--thread-content-margin-xs,calc(var(--spacing)*4))] @w-sm\/main:[--thread-content-margin:var(--thread-content-margin-sm,calc(var(--spacing)*6))] @w-lg\/main:[--thread-content-margin:var(--thread-content-margin-lg,calc(var(--spacing)*16))] px-(--thread-content-margin)\">\n<div class=\"[--thread-content-max-width:40rem] @w-lg\/main:[--thread-content-max-width:48rem] mx-auto max-w-(--thread-content-max-width) flex-1 group\/turn-messages focus-visible:outline-hidden relative flex w-full min-w-0 flex-col agent-turn\">\n<div class=\"flex max-w-full flex-col gap-4 grow\">\n<div class=\"min-h-8 text-message relative flex w-full flex-col items-end gap-2 text-start break-words whitespace-normal outline-none keyboard-focused:focus-ring [.text-message+&amp;]:mt-1\" dir=\"auto\" tabindex=\"0\" data-message-author-role=\"assistant\" data-message-id=\"fbe9873d-4b61-4ac8-9f1a-57c957478cea\" data-message-model-slug=\"gpt-5-3\" data-turn-start-message=\"true\">\n<div class=\"flex w-full flex-col gap-1 empty:hidden\">\n<div class=\"markdown prose dark:prose-invert w-full wrap-break-word dark markdown-new-styling\">\n<h2 data-section-id=\"4w0fte\" data-start=\"134\" data-end=\"176\">&#x1f3f9; Kit Duel \u2013 Les catapultes du royaume<\/h2>\n<p data-start=\"178\" data-end=\"277\">Construis. D\u00e9fie. Lance. &#x1f4a5;<br data-start=\"205\" data-end=\"208\" \/>Deux catapultes, deux camps\u2026 et une infinit\u00e9 de batailles \u00e0 inventer.<\/p>\n<p data-start=\"279\" data-end=\"371\">Un kit cr\u00e9atif complet pour <strong data-start=\"307\" data-end=\"370\">construire, jouer \u00e0 deux et faire vivre de vraies aventures<\/strong>.<\/p>\n<hr data-start=\"373\" data-end=\"376\" \/>\n<h3 data-section-id=\"eycyhg\" data-start=\"378\" data-end=\"400\">&#x1f9e0; Les b\u00e9n\u00e9fices<\/h3>\n<p data-start=\"401\" data-end=\"606\">D\u00e9veloppe la cr\u00e9ativit\u00e9 et l\u2019imagination<br data-start=\"441\" data-end=\"444\" \/>Favorise la concentration et la patience<br data-start=\"484\" data-end=\"487\" \/>Stimule la motricit\u00e9 fine<br data-start=\"512\" data-end=\"515\" \/>Encourage le jeu libre sans \u00e9cran<br data-start=\"548\" data-end=\"551\" \/>Apprend \u00e0 jouer ensemble, coop\u00e9rer\u2026 ou s\u2019affronter &#x1f60f;<\/p>\n<hr data-start=\"608\" data-end=\"611\" \/>\n<h3 data-section-id=\"1cftb0y\" data-start=\"613\" data-end=\"636\">&#x1f4e6; Contenu du kit<\/h3>\n<p data-start=\"638\" data-end=\"705\">Tout le n\u00e9cessaire pour construire <strong data-start=\"673\" data-end=\"703\">deux v\u00e9ritables catapultes<\/strong> et deux archers :<\/p>\n<ul data-start=\"707\" data-end=\"1064\">\n<li data-section-id=\"1m5qd5y\" data-start=\"707\" data-end=\"765\">Planches en bois pr\u00e9d\u00e9coup\u00e9es faciles \u00e0 assembler (x2)<\/li>\n<li data-section-id=\"2udh2m\" data-start=\"766\" data-end=\"806\">Colle Cl\u00e9op\u00e2tre (comme \u00e0 l\u2019\u00e9cole &#x1f49b;)<\/li>\n<li data-section-id=\"16uvb0m\" data-start=\"807\" data-end=\"857\">Chevilles en bois pour une construction simple<\/li>\n<li data-section-id=\"1iws6r1\" data-start=\"858\" data-end=\"881\">Roues s\u00e9rigraphi\u00e9es<\/li>\n<li data-section-id=\"6y3lvx\" data-start=\"882\" data-end=\"913\">Notice de montage illustr\u00e9e<\/li>\n<li data-section-id=\"1wyoob6\" data-start=\"914\" data-end=\"954\">6 boulets en li\u00e8ge (3 par catapulte)<\/li>\n<li data-section-id=\"1awhf03\" data-start=\"955\" data-end=\"1020\">2 figurines d\u2019archers en bois, illustr\u00e9es par <a href=\"http:\/\/www.evelyneduverne.com\/\" target=\"_blank\" rel=\"noopener\">Evelyne Duverne<\/a> s\u00e9rigraphi\u00e9es \u00e0 la main.<\/li>\n<li data-section-id=\"hh9fye\" data-start=\"1021\" data-end=\"1064\">Deux couleurs pour distinguer les camps<\/li>\n<\/ul>\n<hr data-start=\"1066\" data-end=\"1069\" \/>\n<h3 data-section-id=\"1wy1z27\" data-start=\"1071\" data-end=\"1090\">&#x1f3af; Pour qui ?<\/h3>\n<p data-start=\"1091\" data-end=\"1213\">D\u00e8s 3 ans (avec un coup de main au d\u00e9but)<br data-start=\"1132\" data-end=\"1135\" \/>Parfait pour jouer <strong data-start=\"1154\" data-end=\"1211\">seul, \u00e0 deux\u2026 ou d\u00e9clencher une vraie bataille \u00e9pique<\/strong><\/p>\n<hr data-start=\"1215\" data-end=\"1218\" \/>\n<h3 data-section-id=\"4ulond\" data-start=\"1220\" data-end=\"1248\">&#x1f4a1; Pourquoi on l\u2019adore<\/h3>\n<p data-start=\"1250\" data-end=\"1395\">Parce que tout change quand il y en a deux.<br data-start=\"1293\" data-end=\"1296\" \/>On construit chacun la sienne\u2026 puis le jeu prend une autre dimension : d\u00e9fi, strat\u00e9gie, fous rires.<\/p>\n<p data-start=\"1397\" data-end=\"1453\">Et surtout :<br data-start=\"1409\" data-end=\"1412\" \/><strong data-start=\"1412\" data-end=\"1453\">on partage vraiment le moment de jeu.<\/strong><\/p>\n<hr data-start=\"1455\" data-end=\"1458\" \/>\n<h3 data-section-id=\"z0u5v9\" data-start=\"1460\" data-end=\"1482\">&#x1f33f; Les + produit<\/h3>\n<p data-start=\"1483\" data-end=\"1675\">Mat\u00e9riaux simples et robustes<br data-start=\"1512\" data-end=\"1515\" \/>Fabrication pens\u00e9e pour les petites mains<br data-start=\"1556\" data-end=\"1559\" \/>Deux catapultes = jeu imm\u00e9diat \u00e0 plusieurs<br data-start=\"1601\" data-end=\"1604\" \/>Univers graphique doux et immersif<br data-start=\"1638\" data-end=\"1641\" \/>Activit\u00e9 id\u00e9ale \u00e0 faire ensemble<\/p>\n<hr data-start=\"1677\" data-end=\"1680\" \/>\n<h3 data-section-id=\"1jrtx9d\" data-start=\"1682\" data-end=\"1735\">&#x1f680; Une fois mont\u00e9es\u2026 que la bataille commence !<\/h3>\n<p data-start=\"1737\" data-end=\"1799\">Choisis ton camp.<br data-start=\"1754\" data-end=\"1757\" \/>Positionne ta catapulte.<br data-start=\"1781\" data-end=\"1784\" \/>Ajuste ton tir\u2026<\/p>\n<p data-start=\"1801\" data-end=\"1817\">3\u2026 2\u2026 1\u2026 FEU !<\/p>\n<p data-start=\"1819\" data-end=\"1934\">Ch\u00e2teau \u00e0 d\u00e9fendre, duel entre archers ou comp\u00e9tition de pr\u00e9cision :<br data-start=\"1887\" data-end=\"1890\" \/>chaque partie devient une nouvelle histoire.<\/p>\n<hr data-start=\"1936\" data-end=\"1939\" \/>\n<h3 data-section-id=\"ki1zni\" data-start=\"1941\" data-end=\"1974\">&#x2694;&#xfe0f; Pr\u00eat \u00e0 relever le d\u00e9fi ?<\/h3>\n<p data-start=\"1976\" data-end=\"2029\" data-is-last-node=\"\" data-is-only-node=\"\">&#x1f449; Construire, partager, s\u2019affronter\u2026 et recommencer.<\/p>\n<\/div>\n<\/div>\n<\/div>\n<\/div>\n<\/div>\n<\/div>\n<\/section>\n<p data-start=\"1708\" data-end=\"1772\">\n<\/div>\n<div class=\"0-3-warning\"><img decoding=\"async\" class=\"wp-image-2112\" src=\"https:\/\/croctoys.com\/wp-content\/uploads\/2023\/09\/picto-0-3ans-150x150.png\" alt=\"Ne convient pas aux enfants de moins de 36 mois.\" width=\"100\" height=\"100\" srcset=\"https:\/\/croctoys.com\/wp-content\/uploads\/2023\/09\/picto-0-3ans-150x150.png 150w, https:\/\/croctoys.com\/wp-content\/uploads\/2023\/09\/picto-0-3ans-300x300.png 300w, https:\/\/croctoys.com\/wp-content\/uploads\/2023\/09\/picto-0-3ans-12x12.png 12w, https:\/\/croctoys.com\/wp-content\/uploads\/2023\/09\/picto-0-3ans-100x100.png 100w, https:\/\/croctoys.com\/wp-content\/uploads\/2023\/09\/picto-0-3ans.png 450w\" sizes=\"(max-width: 100px) 100vw, 100px\" \/><br \/>\nNe convient pas aux enfants de moins de 36 mois. Petits \u00e9l\u00e9ments. Danger d&rsquo;\u00e9touffement.<\/div>\n","protected":false},"excerpt":{"rendered":"<div class=\"ns4p8fja j83agx80 cbu4d94t a6sixzi8 bkfpd7mw a1xu1aao\" role=\"none\">\n<div class=\"aovydwv3 j83agx80 cbu4d94t d2edcug0 l9j0dhe7\">\n<div class=\"j83agx80 k4urcfbm\" role=\"none\">\n<div class=\"l60d2q6s d1544ag0 sj5x9vvc tw6a2znq l9j0dhe7 ni8dbmo4 stjgntxs e72ty7fz kdgqqoy6 ihh4hy1g qmr60zad jm1wdb64 qv66sw1b ljqsnud1 odn2s2vf tkr6xdv7\" role=\"none\">\n<div class=\"rq0escxv l9j0dhe7 du4w35lb __fb-light-mode\" role=\"none\">\n<div class=\"ljqsnud1 ii04i59q\" dir=\"auto\" role=\"none\">Dans cette boite deux engins de si\u00e8ges \u00e0 construire et deux personnages.<\/div>\n<div dir=\"auto\" role=\"none\"><\/div>\n<\/div>\n<div dir=\"auto\" role=\"none\">Built size : 10 x 4,8 x 5 cm<\/div>\n<\/div>\n<\/div>\n<\/div>\n<\/div>","protected":false},"featured_media":3233,"comment_status":"open","ping_status":"closed","template":"","meta":[],"product_brand":[],"product_cat":[55,52,51],"product_tag":[],"class_list":{"0":"post-3095","1":"product","2":"type-product","3":"status-publish","4":"has-post-thumbnail","6":"product_cat-diy-kit","7":"product_cat-engins-de-sieges-en-kit","8":"product_cat-univers-medieval","9":"product_shipping_class-bolide","11":"first","12":"instock","13":"taxable","14":"shipping-taxable","15":"purchasable","16":"product-type-simple"},"yoast_head":"<!-- This site is optimized with the Yoast SEO plugin v27.5 - https:\/\/yoast.com\/product\/yoast-seo-wordpress\/ -->\n<title>Les catapultes du royaume - activit\u00e9 d&#039;\u00e9veil - bricolage \\ fabrication artisanale et fran\u00e7aise<\/title>\n<meta name=\"description\" content=\"Jouet en bois en kit facile \u00e0 assembler. Super activit\u00e9 de transmission parent-enfant pour initier nos tout petits aux joies du bricolage.\" \/>\n<meta name=\"robots\" content=\"index, follow, max-snippet:-1, max-image-preview:large, max-video-preview:-1\" \/>\n<link rel=\"canonical\" href=\"https:\/\/croctoys.com\/en\/product\/duel-de-catapultes-et-archers\/\" \/>\n<meta property=\"og:locale\" content=\"en_GB\" \/>\n<meta property=\"og:type\" content=\"article\" \/>\n<meta property=\"og:title\" content=\"Les catapultes du royaume - activit\u00e9 d&#039;\u00e9veil - bricolage \\ fabrication artisanale et fran\u00e7aise\" \/>\n<meta property=\"og:description\" content=\"Jouet en bois en kit facile \u00e0 assembler. Super activit\u00e9 de transmission parent-enfant pour initier nos tout petits aux joies du bricolage.\" \/>\n<meta property=\"og:url\" content=\"https:\/\/croctoys.com\/en\/product\/duel-de-catapultes-et-archers\/\" \/>\n<meta property=\"og:site_name\" content=\"activit\u00e9 d&#039;\u00e9veil - bricolage \\ fabrication artisanale et fran\u00e7aise\" \/>\n<meta property=\"article:publisher\" content=\"https:\/\/www.facebook.com\/profile.php?id=100054730270822\" \/>\n<meta property=\"article:modified_time\" content=\"2026-04-21T11:05:01+00:00\" \/>\n<meta property=\"og:image\" content=\"https:\/\/croctoys.com\/wp-content\/uploads\/2026\/04\/catapulte_Duo_04-scaled.jpg\" \/>\n\t<meta property=\"og:image:width\" content=\"2560\" \/>\n\t<meta property=\"og:image:height\" content=\"2560\" \/>\n\t<meta property=\"og:image:type\" content=\"image\/jpeg\" \/>\n<meta name=\"twitter:card\" content=\"summary_large_image\" \/>\n<meta name=\"twitter:label1\" content=\"Estimated reading time\" \/>\n\t<meta name=\"twitter:data1\" content=\"2 minutes\" \/>\n<script type=\"application\/ld+json\" class=\"yoast-schema-graph\">{\"@context\":\"https:\\\/\\\/schema.org\",\"@graph\":[{\"@type\":\"WebPage\",\"@id\":\"https:\\\/\\\/croctoys.com\\\/produit\\\/duel-de-catapultes-et-archers\\\/\",\"url\":\"https:\\\/\\\/croctoys.com\\\/produit\\\/duel-de-catapultes-et-archers\\\/\",\"name\":\"Les catapultes du royaume - activit\u00e9 d&#039;\u00e9veil - bricolage \\\\ fabrication artisanale et fran\u00e7aise\",\"isPartOf\":{\"@id\":\"https:\\\/\\\/croctoys.com\\\/#website\"},\"primaryImageOfPage\":{\"@id\":\"https:\\\/\\\/croctoys.com\\\/produit\\\/duel-de-catapultes-et-archers\\\/#primaryimage\"},\"image\":{\"@id\":\"https:\\\/\\\/croctoys.com\\\/produit\\\/duel-de-catapultes-et-archers\\\/#primaryimage\"},\"thumbnailUrl\":\"https:\\\/\\\/croctoys.com\\\/wp-content\\\/uploads\\\/2026\\\/04\\\/catapulte_Duo_04-scaled.jpg\",\"datePublished\":\"2026-04-21T08:48:33+00:00\",\"dateModified\":\"2026-04-21T11:05:01+00:00\",\"description\":\"Jouet en bois en kit facile \u00e0 assembler. Super activit\u00e9 de transmission parent-enfant pour initier nos tout petits aux joies du bricolage.\",\"breadcrumb\":{\"@id\":\"https:\\\/\\\/croctoys.com\\\/produit\\\/duel-de-catapultes-et-archers\\\/#breadcrumb\"},\"inLanguage\":\"en-GB\",\"potentialAction\":[{\"@type\":\"ReadAction\",\"target\":[\"https:\\\/\\\/croctoys.com\\\/produit\\\/duel-de-catapultes-et-archers\\\/\"]}]},{\"@type\":\"ImageObject\",\"inLanguage\":\"en-GB\",\"@id\":\"https:\\\/\\\/croctoys.com\\\/produit\\\/duel-de-catapultes-et-archers\\\/#primaryimage\",\"url\":\"https:\\\/\\\/croctoys.com\\\/wp-content\\\/uploads\\\/2026\\\/04\\\/catapulte_Duo_04-scaled.jpg\",\"contentUrl\":\"https:\\\/\\\/croctoys.com\\\/wp-content\\\/uploads\\\/2026\\\/04\\\/catapulte_Duo_04-scaled.jpg\",\"width\":2560,\"height\":2560},{\"@type\":\"BreadcrumbList\",\"@id\":\"https:\\\/\\\/croctoys.com\\\/produit\\\/duel-de-catapultes-et-archers\\\/#breadcrumb\",\"itemListElement\":[{\"@type\":\"ListItem\",\"position\":1,\"name\":\"Accueil\",\"item\":\"https:\\\/\\\/croctoys.com\\\/\"},{\"@type\":\"ListItem\",\"position\":2,\"name\":\"Boutique\",\"item\":\"https:\\\/\\\/croctoys.com\\\/shop\\\/\"},{\"@type\":\"ListItem\",\"position\":3,\"name\":\"Les catapultes du royaume\"}]},{\"@type\":\"WebSite\",\"@id\":\"https:\\\/\\\/croctoys.com\\\/#website\",\"url\":\"https:\\\/\\\/croctoys.com\\\/\",\"name\":\"activit\u00e9 d'eveil - bricolage fabrication artisanale et fran\u00e7aise\",\"description\":\"Jouets en bois \u00e0 assembler\",\"publisher\":{\"@id\":\"https:\\\/\\\/croctoys.com\\\/#organization\"},\"potentialAction\":[{\"@type\":\"SearchAction\",\"target\":{\"@type\":\"EntryPoint\",\"urlTemplate\":\"https:\\\/\\\/croctoys.com\\\/?s={search_term_string}\"},\"query-input\":{\"@type\":\"PropertyValueSpecification\",\"valueRequired\":true,\"valueName\":\"search_term_string\"}}],\"inLanguage\":\"en-GB\"},{\"@type\":\"Organization\",\"@id\":\"https:\\\/\\\/croctoys.com\\\/#organization\",\"name\":\"Croc toys\",\"url\":\"https:\\\/\\\/croctoys.com\\\/\",\"logo\":{\"@type\":\"ImageObject\",\"inLanguage\":\"en-GB\",\"@id\":\"https:\\\/\\\/croctoys.com\\\/#\\\/schema\\\/logo\\\/image\\\/\",\"url\":\"https:\\\/\\\/croctoys.com\\\/wp-content\\\/uploads\\\/2023\\\/09\\\/logo@4x-fond-blanc.png\",\"contentUrl\":\"https:\\\/\\\/croctoys.com\\\/wp-content\\\/uploads\\\/2023\\\/09\\\/logo@4x-fond-blanc.png\",\"width\":1185,\"height\":1185,\"caption\":\"Croc toys\"},\"image\":{\"@id\":\"https:\\\/\\\/croctoys.com\\\/#\\\/schema\\\/logo\\\/image\\\/\"},\"sameAs\":[\"https:\\\/\\\/www.facebook.com\\\/profile.php?id=100054730270822\",\"https:\\\/\\\/www.instagram.com\\\/croctoys\"]}]}<\/script>\n<!-- \/ Yoast SEO plugin. -->","yoast_head_json":{"title":"Les catapultes du royaume - activit\u00e9 d&#039;\u00e9veil - bricolage \\ fabrication artisanale et fran\u00e7aise","description":"Jouet en bois en kit facile \u00e0 assembler. Super activit\u00e9 de transmission parent-enfant pour initier nos tout petits aux joies du bricolage.","robots":{"index":"index","follow":"follow","max-snippet":"max-snippet:-1","max-image-preview":"max-image-preview:large","max-video-preview":"max-video-preview:-1"},"canonical":"https:\/\/croctoys.com\/en\/product\/duel-de-catapultes-et-archers\/","og_locale":"en_GB","og_type":"article","og_title":"Les catapultes du royaume - activit\u00e9 d&#039;\u00e9veil - bricolage \\ fabrication artisanale et fran\u00e7aise","og_description":"Jouet en bois en kit facile \u00e0 assembler. Super activit\u00e9 de transmission parent-enfant pour initier nos tout petits aux joies du bricolage.","og_url":"https:\/\/croctoys.com\/en\/product\/duel-de-catapultes-et-archers\/","og_site_name":"activit\u00e9 d&#039;\u00e9veil - bricolage \\ fabrication artisanale et fran\u00e7aise","article_publisher":"https:\/\/www.facebook.com\/profile.php?id=100054730270822","article_modified_time":"2026-04-21T11:05:01+00:00","og_image":[{"width":2560,"height":2560,"url":"https:\/\/croctoys.com\/wp-content\/uploads\/2026\/04\/catapulte_Duo_04-scaled.jpg","type":"image\/jpeg"}],"twitter_card":"summary_large_image","twitter_misc":{"Estimated reading time":"2 minutes"},"schema":{"@context":"https:\/\/schema.org","@graph":[{"@type":"WebPage","@id":"https:\/\/croctoys.com\/produit\/duel-de-catapultes-et-archers\/","url":"https:\/\/croctoys.com\/produit\/duel-de-catapultes-et-archers\/","name":"Les catapultes du royaume - activit\u00e9 d&#039;\u00e9veil - bricolage \\ fabrication artisanale et fran\u00e7aise","isPartOf":{"@id":"https:\/\/croctoys.com\/#website"},"primaryImageOfPage":{"@id":"https:\/\/croctoys.com\/produit\/duel-de-catapultes-et-archers\/#primaryimage"},"image":{"@id":"https:\/\/croctoys.com\/produit\/duel-de-catapultes-et-archers\/#primaryimage"},"thumbnailUrl":"https:\/\/croctoys.com\/wp-content\/uploads\/2026\/04\/catapulte_Duo_04-scaled.jpg","datePublished":"2026-04-21T08:48:33+00:00","dateModified":"2026-04-21T11:05:01+00:00","description":"Jouet en bois en kit facile \u00e0 assembler. Super activit\u00e9 de transmission parent-enfant pour initier nos tout petits aux joies du bricolage.","breadcrumb":{"@id":"https:\/\/croctoys.com\/produit\/duel-de-catapultes-et-archers\/#breadcrumb"},"inLanguage":"en-GB","potentialAction":[{"@type":"ReadAction","target":["https:\/\/croctoys.com\/produit\/duel-de-catapultes-et-archers\/"]}]},{"@type":"ImageObject","inLanguage":"en-GB","@id":"https:\/\/croctoys.com\/produit\/duel-de-catapultes-et-archers\/#primaryimage","url":"https:\/\/croctoys.com\/wp-content\/uploads\/2026\/04\/catapulte_Duo_04-scaled.jpg","contentUrl":"https:\/\/croctoys.com\/wp-content\/uploads\/2026\/04\/catapulte_Duo_04-scaled.jpg","width":2560,"height":2560},{"@type":"BreadcrumbList","@id":"https:\/\/croctoys.com\/produit\/duel-de-catapultes-et-archers\/#breadcrumb","itemListElement":[{"@type":"ListItem","position":1,"name":"Accueil","item":"https:\/\/croctoys.com\/"},{"@type":"ListItem","position":2,"name":"Boutique","item":"https:\/\/croctoys.com\/shop\/"},{"@type":"ListItem","position":3,"name":"Les catapultes du royaume"}]},{"@type":"WebSite","@id":"https:\/\/croctoys.com\/#website","url":"https:\/\/croctoys.com\/","name":"activit\u00e9 d'eveil - bricolage fabrication artisanale et fran\u00e7aise","description":"Wooden toys to craft","publisher":{"@id":"https:\/\/croctoys.com\/#organization"},"potentialAction":[{"@type":"SearchAction","target":{"@type":"EntryPoint","urlTemplate":"https:\/\/croctoys.com\/?s={search_term_string}"},"query-input":{"@type":"PropertyValueSpecification","valueRequired":true,"valueName":"search_term_string"}}],"inLanguage":"en-GB"},{"@type":"Organization","@id":"https:\/\/croctoys.com\/#organization","name":"Croc toys","url":"https:\/\/croctoys.com\/","logo":{"@type":"ImageObject","inLanguage":"en-GB","@id":"https:\/\/croctoys.com\/#\/schema\/logo\/image\/","url":"https:\/\/croctoys.com\/wp-content\/uploads\/2023\/09\/logo@4x-fond-blanc.png","contentUrl":"https:\/\/croctoys.com\/wp-content\/uploads\/2023\/09\/logo@4x-fond-blanc.png","width":1185,"height":1185,"caption":"Croc toys"},"image":{"@id":"https:\/\/croctoys.com\/#\/schema\/logo\/image\/"},"sameAs":["https:\/\/www.facebook.com\/profile.php?id=100054730270822","https:\/\/www.instagram.com\/croctoys"]}]}},"jetpack_sharing_enabled":true,"_links":{"self":[{"href":"https:\/\/croctoys.com\/en\/wp-json\/wp\/v2\/product\/3095","targetHints":{"allow":["GET"]}}],"collection":[{"href":"https:\/\/croctoys.com\/en\/wp-json\/wp\/v2\/product"}],"about":[{"href":"https:\/\/croctoys.com\/en\/wp-json\/wp\/v2\/types\/product"}],"replies":[{"embeddable":true,"href":"https:\/\/croctoys.com\/en\/wp-json\/wp\/v2\/comments?post=3095"}],"wp:featuredmedia":[{"embeddable":true,"href":"https:\/\/croctoys.com\/en\/wp-json\/wp\/v2\/media\/3233"}],"wp:attachment":[{"href":"https:\/\/croctoys.com\/en\/wp-json\/wp\/v2\/media?parent=3095"}],"wp:term":[{"taxonomy":"product_brand","embeddable":true,"href":"https:\/\/croctoys.com\/en\/wp-json\/wp\/v2\/product_brand?post=3095"},{"taxonomy":"product_cat","embeddable":true,"href":"https:\/\/croctoys.com\/en\/wp-json\/wp\/v2\/product_cat?post=3095"},{"taxonomy":"product_tag","embeddable":true,"href":"https:\/\/croctoys.com\/en\/wp-json\/wp\/v2\/product_tag?post=3095"}],"curies":[{"name":"wp","href":"https:\/\/api.w.org\/{rel}","templated":true}]}}