{"id":3099,"date":"2026-04-21T09:48:33","date_gmt":"2026-04-21T08:48:33","guid":{"rendered":"https:\/\/croctoys.com\/?post_type=product&#038;p=3099"},"modified":"2026-04-21T12:07:02","modified_gmt":"2026-04-21T11:07:02","slug":"lot-de-personnages","status":"publish","type":"product","link":"https:\/\/croctoys.com\/en\/product\/lot-de-personnages\/","title":{"rendered":"Lot de 13 figurines \u2013 Les h\u00e9ros du royaume"},"content":{"rendered":"<div class=\"ljqsnud1 ii04i59q\" dir=\"auto\" role=\"none\">\n<div class=\"rq0escxv l9j0dhe7 du4w35lb __fb-light-mode\" role=\"none\">\n<div class=\"ljqsnud1 ii04i59q\" dir=\"auto\" role=\"none\">\n<h2 data-section-id=\"176dafi\" data-start=\"73\" data-end=\"118\">&#x1f451; Lot de figurines \u2013 Les h\u00e9ros du royaume<\/h2>\n<p data-start=\"120\" data-end=\"220\">Un univers entier \u00e0 port\u00e9e de main\u2026<br data-start=\"155\" data-end=\"158\" \/>Des figurines illustr\u00e9es pour inventer des histoires sans fin.<\/p>\n<hr data-start=\"222\" data-end=\"225\" \/>\n<h3 data-section-id=\"eycyhg\" data-start=\"227\" data-end=\"249\">&#x1f9e0; Les b\u00e9n\u00e9fices<\/h3>\n<p data-start=\"250\" data-end=\"449\">D\u00e9veloppe l\u2019imagination et le storytelling<br data-start=\"292\" data-end=\"295\" \/>Encourage le jeu libre et la cr\u00e9ativit\u00e9<br data-start=\"334\" data-end=\"337\" \/>Stimule le langage et l\u2019invention d\u2019histoires<br data-start=\"382\" data-end=\"385\" \/>Compl\u00e8te parfaitement les univers de jeu (ch\u00e2teau, catapulte\u2026)<\/p>\n<hr data-start=\"451\" data-end=\"454\" \/>\n<h3 data-section-id=\"1cftb0y\" data-start=\"456\" data-end=\"479\">&#x1f4e6; Contenu du kit<\/h3>\n<p data-start=\"481\" data-end=\"530\">Un casting complet pour donner vie au royaume :<\/p>\n<ul data-start=\"532\" data-end=\"831\">\n<li data-section-id=\"ritrk3\" data-start=\"532\" data-end=\"569\">Arthur, le roi et son chat Pachat<\/li>\n<li data-section-id=\"1hkxr34\" data-start=\"570\" data-end=\"617\">Elisabeth, la reine et Bubble sa grenouille<\/li>\n<li data-section-id=\"12skkq2\" data-start=\"618\" data-end=\"650\">Une cavali\u00e8re sur son cheval<\/li>\n<li data-section-id=\"p1dnrr\" data-start=\"651\" data-end=\"689\">Un cavalier et son fid\u00e8le destrier<\/li>\n<li data-section-id=\"4vnzvh\" data-start=\"690\" data-end=\"708\">Une herboriste<\/li>\n<li data-section-id=\"14b8w5p\" data-start=\"709\" data-end=\"723\">Un lancier<\/li>\n<li data-section-id=\"1widr2l\" data-start=\"724\" data-end=\"739\">Une \u00e9p\u00e9iste<\/li>\n<li data-section-id=\"1sxwmak\" data-start=\"740\" data-end=\"753\">Un archer<\/li>\n<li data-section-id=\"1268bak\" data-start=\"754\" data-end=\"794\">Roger, le berger et ses deux moutons<\/li>\n<li data-section-id=\"u8rk5v\" data-start=\"795\" data-end=\"812\">Un fauconnier<\/li>\n<li data-section-id=\"18c1me6\" data-start=\"813\" data-end=\"831\">Une magicienne<\/li>\n<\/ul>\n<p data-start=\"833\" data-end=\"906\">Toutes les figurines sont <strong data-start=\"859\" data-end=\"905\">illustr\u00e9es avec po\u00e9sie par <a href=\"http:\/\/www.evelyneduverne.com\/\" target=\"_blank\" rel=\"noopener\">Evelyne Duverne<\/a><\/strong>.<\/p>\n<hr data-start=\"908\" data-end=\"911\" \/>\n<h3 data-section-id=\"1wy1z27\" data-start=\"913\" data-end=\"932\">&#x1f3af; Pour qui ?<\/h3>\n<p data-start=\"933\" data-end=\"1040\">D\u00e8s 3 ans<br data-start=\"942\" data-end=\"945\" \/>Parfait pour les enfants qui aiment inventer, raconter et faire vivre leurs propres aventures<\/p>\n<hr data-start=\"1042\" data-end=\"1045\" \/>\n<h3 data-section-id=\"4ulond\" data-start=\"1047\" data-end=\"1075\">&#x1f4a1; Pourquoi on l\u2019adore<\/h3>\n<p data-start=\"1077\" data-end=\"1196\">Parce que chaque figurine est une porte d\u2019entr\u00e9e vers une histoire.<br data-start=\"1144\" data-end=\"1147\" \/>Un simple personnage\u2026 et tout un monde prend vie.<\/p>\n<hr data-start=\"1198\" data-end=\"1201\" \/>\n<h3 data-section-id=\"z0u5v9\" data-start=\"1203\" data-end=\"1225\">&#x1f33f; Les + produit<\/h3>\n<p data-start=\"1226\" data-end=\"1403\">Illustrations originales et pleines de charme<br data-start=\"1271\" data-end=\"1274\" \/>Personnages vari\u00e9s pour enrichir le jeu<br data-start=\"1313\" data-end=\"1316\" \/>Faciles \u00e0 manipuler par les petites mains<br data-start=\"1357\" data-end=\"1360\" \/>Id\u00e9al seul ou en compl\u00e9ment d\u2019autres kits<\/p>\n<hr data-start=\"1405\" data-end=\"1408\" \/>\n<h3 data-section-id=\"2d1nak\" data-start=\"1410\" data-end=\"1442\">&#x1f680; Place \u00e0 l\u2019imagination !<\/h3>\n<p data-start=\"1444\" data-end=\"1544\">Qui prot\u00e9gera le royaume ?<br data-start=\"1470\" data-end=\"1473\" \/>Qui pr\u00e9parera les potions ?<br data-start=\"1500\" data-end=\"1503\" \/>Et quelle aventure attend aujourd\u2019hui ?<\/p>\n<p data-start=\"1546\" data-end=\"1583\">Ici, tout commence avec une histoire\u2026<\/p>\n<hr data-start=\"1585\" data-end=\"1588\" \/>\n<h3 data-section-id=\"1sfv7d4\" data-start=\"1590\" data-end=\"1625\">&#x2694;&#xfe0f; Pr\u00eat \u00e0 cr\u00e9er ton royaume ?<\/h3>\n<p data-start=\"1627\" data-end=\"1675\">&#x1f449; Collectionner, inventer, r\u00eaver\u2026 \u00e0 l\u2019infini.<\/p>\n<\/div>\n<\/div>\n<\/div>\n<div class=\"0-3-warning\"><img decoding=\"async\" class=\"wp-image-2112\" src=\"https:\/\/croctoys.com\/wp-content\/uploads\/2023\/09\/picto-0-3ans-150x150.png\" alt=\"Ne convient pas aux enfants de moins de 36 mois.\" width=\"100\" height=\"100\" srcset=\"https:\/\/croctoys.com\/wp-content\/uploads\/2023\/09\/picto-0-3ans-150x150.png 150w, https:\/\/croctoys.com\/wp-content\/uploads\/2023\/09\/picto-0-3ans-300x300.png 300w, https:\/\/croctoys.com\/wp-content\/uploads\/2023\/09\/picto-0-3ans-12x12.png 12w, https:\/\/croctoys.com\/wp-content\/uploads\/2023\/09\/picto-0-3ans-100x100.png 100w, https:\/\/croctoys.com\/wp-content\/uploads\/2023\/09\/picto-0-3ans.png 450w\" sizes=\"(max-width: 100px) 100vw, 100px\" \/><br \/>\nNot suitable for children under 36 month. Choking hazard.<\/div>","protected":false},"excerpt":{"rendered":"<p>&#x1f451; Lot de figurines \u2013 Les h\u00e9ros du royaume Un univers entier \u00e0 port\u00e9e de main\u2026Des figurines illustr\u00e9es pour inventer des histoires sans fin. &#x1f9e0; Les b\u00e9n\u00e9fices D\u00e9veloppe l\u2019imagination et le storytellingEncourage le jeu libre et la cr\u00e9ativit\u00e9Stimule le langage et l\u2019invention d\u2019histoiresCompl\u00e8te parfaitement les univers de jeu (ch\u00e2teau, catapulte\u2026) &#x1f4e6; Contenu du kit Un [&hellip;]<\/p>\n","protected":false},"featured_media":3196,"comment_status":"open","ping_status":"closed","template":"","meta":[],"product_brand":[],"product_cat":[53,51],"product_tag":[],"class_list":{"0":"post-3099","1":"product","2":"type-product","3":"status-publish","4":"has-post-thumbnail","6":"product_cat-personnages","7":"product_cat-univers-medieval","8":"product_shipping_class-bolide","10":"first","11":"instock","12":"taxable","13":"shipping-taxable","14":"purchasable","15":"product-type-simple"},"yoast_head":"<!-- This site is optimized with the Yoast SEO plugin v27.5 - https:\/\/yoast.com\/product\/yoast-seo-wordpress\/ -->\n<title>Lot de 13 figurines \u2013 Les h\u00e9ros du royaume - activit\u00e9 d&#039;\u00e9veil - bricolage \\ fabrication artisanale et fran\u00e7aise<\/title>\n<meta name=\"description\" content=\"Jouet en bois en kit facile \u00e0 assembler. Super activit\u00e9 de transmission parent-enfant pour initier nos tout petits aux joies du bricolage.\" \/>\n<meta name=\"robots\" content=\"index, follow, max-snippet:-1, max-image-preview:large, max-video-preview:-1\" \/>\n<link rel=\"canonical\" href=\"https:\/\/croctoys.com\/en\/product\/lot-de-personnages\/\" \/>\n<meta property=\"og:locale\" content=\"en_GB\" \/>\n<meta property=\"og:type\" content=\"article\" \/>\n<meta property=\"og:title\" content=\"Lot de 13 figurines \u2013 Les h\u00e9ros du royaume - activit\u00e9 d&#039;\u00e9veil - bricolage \\ fabrication artisanale et fran\u00e7aise\" \/>\n<meta property=\"og:description\" content=\"Jouet en bois en kit facile \u00e0 assembler. Super activit\u00e9 de transmission parent-enfant pour initier nos tout petits aux joies du bricolage.\" \/>\n<meta property=\"og:url\" content=\"https:\/\/croctoys.com\/en\/product\/lot-de-personnages\/\" \/>\n<meta property=\"og:site_name\" content=\"activit\u00e9 d&#039;\u00e9veil - bricolage \\ fabrication artisanale et fran\u00e7aise\" \/>\n<meta property=\"article:publisher\" content=\"https:\/\/www.facebook.com\/profile.php?id=100054730270822\" \/>\n<meta property=\"article:modified_time\" content=\"2026-04-21T11:07:02+00:00\" \/>\n<meta property=\"og:image\" content=\"https:\/\/croctoys.com\/wp-content\/uploads\/2026\/04\/IMG_0322-Copie-scaled.jpg\" \/>\n\t<meta property=\"og:image:width\" content=\"2560\" \/>\n\t<meta property=\"og:image:height\" content=\"2560\" \/>\n\t<meta property=\"og:image:type\" content=\"image\/jpeg\" \/>\n<meta name=\"twitter:card\" content=\"summary_large_image\" \/>\n<meta name=\"twitter:label1\" content=\"Estimated reading time\" \/>\n\t<meta name=\"twitter:data1\" content=\"2 minutes\" \/>\n<script type=\"application\/ld+json\" class=\"yoast-schema-graph\">{\"@context\":\"https:\\\/\\\/schema.org\",\"@graph\":[{\"@type\":\"WebPage\",\"@id\":\"https:\\\/\\\/croctoys.com\\\/produit\\\/lot-de-personnages\\\/\",\"url\":\"https:\\\/\\\/croctoys.com\\\/produit\\\/lot-de-personnages\\\/\",\"name\":\"Lot de 13 figurines \u2013 Les h\u00e9ros du royaume - activit\u00e9 d&#039;\u00e9veil - bricolage \\\\ fabrication artisanale et fran\u00e7aise\",\"isPartOf\":{\"@id\":\"https:\\\/\\\/croctoys.com\\\/#website\"},\"primaryImageOfPage\":{\"@id\":\"https:\\\/\\\/croctoys.com\\\/produit\\\/lot-de-personnages\\\/#primaryimage\"},\"image\":{\"@id\":\"https:\\\/\\\/croctoys.com\\\/produit\\\/lot-de-personnages\\\/#primaryimage\"},\"thumbnailUrl\":\"https:\\\/\\\/croctoys.com\\\/wp-content\\\/uploads\\\/2026\\\/04\\\/IMG_0322-Copie-scaled.jpg\",\"datePublished\":\"2026-04-21T08:48:33+00:00\",\"dateModified\":\"2026-04-21T11:07:02+00:00\",\"description\":\"Jouet en bois en kit facile \u00e0 assembler. Super activit\u00e9 de transmission parent-enfant pour initier nos tout petits aux joies du bricolage.\",\"breadcrumb\":{\"@id\":\"https:\\\/\\\/croctoys.com\\\/produit\\\/lot-de-personnages\\\/#breadcrumb\"},\"inLanguage\":\"en-GB\",\"potentialAction\":[{\"@type\":\"ReadAction\",\"target\":[\"https:\\\/\\\/croctoys.com\\\/produit\\\/lot-de-personnages\\\/\"]}]},{\"@type\":\"ImageObject\",\"inLanguage\":\"en-GB\",\"@id\":\"https:\\\/\\\/croctoys.com\\\/produit\\\/lot-de-personnages\\\/#primaryimage\",\"url\":\"https:\\\/\\\/croctoys.com\\\/wp-content\\\/uploads\\\/2026\\\/04\\\/IMG_0322-Copie-scaled.jpg\",\"contentUrl\":\"https:\\\/\\\/croctoys.com\\\/wp-content\\\/uploads\\\/2026\\\/04\\\/IMG_0322-Copie-scaled.jpg\",\"width\":2560,\"height\":2560},{\"@type\":\"BreadcrumbList\",\"@id\":\"https:\\\/\\\/croctoys.com\\\/produit\\\/lot-de-personnages\\\/#breadcrumb\",\"itemListElement\":[{\"@type\":\"ListItem\",\"position\":1,\"name\":\"Accueil\",\"item\":\"https:\\\/\\\/croctoys.com\\\/\"},{\"@type\":\"ListItem\",\"position\":2,\"name\":\"Boutique\",\"item\":\"https:\\\/\\\/croctoys.com\\\/shop\\\/\"},{\"@type\":\"ListItem\",\"position\":3,\"name\":\"Lot de 13 figurines \u2013 Les h\u00e9ros du royaume\"}]},{\"@type\":\"WebSite\",\"@id\":\"https:\\\/\\\/croctoys.com\\\/#website\",\"url\":\"https:\\\/\\\/croctoys.com\\\/\",\"name\":\"activit\u00e9 d'eveil - bricolage fabrication artisanale et fran\u00e7aise\",\"description\":\"Jouets en bois \u00e0 assembler\",\"publisher\":{\"@id\":\"https:\\\/\\\/croctoys.com\\\/#organization\"},\"potentialAction\":[{\"@type\":\"SearchAction\",\"target\":{\"@type\":\"EntryPoint\",\"urlTemplate\":\"https:\\\/\\\/croctoys.com\\\/?s={search_term_string}\"},\"query-input\":{\"@type\":\"PropertyValueSpecification\",\"valueRequired\":true,\"valueName\":\"search_term_string\"}}],\"inLanguage\":\"en-GB\"},{\"@type\":\"Organization\",\"@id\":\"https:\\\/\\\/croctoys.com\\\/#organization\",\"name\":\"Croc toys\",\"url\":\"https:\\\/\\\/croctoys.com\\\/\",\"logo\":{\"@type\":\"ImageObject\",\"inLanguage\":\"en-GB\",\"@id\":\"https:\\\/\\\/croctoys.com\\\/#\\\/schema\\\/logo\\\/image\\\/\",\"url\":\"https:\\\/\\\/croctoys.com\\\/wp-content\\\/uploads\\\/2023\\\/09\\\/logo@4x-fond-blanc.png\",\"contentUrl\":\"https:\\\/\\\/croctoys.com\\\/wp-content\\\/uploads\\\/2023\\\/09\\\/logo@4x-fond-blanc.png\",\"width\":1185,\"height\":1185,\"caption\":\"Croc toys\"},\"image\":{\"@id\":\"https:\\\/\\\/croctoys.com\\\/#\\\/schema\\\/logo\\\/image\\\/\"},\"sameAs\":[\"https:\\\/\\\/www.facebook.com\\\/profile.php?id=100054730270822\",\"https:\\\/\\\/www.instagram.com\\\/croctoys\"]}]}<\/script>\n<!-- \/ Yoast SEO plugin. -->","yoast_head_json":{"title":"Lot de 13 figurines \u2013 Les h\u00e9ros du royaume - activit\u00e9 d&#039;\u00e9veil - bricolage \\ fabrication artisanale et fran\u00e7aise","description":"Jouet en bois en kit facile \u00e0 assembler. Super activit\u00e9 de transmission parent-enfant pour initier nos tout petits aux joies du bricolage.","robots":{"index":"index","follow":"follow","max-snippet":"max-snippet:-1","max-image-preview":"max-image-preview:large","max-video-preview":"max-video-preview:-1"},"canonical":"https:\/\/croctoys.com\/en\/product\/lot-de-personnages\/","og_locale":"en_GB","og_type":"article","og_title":"Lot de 13 figurines \u2013 Les h\u00e9ros du royaume - activit\u00e9 d&#039;\u00e9veil - bricolage \\ fabrication artisanale et fran\u00e7aise","og_description":"Jouet en bois en kit facile \u00e0 assembler. Super activit\u00e9 de transmission parent-enfant pour initier nos tout petits aux joies du bricolage.","og_url":"https:\/\/croctoys.com\/en\/product\/lot-de-personnages\/","og_site_name":"activit\u00e9 d&#039;\u00e9veil - bricolage \\ fabrication artisanale et fran\u00e7aise","article_publisher":"https:\/\/www.facebook.com\/profile.php?id=100054730270822","article_modified_time":"2026-04-21T11:07:02+00:00","og_image":[{"width":2560,"height":2560,"url":"https:\/\/croctoys.com\/wp-content\/uploads\/2026\/04\/IMG_0322-Copie-scaled.jpg","type":"image\/jpeg"}],"twitter_card":"summary_large_image","twitter_misc":{"Estimated reading time":"2 minutes"},"schema":{"@context":"https:\/\/schema.org","@graph":[{"@type":"WebPage","@id":"https:\/\/croctoys.com\/produit\/lot-de-personnages\/","url":"https:\/\/croctoys.com\/produit\/lot-de-personnages\/","name":"Lot de 13 figurines \u2013 Les h\u00e9ros du royaume - activit\u00e9 d&#039;\u00e9veil - bricolage \\ fabrication artisanale et fran\u00e7aise","isPartOf":{"@id":"https:\/\/croctoys.com\/#website"},"primaryImageOfPage":{"@id":"https:\/\/croctoys.com\/produit\/lot-de-personnages\/#primaryimage"},"image":{"@id":"https:\/\/croctoys.com\/produit\/lot-de-personnages\/#primaryimage"},"thumbnailUrl":"https:\/\/croctoys.com\/wp-content\/uploads\/2026\/04\/IMG_0322-Copie-scaled.jpg","datePublished":"2026-04-21T08:48:33+00:00","dateModified":"2026-04-21T11:07:02+00:00","description":"Jouet en bois en kit facile \u00e0 assembler. Super activit\u00e9 de transmission parent-enfant pour initier nos tout petits aux joies du bricolage.","breadcrumb":{"@id":"https:\/\/croctoys.com\/produit\/lot-de-personnages\/#breadcrumb"},"inLanguage":"en-GB","potentialAction":[{"@type":"ReadAction","target":["https:\/\/croctoys.com\/produit\/lot-de-personnages\/"]}]},{"@type":"ImageObject","inLanguage":"en-GB","@id":"https:\/\/croctoys.com\/produit\/lot-de-personnages\/#primaryimage","url":"https:\/\/croctoys.com\/wp-content\/uploads\/2026\/04\/IMG_0322-Copie-scaled.jpg","contentUrl":"https:\/\/croctoys.com\/wp-content\/uploads\/2026\/04\/IMG_0322-Copie-scaled.jpg","width":2560,"height":2560},{"@type":"BreadcrumbList","@id":"https:\/\/croctoys.com\/produit\/lot-de-personnages\/#breadcrumb","itemListElement":[{"@type":"ListItem","position":1,"name":"Accueil","item":"https:\/\/croctoys.com\/"},{"@type":"ListItem","position":2,"name":"Boutique","item":"https:\/\/croctoys.com\/shop\/"},{"@type":"ListItem","position":3,"name":"Lot de 13 figurines \u2013 Les h\u00e9ros du royaume"}]},{"@type":"WebSite","@id":"https:\/\/croctoys.com\/#website","url":"https:\/\/croctoys.com\/","name":"activit\u00e9 d'eveil - bricolage fabrication artisanale et fran\u00e7aise","description":"Wooden toys to craft","publisher":{"@id":"https:\/\/croctoys.com\/#organization"},"potentialAction":[{"@type":"SearchAction","target":{"@type":"EntryPoint","urlTemplate":"https:\/\/croctoys.com\/?s={search_term_string}"},"query-input":{"@type":"PropertyValueSpecification","valueRequired":true,"valueName":"search_term_string"}}],"inLanguage":"en-GB"},{"@type":"Organization","@id":"https:\/\/croctoys.com\/#organization","name":"Croc toys","url":"https:\/\/croctoys.com\/","logo":{"@type":"ImageObject","inLanguage":"en-GB","@id":"https:\/\/croctoys.com\/#\/schema\/logo\/image\/","url":"https:\/\/croctoys.com\/wp-content\/uploads\/2023\/09\/logo@4x-fond-blanc.png","contentUrl":"https:\/\/croctoys.com\/wp-content\/uploads\/2023\/09\/logo@4x-fond-blanc.png","width":1185,"height":1185,"caption":"Croc toys"},"image":{"@id":"https:\/\/croctoys.com\/#\/schema\/logo\/image\/"},"sameAs":["https:\/\/www.facebook.com\/profile.php?id=100054730270822","https:\/\/www.instagram.com\/croctoys"]}]}},"jetpack_sharing_enabled":true,"_links":{"self":[{"href":"https:\/\/croctoys.com\/en\/wp-json\/wp\/v2\/product\/3099","targetHints":{"allow":["GET"]}}],"collection":[{"href":"https:\/\/croctoys.com\/en\/wp-json\/wp\/v2\/product"}],"about":[{"href":"https:\/\/croctoys.com\/en\/wp-json\/wp\/v2\/types\/product"}],"replies":[{"embeddable":true,"href":"https:\/\/croctoys.com\/en\/wp-json\/wp\/v2\/comments?post=3099"}],"wp:featuredmedia":[{"embeddable":true,"href":"https:\/\/croctoys.com\/en\/wp-json\/wp\/v2\/media\/3196"}],"wp:attachment":[{"href":"https:\/\/croctoys.com\/en\/wp-json\/wp\/v2\/media?parent=3099"}],"wp:term":[{"taxonomy":"product_brand","embeddable":true,"href":"https:\/\/croctoys.com\/en\/wp-json\/wp\/v2\/product_brand?post=3099"},{"taxonomy":"product_cat","embeddable":true,"href":"https:\/\/croctoys.com\/en\/wp-json\/wp\/v2\/product_cat?post=3099"},{"taxonomy":"product_tag","embeddable":true,"href":"https:\/\/croctoys.com\/en\/wp-json\/wp\/v2\/product_tag?post=3099"}],"curies":[{"name":"wp","href":"https:\/\/api.w.org\/{rel}","templated":true}]}}